{"id":426045,"date":"2026-02-13T09:34:07","date_gmt":"2026-02-13T08:34:07","guid":{"rendered":"https:\/\/ab-marineservice.com\/product\/bilgepumpenschalter-kontaktlos-wasserstandsensor\/"},"modified":"2026-02-23T13:43:39","modified_gmt":"2026-02-23T12:43:39","slug":"bilgepumpenschalter-kontaktlos-wasserstandsensor","status":"publish","type":"product","link":"https:\/\/ab-marineservice.com\/de\/produkt\/bilgepumpenschalter-kontaktlos-wasserstandsensor\/","title":{"rendered":"Bilgepumpenschalter &#8211; kontaktlos &#8211; Wasserstandsensor"},"content":{"rendered":"<p>Dank des Solid-State-Designs ohne bewegliche Teile oder freiliegende Sensoren ist dieser Bilgeschalter \u00e4u\u00dferst zuverl\u00e4ssig und korrosionsbest\u00e4ndig. Die integrierte 3-Sekunden-Verz\u00f6gerung verhindert unerw\u00fcnschtes Einschalten durch schwapptes Wasser und sorgt so f\u00fcr einen stabilen Betrieb unter allen Bedingungen.<\/p>\n<p>Elektrische Feld Bilgepumpenschalter Wasserstandsensor \/ Wasserstandsschalter<\/p>\n<p><strong>Spezifikationen<\/strong><br \/>\nSpannung: 12V \/ 24V<br \/>\nStromst\u00e4rke: 20A \/ 10A<br \/>\nDrahtdicke: 16 AWG<br \/>\nKabell\u00e4nge: 1000 mm<\/p>\n<p><strong>Beschreibung<\/strong><br \/>\nDer SEAFLO elektrische Feld Bilgeschalter automatisiert und optimiert den Betrieb Ihrer elektrischen Bilgepumpe vollst\u00e4ndig. Bilgewasser wird sicher abgepumpt, auch wenn niemand an Bord ist. Sobald das Bilgewasser das elektrische Feld st\u00f6rt, wird die Pumpe automatisch aktiviert und schaltet sich ab, sobald der Wasserstand auf ein sicheres Niveau gesenkt ist. SEAFLO-Schalter, Verteiler und Rohranschl\u00fcsse werden nach hohen Qualit\u00e4tsstandards entwickelt und hergestellt. In Kombination mit einer SEAFLO-Bilgepumpe sorgen diese Zubeh\u00f6rteile f\u00fcr zus\u00e4tzliche Zuverl\u00e4ssigkeit und Haltbarkeit.<\/p>\n<p><strong>Merkmale &amp; Vorteile<\/strong><\/p>\n<ul>\n<li>Ideal f\u00fcr den Einsatz mit elektrischen Bilgepumpen<\/li>\n<li>Geeignet f\u00fcr Pumpen bis 20A bei 12V oder 10A bei 24V<\/li>\n<li>Keine freiliegenden Sensoren, kein Korrosionsrisiko<\/li>\n<li>Keine beweglichen Teile; vollst\u00e4ndig versiegelte Solid-State-Elektronik und Feldsensoren<\/li>\n<li>Aktivierungsniveau: 41 mm Fl\u00fcssigkeitsh\u00f6he<\/li>\n<li>Deaktivierungsniveau: 9,5 mm Fl\u00fcssigkeitsh\u00f6he<\/li>\n<li>3-Sekunden-Verz\u00f6gerung verhindert Fehlstarts durch schwapptes Wasser<\/li>\n<li>Einfache Montage auf horizontalen oder vertikalen Oberfl\u00e4chen (z. B. Schott oder Rumpf)<\/li>\n<\/ul>\n","protected":false},"excerpt":{"rendered":"<p data-start=\"373\" data-end=\"781\">Der <strong data-start=\"416\" data-end=\"455\">SEAFLO elektrische Bilgeschalter<\/strong> ist ein intelligenter Wasserstandsensor, der Ihre elektrische Bilgepumpe vollst\u00e4ndig automatisch steuert. Sobald das Bilgewasser das elektrische Feld-Detektionssystem aktiviert, startet die Pumpe sofort. Wenn der Wasserstand wieder sicher ist, schaltet sich die Pumpe automatisch ab. So bleibt Ihre Bilge trocken, auch wenn niemand an Bord ist.<\/p>\n<p data-start=\"1096\" data-end=\"1306\"><strong>Spezifikationen<\/strong><br \/>\nSpannung: 12V \/ 24V<br \/>\nStromst\u00e4rke: 20A \/ 10A<\/p>\n<p data-start=\"1096\" data-end=\"1306\"><a href=\"https:\/\/ab-marineservice.com\/wp-content\/uploads\/2026\/02\/Handleiding-Bilgepomp-schakelaar-waterniveausensor-schakelaar.pdf\">Handbuch Bilgepumpenschalter Wasserstandsensor Schalter<\/a><\/p>\n","protected":false},"featured_media":424628,"comment_status":"open","ping_status":"closed","template":"","meta":[],"location":[4275,4276],"product_brand":[27429],"product_cat":[1310,27404,1311],"product_tag":[],"class_list":{"0":"post-426045","1":"product","2":"type-product","3":"status-publish","4":"has-post-thumbnail","6":"location-aes-emmeloord","7":"location-aes-lemmer","8":"product_brand-seaflo","9":"product_cat-kuhlungsteile","10":"product_cat-seaflo","11":"product_cat-bilgepumpen","12":"product_shipping_class-paket-0-10-kg","14":"first","15":"instock","16":"sale","17":"taxable","18":"shipping-taxable","19":"purchasable","20":"product-type-simple"},"group_of_quantity":0,"min_quantity":0,"max_quantity":"","exclude_order_quantity_value_rules":"no","exclude_category_quantity_rules":"no","combine_variations":"no","locations":[{"id":4275,"name":"AES Emmeloord","slug":"aes-emmeloord","quantity":""},{"id":4276,"name":"AES Lemmer","slug":"aes-lemmer","quantity":""}],"_links":{"self":[{"href":"https:\/\/ab-marineservice.com\/de\/wp-json\/wp\/v2\/product\/426045","targetHints":{"allow":["GET"]}}],"collection":[{"href":"https:\/\/ab-marineservice.com\/de\/wp-json\/wp\/v2\/product"}],"about":[{"href":"https:\/\/ab-marineservice.com\/de\/wp-json\/wp\/v2\/types\/product"}],"replies":[{"embeddable":true,"href":"https:\/\/ab-marineservice.com\/de\/wp-json\/wp\/v2\/comments?post=426045"}],"wp:featuredmedia":[{"embeddable":true,"href":"https:\/\/ab-marineservice.com\/de\/wp-json\/wp\/v2\/media\/424628"}],"wp:attachment":[{"href":"https:\/\/ab-marineservice.com\/de\/wp-json\/wp\/v2\/media?parent=426045"}],"wp:term":[{"taxonomy":"location","embeddable":true,"href":"https:\/\/ab-marineservice.com\/de\/wp-json\/wp\/v2\/location?post=426045"},{"taxonomy":"product_brand","embeddable":true,"href":"https:\/\/ab-marineservice.com\/de\/wp-json\/wp\/v2\/product_brand?post=426045"},{"taxonomy":"product_cat","embeddable":true,"href":"https:\/\/ab-marineservice.com\/de\/wp-json\/wp\/v2\/product_cat?post=426045"},{"taxonomy":"product_tag","embeddable":true,"href":"https:\/\/ab-marineservice.com\/de\/wp-json\/wp\/v2\/product_tag?post=426045"}],"curies":[{"name":"wp","href":"https:\/\/api.w.org\/{rel}","templated":true}]}}