{"id":426447,"date":"2026-02-24T11:57:10","date_gmt":"2026-02-24T10:57:10","guid":{"rendered":"https:\/\/ab-marineservice.com\/?post_type=product&#038;p=426447"},"modified":"2026-02-24T17:34:18","modified_gmt":"2026-02-24T16:34:18","slug":"yanmar-impellerpumpen-verschleisplatte","status":"publish","type":"product","link":"https:\/\/ab-marineservice.com\/de\/produkt\/yanmar-impellerpumpen-verschleisplatte\/","title":{"rendered":"Yanmar Impellerpumpen-Verschlei\u00dfplatte"},"content":{"rendered":"","protected":false},"excerpt":{"rendered":"<p>Impellerpumpen-Verschlei\u00dfplatte f\u00fcr:<\/p>\n<p>Yanmar 4JH<br \/>\n129573-42502<\/p>\n<p>Zeichnungsnummer 6<\/p>\n","protected":false},"featured_media":426445,"comment_status":"open","ping_status":"closed","template":"","meta":[],"location":[],"product_brand":[28033],"product_cat":[3888,13584],"product_tag":[],"class_list":{"0":"post-426447","1":"product","2":"type-product","3":"status-publish","4":"has-post-thumbnail","6":"product_brand-yanmar","7":"product_cat-impellerpumpe-deckeldichtungen","8":"product_cat-impellerpumpe-verschleisplatte","9":"product_shipping_class-paket-0-10-kg","11":"first","12":"instock","13":"sale","14":"taxable","15":"shipping-taxable","16":"purchasable","17":"product-type-simple"},"group_of_quantity":0,"min_quantity":0,"max_quantity":"","exclude_order_quantity_value_rules":"no","exclude_category_quantity_rules":"no","combine_variations":"no","locations":[{"id":3905,"name":"AB Marine","slug":"ab-marine-service","quantity":""}],"_links":{"self":[{"href":"https:\/\/ab-marineservice.com\/de\/wp-json\/wp\/v2\/product\/426447","targetHints":{"allow":["GET"]}}],"collection":[{"href":"https:\/\/ab-marineservice.com\/de\/wp-json\/wp\/v2\/product"}],"about":[{"href":"https:\/\/ab-marineservice.com\/de\/wp-json\/wp\/v2\/types\/product"}],"replies":[{"embeddable":true,"href":"https:\/\/ab-marineservice.com\/de\/wp-json\/wp\/v2\/comments?post=426447"}],"wp:featuredmedia":[{"embeddable":true,"href":"https:\/\/ab-marineservice.com\/de\/wp-json\/wp\/v2\/media\/426445"}],"wp:attachment":[{"href":"https:\/\/ab-marineservice.com\/de\/wp-json\/wp\/v2\/media?parent=426447"}],"wp:term":[{"taxonomy":"location","embeddable":true,"href":"https:\/\/ab-marineservice.com\/de\/wp-json\/wp\/v2\/location?post=426447"},{"taxonomy":"product_brand","embeddable":true,"href":"https:\/\/ab-marineservice.com\/de\/wp-json\/wp\/v2\/product_brand?post=426447"},{"taxonomy":"product_cat","embeddable":true,"href":"https:\/\/ab-marineservice.com\/de\/wp-json\/wp\/v2\/product_cat?post=426447"},{"taxonomy":"product_tag","embeddable":true,"href":"https:\/\/ab-marineservice.com\/de\/wp-json\/wp\/v2\/product_tag?post=426447"}],"curies":[{"name":"wp","href":"https:\/\/api.w.org\/{rel}","templated":true}]}}