{"id":427301,"date":"2026-02-20T15:06:14","date_gmt":"2026-02-20T14:06:14","guid":{"rendered":"https:\/\/ab-marineservice.com\/product\/whisperpower-piccolo-10-kva-9-6-kw\/"},"modified":"2026-02-20T15:06:14","modified_gmt":"2026-02-20T14:06:14","slug":"whisperpower-piccolo-10-kva-9-6-kw","status":"publish","type":"product","link":"https:\/\/ab-marineservice.com\/de\/produkt\/whisperpower-piccolo-10-kva-9-6-kw\/","title":{"rendered":"WhisperPower Piccolo 10 KVA (9.6 KW)"},"content":{"rendered":"","protected":false},"excerpt":{"rendered":"<h2 class=\"h2-main-product-content\">Lernen Sie den Piccolo 12 kennen, den ultimativen 12 kVA Dieselgenerator<\/h2>\n<p>Der WhisperPower Genverter\u00a9 Piccolo 12 ist der kleinste, leiseste und leistungsst\u00e4rkste 12 kVA Dieselgenerator seiner Art. Dank seiner elektronischen PMG-Inverter-Leistung liefert er die ideale Stromqualit\u00e4t f\u00fcr all Ihre Komfortger\u00e4te, wie eine Waschmaschine, eine kleine Klimaanlage, ein elektrisches Kochger\u00e4t und aufladbare Ger\u00e4te.<\/p>\n<div class=\"grid-x\">\n<div class=\"cell large-10\">\n<h2 class=\"h4 text-primary\">Wichtige Spezifikationen: 1 Phase | 230 VAC | 50 Hz<\/h2>\n<ul class=\"list-specs\">\n<li>\n<div class=\"grid-x\">\n<div class=\"cell large-14\">Tempor\u00e4re Leistung kW bei 25\u00b0C (77\u00b0F)<\/div>\n<div class=\"cell large-10\"><strong>9.6 kW<\/strong><\/div>\n<\/div>\n<\/li>\n<li>\n<div class=\"grid-x\">\n<div class=\"cell large-14\">Dauerleistung kVA bei 25\u00b0C (77\u00b0F)<\/div>\n<div class=\"cell large-10\"><strong>10 kVA<\/strong><\/div>\n<\/div>\n<\/li>\n<li>\n<div class=\"grid-x\">\n<div class=\"cell large-14\">Nominale Spannung \/ Frequenz<\/div>\n<div class=\"cell large-10\"><strong>1 Phase | 230 VAC | 50 Hz<\/strong><\/div>\n<\/div>\n<\/li>\n<li>\n<div class=\"grid-x\">\n<div class=\"cell large-14\">Drehzahlbereich<\/div>\n<div class=\"cell large-10\"><strong>2400 .. 3600 rpm, einstellbar<\/strong><\/div>\n<\/div>\n<\/li>\n<li>\n<div class=\"grid-x\">\n<div class=\"cell large-14\">Motor<\/div>\n<div class=\"cell large-10\"><strong>WhisperPower Kubota D722<\/strong><\/div>\n<\/div>\n<\/li>\n<li>\n<div class=\"grid-x\">\n<div class=\"cell large-14\">Emissionsklasse<\/div>\n<div class=\"cell large-10\"><strong>Stage V zertifiziert \/ EPA \/ Tier 4<\/strong><\/div>\n<\/div>\n<\/li>\n<li>\n<div class=\"grid-x\">\n<div class=\"cell large-14\">L\u00e4rmniveau<\/div>\n<div class=\"cell large-10\"><strong>51 dB(A) bei 7 m, 60 dB(A) bei 1 m<\/strong><\/div>\n<\/div>\n<\/li>\n<li>\n<div class=\"grid-x\">\n<div class=\"cell large-14\">L\u00e4nge x Breite x H\u00f6he (Generator), mm (in.)<\/div>\n<div class=\"cell large-10\"><strong>740 x 550 x 620 (29.1 x 21.7 x 24.4)<\/strong><\/div>\n<\/div>\n<\/li>\n<li>\n<div class=\"grid-x\">\n<div class=\"cell large-14\">Trockengewicht (Geh\u00e4use + PMG), kg (lb.)<\/div>\n<div class=\"cell large-10\"><strong>175 + 9.9 (385.8 + 21.8)<\/strong><\/div>\n<\/div>\n<\/li>\n<\/ul>\n<\/div>\n<\/div>\n","protected":false},"featured_media":426237,"comment_status":"open","ping_status":"closed","template":"","meta":[],"location":[],"product_brand":[27571],"product_cat":[3144,1208,27572,27573],"product_tag":[],"class_list":{"0":"post-427301","1":"product","2":"type-product","3":"status-publish","4":"has-post-thumbnail","6":"product_brand-whisperpower","7":"product_cat-generatoren","8":"product_cat-elektrische-bauteile","9":"product_cat-whisperpower","10":"product_cat-piccolo","12":"first","13":"onbackorder","14":"sale","15":"taxable","16":"shipping-taxable","17":"purchasable","18":"product-type-simple"},"group_of_quantity":0,"min_quantity":0,"max_quantity":"","exclude_order_quantity_value_rules":"no","exclude_category_quantity_rules":"no","combine_variations":"no","locations":[],"_links":{"self":[{"href":"https:\/\/ab-marineservice.com\/de\/wp-json\/wp\/v2\/product\/427301","targetHints":{"allow":["GET"]}}],"collection":[{"href":"https:\/\/ab-marineservice.com\/de\/wp-json\/wp\/v2\/product"}],"about":[{"href":"https:\/\/ab-marineservice.com\/de\/wp-json\/wp\/v2\/types\/product"}],"replies":[{"embeddable":true,"href":"https:\/\/ab-marineservice.com\/de\/wp-json\/wp\/v2\/comments?post=427301"}],"wp:featuredmedia":[{"embeddable":true,"href":"https:\/\/ab-marineservice.com\/de\/wp-json\/wp\/v2\/media\/426237"}],"wp:attachment":[{"href":"https:\/\/ab-marineservice.com\/de\/wp-json\/wp\/v2\/media?parent=427301"}],"wp:term":[{"taxonomy":"location","embeddable":true,"href":"https:\/\/ab-marineservice.com\/de\/wp-json\/wp\/v2\/location?post=427301"},{"taxonomy":"product_brand","embeddable":true,"href":"https:\/\/ab-marineservice.com\/de\/wp-json\/wp\/v2\/product_brand?post=427301"},{"taxonomy":"product_cat","embeddable":true,"href":"https:\/\/ab-marineservice.com\/de\/wp-json\/wp\/v2\/product_cat?post=427301"},{"taxonomy":"product_tag","embeddable":true,"href":"https:\/\/ab-marineservice.com\/de\/wp-json\/wp\/v2\/product_tag?post=427301"}],"curies":[{"name":"wp","href":"https:\/\/api.w.org\/{rel}","templated":true}]}}