{"id":428640,"date":"2026-03-06T19:16:43","date_gmt":"2026-03-06T18:16:43","guid":{"rendered":"https:\/\/ab-marineservice.com\/?post_type=product&#038;p=428640"},"modified":"2026-04-21T17:44:41","modified_gmt":"2026-04-21T15:44:41","slug":"volvo-penta-md2020-20-ps-schiffsmotor-einzelmotor","status":"publish","type":"product","link":"https:\/\/ab-marineservice.com\/de\/produkt\/volvo-penta-md2020-20-ps-schiffsmotor-einzelmotor\/","title":{"rendered":"Volvo Penta MD2020 20 PS Schiffsmotor &#8211; Einzelmotor"},"content":{"rendered":"<p><iframe loading=\"lazy\" title=\"Volvo Penta MD2020 20pk scheepsmotor - losse motor\" src=\"https:\/\/www.youtube.com\/embed\/m-OxSKU8074\" width=\"1396\" height=\"785\" frameborder=\"0\" allowfullscreen=\"allowfullscreen\"><\/iframe><\/p>\n","protected":false},"excerpt":{"rendered":"<p>Suchst du einen zuverl\u00e4ssigen Schiffsmotor?<br \/>\nUnsere Motoren werden standardm\u00e4\u00dfig gr\u00fcndlich getestet und \u00fcberpr\u00fcft, um eine langfristige Funktionsf\u00e4higkeit nach dem Einbau zu gew\u00e4hrleisten.<br \/>\nAuf unserer Checkout-Seite kannst du mit allen sicheren Zahlungsmethoden bezahlen. So bist du sicher, dass der Kauf problemlos verl\u00e4uft!<br \/>\nStandardversand innerhalb Europas und dar\u00fcber hinaus.<\/p>\n<p>Ein Video des laufenden Motors findest du am Ende der Seite.<br \/>\nAu\u00dferdem bieten wir eine 3-monatige Garantie und eine 14-t\u00e4gige R\u00fcckgabefrist.<br \/>\nBei Fragen kannst du dich gerne an uns wenden.<\/p>\n<p><strong>Motor<\/strong><br \/>\nMarke: Volvo Penta<br \/>\nMotortyp: MD2020B<br \/>\nLeistung: 20 PS<br \/>\nDrehzahl: 3600<br \/>\nAnzahl der Zylinder: 3<br \/>\nBrennstoff: Diesel<\/p>\n<p><strong>Dashboard<\/strong><br \/>\nDashboard: Ja<br \/>\nZwischenkabel: Ja<\/p>\n<p><strong>Typ des K\u00fchlsystems:<\/strong><br \/>\nW\u00e4rmetauscher<\/p>\n<p><strong>Keerkupplung:<\/strong><br \/>\n\u00dcbersetzung: N\/A<\/p>\n<p><strong>Abmessungen:<\/strong><br \/>\nA = 540mm<br \/>\nB = 470mm<br \/>\nC = 580mm<br \/>\nD = 200mm<br \/>\nE = 420mm<br \/>\nF =<\/p>\n<p>Link: <a href=\"https:\/\/ab-marineservice.com\/wp-content\/uploads\/2021\/11\/MD2010-MD2020-MD2030-MD2040.pdf\">Werkstatt-Handbuch: MD2030<\/a><br \/>\nLink: <a href=\"https:\/\/ab-marineservice.com\/wp-content\/uploads\/2021\/11\/MD2030-Brochure.pdf\">MD2010 Brosch\u00fcre<\/a><\/p>\n<p>Wir versenden in ganz Europa!<\/p>\n<p>Wir versenden in ganz Europa. Mit einer 14-t\u00e4gigen R\u00fcckgabefrist und 3 Monaten Garantie auf den Innenmotor.<\/p>\n<p><strong>Bleibe w\u00f6chentlich auf dem Laufenden \u00fcber unser neuestes Angebot, <a href=\"https:\/\/ab-marineservice.com\/de\/angebot-gebrauchte-schiffsmotoren\/\">melde dich hier an<\/a>!<\/strong><\/p>\n<p>&nbsp;<\/p>\n","protected":false},"featured_media":428650,"comment_status":"open","ping_status":"closed","template":"","meta":[],"location":[],"product_brand":[],"product_cat":[10450],"product_tag":[],"class_list":{"0":"post-428640","1":"product","2":"type-product","3":"status-publish","4":"has-post-thumbnail","6":"product_cat-verkaufte-motoren","7":"product_shipping_class-palettenversand","9":"first","10":"instock","11":"shipping-taxable","12":"product-type-simple"},"group_of_quantity":0,"min_quantity":0,"max_quantity":"","exclude_order_quantity_value_rules":"no","exclude_category_quantity_rules":"no","combine_variations":"no","locations":[{"id":3905,"name":"AB Marine","slug":"ab-marine-service","quantity":""}],"_links":{"self":[{"href":"https:\/\/ab-marineservice.com\/de\/wp-json\/wp\/v2\/product\/428640","targetHints":{"allow":["GET"]}}],"collection":[{"href":"https:\/\/ab-marineservice.com\/de\/wp-json\/wp\/v2\/product"}],"about":[{"href":"https:\/\/ab-marineservice.com\/de\/wp-json\/wp\/v2\/types\/product"}],"replies":[{"embeddable":true,"href":"https:\/\/ab-marineservice.com\/de\/wp-json\/wp\/v2\/comments?post=428640"}],"wp:featuredmedia":[{"embeddable":true,"href":"https:\/\/ab-marineservice.com\/de\/wp-json\/wp\/v2\/media\/428650"}],"wp:attachment":[{"href":"https:\/\/ab-marineservice.com\/de\/wp-json\/wp\/v2\/media?parent=428640"}],"wp:term":[{"taxonomy":"location","embeddable":true,"href":"https:\/\/ab-marineservice.com\/de\/wp-json\/wp\/v2\/location?post=428640"},{"taxonomy":"product_brand","embeddable":true,"href":"https:\/\/ab-marineservice.com\/de\/wp-json\/wp\/v2\/product_brand?post=428640"},{"taxonomy":"product_cat","embeddable":true,"href":"https:\/\/ab-marineservice.com\/de\/wp-json\/wp\/v2\/product_cat?post=428640"},{"taxonomy":"product_tag","embeddable":true,"href":"https:\/\/ab-marineservice.com\/de\/wp-json\/wp\/v2\/product_tag?post=428640"}],"curies":[{"name":"wp","href":"https:\/\/api.w.org\/{rel}","templated":true}]}}