{"id":435032,"date":"2026-04-16T19:17:26","date_gmt":"2026-04-16T17:17:26","guid":{"rendered":"https:\/\/ab-marineservice.com\/?post_type=product&#038;p=435032"},"modified":"2026-04-21T17:24:09","modified_gmt":"2026-04-21T15:24:09","slug":"sabb-gluhkerze-12v-gluhkerze-ersatz-fur-3-4-unc-halter","status":"publish","type":"product","link":"https:\/\/ab-marineservice.com\/de\/produkt\/sabb-gluhkerze-12v-gluhkerze-ersatz-fur-3-4-unc-halter\/","title":{"rendered":"SABB Gl\u00fchkerze 12V Gl\u00fchkerze Ersatz f\u00fcr 3\/4-UNC Halter"},"content":{"rendered":"","protected":false},"excerpt":{"rendered":"<p><strong>Elektrische Spezifikationen (Gl\u00fchkerzen)<\/strong><\/p>\n<p>Teil von: <a href=\"https:\/\/ab-marineservice.com\/de\/produkt\/sabb-gluhstift-12v-gluhkerzenersatz-3-4-unc-elektrisch\/\">SABB Gl\u00fchkerze 12V Gl\u00fchfaden Ersatz 3\/4-UNC elektrisch<\/a><\/p>\n<p>Elektrische Informationen<br \/>\nVolt 12<br \/>\nAmpere: 10<br \/>\nGl\u00fchzeit Sek. 5-8<\/p>\n<p>&nbsp;<\/p>\n","protected":false},"featured_media":435037,"comment_status":"open","ping_status":"closed","template":"","meta":[],"location":[],"product_brand":[],"product_cat":[1222,1426,1427,1208],"product_tag":[6323],"class_list":{"0":"post-435032","1":"product","2":"type-product","3":"status-publish","4":"has-post-thumbnail","6":"product_cat-motorteile","7":"product_cat-gluheinrichtung","8":"product_cat-gluhkerzen","9":"product_cat-elektrische-bauteile","10":"product_tag-gloeistift-de","11":"product_shipping_class-paket-0-10-kg","13":"first","14":"instock","15":"taxable","16":"shipping-taxable","17":"purchasable","18":"product-type-simple"},"group_of_quantity":0,"min_quantity":0,"max_quantity":"","exclude_order_quantity_value_rules":"no","exclude_category_quantity_rules":"no","combine_variations":"no","locations":[{"id":3905,"name":"AB Marine","slug":"ab-marine-service","quantity":""}],"_links":{"self":[{"href":"https:\/\/ab-marineservice.com\/de\/wp-json\/wp\/v2\/product\/435032","targetHints":{"allow":["GET"]}}],"collection":[{"href":"https:\/\/ab-marineservice.com\/de\/wp-json\/wp\/v2\/product"}],"about":[{"href":"https:\/\/ab-marineservice.com\/de\/wp-json\/wp\/v2\/types\/product"}],"replies":[{"embeddable":true,"href":"https:\/\/ab-marineservice.com\/de\/wp-json\/wp\/v2\/comments?post=435032"}],"wp:featuredmedia":[{"embeddable":true,"href":"https:\/\/ab-marineservice.com\/de\/wp-json\/wp\/v2\/media\/435037"}],"wp:attachment":[{"href":"https:\/\/ab-marineservice.com\/de\/wp-json\/wp\/v2\/media?parent=435032"}],"wp:term":[{"taxonomy":"location","embeddable":true,"href":"https:\/\/ab-marineservice.com\/de\/wp-json\/wp\/v2\/location?post=435032"},{"taxonomy":"product_brand","embeddable":true,"href":"https:\/\/ab-marineservice.com\/de\/wp-json\/wp\/v2\/product_brand?post=435032"},{"taxonomy":"product_cat","embeddable":true,"href":"https:\/\/ab-marineservice.com\/de\/wp-json\/wp\/v2\/product_cat?post=435032"},{"taxonomy":"product_tag","embeddable":true,"href":"https:\/\/ab-marineservice.com\/de\/wp-json\/wp\/v2\/product_tag?post=435032"}],"curies":[{"name":"wp","href":"https:\/\/api.w.org\/{rel}","templated":true}]}}