{"id":44348,"date":"2021-02-19T16:24:21","date_gmt":"2021-02-19T15:24:21","guid":{"rendered":"https:\/\/ab-marineservice.com\/?post_type=product&#038;p=44348"},"modified":"2026-01-27T09:41:13","modified_gmt":"2026-01-27T08:41:13","slug":"gewindekleber-542-10ml","status":"publish","type":"product","link":"https:\/\/ab-marineservice.com\/de\/produkt\/gewindekleber-542-10ml\/","title":{"rendered":"Gewindekleber 542 \u2013 10ml  max. 3\/4&#8243; Loctite"},"content":{"rendered":"","protected":false},"excerpt":{"rendered":"<p>Anwendungsbereich:<br \/>\nZum Sichern und Abdichten von Rohrleistungen und Anschlussst\u00fccken aus Metall<br \/>\nF\u00fcr feine Gewindeverbindungen in Hydraulik- und Druckluftanlagen<br \/>\nAllgemein verwendbar bei kleinen Gewindeverbindungen<br \/>\nNicht empfohlen f\u00fcr Kunststoffe<br \/>\nMax. Gewindegr\u00f6\u00dfe: 3\/4&#8243;<\/p>\n<p>Auch in 50ml erh\u00e4ltlich: <a href=\"https:\/\/ab-marineservice.com\/de\/produkt\/gewindekleber-542-50ml\/\">Gewindekleber 542 \u2013 50ml<\/a>.<\/p>\n<p>Eigenschaften<br \/>\nVerhindert selbst\u00e4ndiges Losdrehen und Undichtheiten durch St\u00f6\u00dfe und Vibrationen.<\/p>\n<p>Eigenschaften:<br \/>\nViskosit\u00e4t: gering, fl\u00fcssig<br \/>\nAush\u00e4rtung: anaerob, durch Abschluss der Luft zwischen nah anliegenden Metalloberfl\u00e4chen<br \/>\nDemontagefestigkeit: mittel<br \/>\nLosbrechmoment: 15 Nm<br \/>\nSofortige Niederdruckdichtung: nein<br \/>\nTechnische Information:<br \/>\nDVGW-Freigabe (EN751-1): NG-5416AR0855<\/p>\n","protected":false},"featured_media":44352,"comment_status":"open","ping_status":"closed","template":"","meta":[],"location":[3905,4276,4172,15428],"product_brand":[27161],"product_cat":[1436,2162],"product_tag":[],"class_list":{"0":"post-44348","1":"product","2":"type-product","3":"status-publish","4":"has-post-thumbnail","6":"location-ab-marine-service","7":"location-aes-lemmer","8":"location-clouds","9":"location-indi","10":"product_brand-loctite","11":"product_cat-wartung","12":"product_cat-zubehor-de-2","13":"product_shipping_class-paket-0-10-kg","15":"first","16":"instock","17":"sale","18":"taxable","19":"shipping-taxable","20":"purchasable","21":"product-type-simple"},"group_of_quantity":0,"min_quantity":0,"max_quantity":"","exclude_order_quantity_value_rules":"no","exclude_category_quantity_rules":"no","combine_variations":"no","locations":[{"id":3905,"name":"AB Marine","slug":"ab-marine-service","quantity":""},{"id":4276,"name":"AES Lemmer","slug":"aes-lemmer","quantity":""},{"id":4172,"name":"Clouds","slug":"clouds","quantity":""},{"id":15428,"name":"INDI","slug":"indi","quantity":""}],"_links":{"self":[{"href":"https:\/\/ab-marineservice.com\/de\/wp-json\/wp\/v2\/product\/44348","targetHints":{"allow":["GET"]}}],"collection":[{"href":"https:\/\/ab-marineservice.com\/de\/wp-json\/wp\/v2\/product"}],"about":[{"href":"https:\/\/ab-marineservice.com\/de\/wp-json\/wp\/v2\/types\/product"}],"replies":[{"embeddable":true,"href":"https:\/\/ab-marineservice.com\/de\/wp-json\/wp\/v2\/comments?post=44348"}],"wp:featuredmedia":[{"embeddable":true,"href":"https:\/\/ab-marineservice.com\/de\/wp-json\/wp\/v2\/media\/44352"}],"wp:attachment":[{"href":"https:\/\/ab-marineservice.com\/de\/wp-json\/wp\/v2\/media?parent=44348"}],"wp:term":[{"taxonomy":"location","embeddable":true,"href":"https:\/\/ab-marineservice.com\/de\/wp-json\/wp\/v2\/location?post=44348"},{"taxonomy":"product_brand","embeddable":true,"href":"https:\/\/ab-marineservice.com\/de\/wp-json\/wp\/v2\/product_brand?post=44348"},{"taxonomy":"product_cat","embeddable":true,"href":"https:\/\/ab-marineservice.com\/de\/wp-json\/wp\/v2\/product_cat?post=44348"},{"taxonomy":"product_tag","embeddable":true,"href":"https:\/\/ab-marineservice.com\/de\/wp-json\/wp\/v2\/product_tag?post=44348"}],"curies":[{"name":"wp","href":"https:\/\/api.w.org\/{rel}","templated":true}]}}