{"id":45932,"date":"2021-03-27T10:01:53","date_gmt":"2021-03-27T09:01:53","guid":{"rendered":"https:\/\/ab-marineservice.com\/?post_type=product&#038;p=45932"},"modified":"2025-12-18T16:20:05","modified_gmt":"2025-12-18T15:20:05","slug":"motorstutzensatz-sabb-1gg","status":"publish","type":"product","link":"https:\/\/ab-marineservice.com\/de\/produkt\/motorstutzensatz-sabb-1gg\/","title":{"rendered":"Motorst\u00fctzensatz Sabb 1GG"},"content":{"rendered":"<p>Dieser Typ Motorst\u00fctzensatz Sabb 1GG, ist ein kompakter Schwingungsd\u00e4mpfer. Sie sind einfach zu montieren und bieten eine hohe Schwingungsisolierung.<br \/>\nDer interne Puffer dieses einzigartigen Schwingungsd\u00e4mpfers sorgt daf\u00fcr, dass die Motorbewegung in alle Richtungen begrenzt wird.<\/p>\n<p>Die Motorst\u00fctze wurde speziell entwickelt f\u00fcr Schiffsmotoren die eine  niedrige Frequenz erzeugen,<br \/>\naber mit gro\u00dfer Amplitude (Auslenkung), wie Motoren mit 1 oder 2 Zylindern.<br \/>\nDurch die Zusammensetzung dieses Schwingungsd\u00e4mpfers wird die hohe Frequenz der 2 Zylinder sehr gut reduziert und Massa in Schach gehalten.<br \/>\nDadurch bildet es den perfekten Puffer zwischen Motor und Motorfundament.<br \/>\nDas Resultat: St\u00f6rende Schwingungen werden somit enorm begrenzt und beim Segeln auf ein angenehmes Ma\u00df reduziert.<\/p>\n<p>Die H\u00f6he ist verstellbar durch einen Standard <a href=\"https:\/\/ab-marineservice.com\/de\/produkt-kategorie\/motorteile\/motorstutzen\/einstellstifte\/\">M12 Einstellstift<\/a> und einen <a href=\"https:\/\/ab-marineservice.com\/de\/produkt-kategorie\/motorteile\/motorstutzen\/einstellstifte\/\">M16 Einstellstift<\/a>. Pr\u00fcfen Sie vor der Bestellung, ob dies auch die richtige Gr\u00f6\u00dfe f\u00fcr Ihr Motor ist. Ihr Motor hat bereits eine Vorgeschichte und m\u00f6glicherweise wurden \u00c4nderungen an den Motorst\u00fctzbeinen vorgenommen.<br \/>\nStimmt die Lochgr\u00f6\u00dfe mit Ihren St\u00fctzbeinen\/Armen nicht \u00fcberein, dann haben Sie die Wahl zwischen Stiftgr\u00f6\u00dfe M12, M16 oder M18. Diese k\u00f6nnen separat bestellt werden. Oder wenn Sie vor der Bestellung angeben, was Sie ben\u00f6tigen, passen wir es an.<\/p>\n<p>Mit diesem Motorst\u00fctzensatz speziell f\u00fcr den Sabb 1GG (Ihren Motor) werden Sie mit der D\u00e4mpfung zufrieden sein. Sie k\u00f6nnen diese Motorst\u00fctzen ganz einfach bestellen, um nach der Montage vibrationsfrei zu touren.<\/p>\n<h4>Achtung!<\/h4>\n<p>Vergessen Sie bei der Montage der Motorst\u00fctzen nicht, die dicke Unterlegscheibe zwischen die Abdeckung und die d\u00fcnnere Kontermutter zu legen.<br \/>\nOhne diesen Ring besteht die Gefahr, dass sich der Einstellstift l\u00f6st oder die Motorst\u00fctze besch\u00e4digt wird.<\/p>\n<p>Bei Fragen zu diesem Produkt, dieser Teile oder dem Typ oder der Anwendung, nehmen Sie <a href=\"https:\/\/ab-marineservice.com\/de\/kontakt\/\">Kontakt<\/a> auf.<\/p>\n","protected":false},"excerpt":{"rendered":"<p>Motorst\u00fctzen Sabb 1GG (175 kg)<\/p>\n<p>4x 10-MD-120-B-00(M12)<\/p>\n<p>Auf Anfrage  <a href=\"https:\/\/ab-marineservice.com\/de\/produkt-kategorie\/motorteile\/motorstutzen\/einstellstifte\/\">M16 Einstellstift<\/a> erh\u00e4ltlich.<\/p>\n<p>Der Motor selbst ist urspr\u00fcnglich mit M12-Bohrungen ausgestattet. Wir empfehlen, diese auf M16 zu bohren und diese Einstellstifte zu verwenden.<\/p>\n<p>Einstellung der Schwingungsd\u00e4mpfer: <a href=\"https:\/\/ab-marineservice.com\/wp-content\/uploads\/2025\/12\/Korrekte-Einstellung-von-flexiblen-Schwingungsdampfern-fur-einen-Schiffsmotor.pdf\">Bedingungen f\u00fcr die korrekte Einstellung<\/a><\/p>\n","protected":false},"featured_media":140312,"comment_status":"open","ping_status":"closed","template":"","meta":[],"location":[15440],"product_brand":[],"product_cat":[1222,1431,4075],"product_tag":[],"class_list":{"0":"post-45932","1":"product","2":"type-product","3":"status-publish","4":"has-post-thumbnail","6":"location-vce","7":"product_cat-motorteile","8":"product_cat-motorstutzen","9":"product_cat-motorspezifisch","10":"product_shipping_class-paket-0-10-kg","12":"first","13":"onbackorder","14":"sale","15":"taxable","16":"shipping-taxable","17":"purchasable","18":"product-type-simple"},"group_of_quantity":0,"min_quantity":0,"max_quantity":"","exclude_order_quantity_value_rules":"no","exclude_category_quantity_rules":"no","combine_variations":"no","locations":[{"id":15440,"name":"VCE","slug":"vce","quantity":""}],"_links":{"self":[{"href":"https:\/\/ab-marineservice.com\/de\/wp-json\/wp\/v2\/product\/45932","targetHints":{"allow":["GET"]}}],"collection":[{"href":"https:\/\/ab-marineservice.com\/de\/wp-json\/wp\/v2\/product"}],"about":[{"href":"https:\/\/ab-marineservice.com\/de\/wp-json\/wp\/v2\/types\/product"}],"replies":[{"embeddable":true,"href":"https:\/\/ab-marineservice.com\/de\/wp-json\/wp\/v2\/comments?post=45932"}],"wp:featuredmedia":[{"embeddable":true,"href":"https:\/\/ab-marineservice.com\/de\/wp-json\/wp\/v2\/media\/140312"}],"wp:attachment":[{"href":"https:\/\/ab-marineservice.com\/de\/wp-json\/wp\/v2\/media?parent=45932"}],"wp:term":[{"taxonomy":"location","embeddable":true,"href":"https:\/\/ab-marineservice.com\/de\/wp-json\/wp\/v2\/location?post=45932"},{"taxonomy":"product_brand","embeddable":true,"href":"https:\/\/ab-marineservice.com\/de\/wp-json\/wp\/v2\/product_brand?post=45932"},{"taxonomy":"product_cat","embeddable":true,"href":"https:\/\/ab-marineservice.com\/de\/wp-json\/wp\/v2\/product_cat?post=45932"},{"taxonomy":"product_tag","embeddable":true,"href":"https:\/\/ab-marineservice.com\/de\/wp-json\/wp\/v2\/product_tag?post=45932"}],"curies":[{"name":"wp","href":"https:\/\/api.w.org\/{rel}","templated":true}]}}