{"id":46083,"date":"2026-01-14T17:55:01","date_gmt":"2026-01-14T16:55:01","guid":{"rendered":"https:\/\/ab-marineservice.com\/?post_type=product&#038;p=46083"},"modified":"2026-04-16T14:02:49","modified_gmt":"2026-04-16T12:02:49","slug":"volvo-penta-tmd70c-schiffsmotoren","status":"publish","type":"product","link":"https:\/\/ab-marineservice.com\/de\/produkt\/volvo-penta-tmd70c-schiffsmotoren\/","title":{"rendered":"Volvo Penta 200PS TMD70c Schiffsmotor"},"content":{"rendered":"<p><iframe loading=\"lazy\" width=\"478\" height=\"849\" src=\"https:\/\/www.youtube.com\/embed\/GVClY5hIMRc\" title=\"Volvo Penta 200pk TMD70c scheepsmotor engine\" frameborder=\"0\" allow=\"accelerometer; autoplay; clipboard-write; encrypted-media; gyroscope; picture-in-picture; web-share\" referrerpolicy=\"strict-origin-when-cross-origin\" allowfullscreen><\/iframe><\/p>\n","protected":false},"excerpt":{"rendered":"<p>Sie suchen einen zuverl\u00e4ssigen Schiffsmotor?<br \/>\nUnsere Motoren werden standardm\u00e4\u00dfig ausgiebig getestet und nachgepr\u00fcft, um einen langfristigen Betrieb nach dem Einbau zu gew\u00e4hrleisten.<br \/>\nAuf unserer Kasse-Seite k\u00f6nnen Sie mit allen sicheren Zahlungsmitteln bezahlen. So k\u00f6nnen Sie sicher sein, dass Sie einen reibungslosen Einkauf haben!<br \/>\nStandardversand innerhalb und au\u00dferhalb Europas. <\/p>\n<p>Ein Video des laufenden Motors finden Sie unten auf der Seite.<br \/>\nWir geben zus\u00e4tzlich 3 Monate Garantie und 14 Tage Bedenkzeit.<br \/>\nBei Fragen k\u00f6nnen Sie uns gerne kontaktieren.<\/p>\n<p>Volvo Penta TMD70c<\/p>\n<p>Motor: Volvo Penta TMD70C<br \/>\nKraftstoff: Diesel<br \/>\nTyp: Innenbord<br \/>\nPS 200<br \/>\nZyl. 6<br \/>\n24V<br \/>\nSAE2 Schwungradgeh\u00e4use<\/p>\n<p>Kann ausgef\u00fchrt werden mit: <a href=\"https:\/\/ab-marineservice.com\/de\/produkt\/prm-750d2-hydraulisches-wendegetriebe-675nm\/\">PRM750 (link)<\/a><\/p>\n<p>Handbuch:<a href=\"https:\/\/ab-marineservice.com\/wp-content\/uploads\/2021\/03\/TAMD60-MD70c-TMD70c-TAMD70E-Instruction_manual.pdf\">\u00a0TMD70c Betriebsanleitung<\/a><\/p>\n<p><strong> Bleiben Sie jede Woche \u00fcber unsere neuesten Angebote auf dem Laufenden, <a href=\"https:\/\/ab-marineservice.com\/de\/angebot-gebrauchte-schiffsmotoren\/\"> melden Sie sich hier bitte an <\/a>!<\/strong><\/p>\n","protected":false},"featured_media":345172,"comment_status":"open","ping_status":"closed","template":"","meta":[],"location":[],"product_brand":[],"product_cat":[1516,4288],"product_tag":[3425,1226],"class_list":{"0":"post-46083","1":"product","2":"type-product","3":"status-publish","4":"has-post-thumbnail","6":"product_cat-bootsmotoren-gebraucht","7":"product_cat-innenbordmotoren-100-1000ps","8":"product_tag-2003-turbo-de","9":"product_tag-volvo-penta-de","10":"product_shipping_class-palettenversand","12":"first","13":"instock","14":"shipping-taxable","15":"purchasable","16":"product-type-simple"},"group_of_quantity":0,"min_quantity":0,"max_quantity":"","exclude_order_quantity_value_rules":"no","exclude_category_quantity_rules":"no","combine_variations":"no","locations":[{"id":15418,"name":"AB Motoren","slug":"ab-motoren","quantity":""}],"_links":{"self":[{"href":"https:\/\/ab-marineservice.com\/de\/wp-json\/wp\/v2\/product\/46083","targetHints":{"allow":["GET"]}}],"collection":[{"href":"https:\/\/ab-marineservice.com\/de\/wp-json\/wp\/v2\/product"}],"about":[{"href":"https:\/\/ab-marineservice.com\/de\/wp-json\/wp\/v2\/types\/product"}],"replies":[{"embeddable":true,"href":"https:\/\/ab-marineservice.com\/de\/wp-json\/wp\/v2\/comments?post=46083"}],"wp:featuredmedia":[{"embeddable":true,"href":"https:\/\/ab-marineservice.com\/de\/wp-json\/wp\/v2\/media\/345172"}],"wp:attachment":[{"href":"https:\/\/ab-marineservice.com\/de\/wp-json\/wp\/v2\/media?parent=46083"}],"wp:term":[{"taxonomy":"location","embeddable":true,"href":"https:\/\/ab-marineservice.com\/de\/wp-json\/wp\/v2\/location?post=46083"},{"taxonomy":"product_brand","embeddable":true,"href":"https:\/\/ab-marineservice.com\/de\/wp-json\/wp\/v2\/product_brand?post=46083"},{"taxonomy":"product_cat","embeddable":true,"href":"https:\/\/ab-marineservice.com\/de\/wp-json\/wp\/v2\/product_cat?post=46083"},{"taxonomy":"product_tag","embeddable":true,"href":"https:\/\/ab-marineservice.com\/de\/wp-json\/wp\/v2\/product_tag?post=46083"}],"curies":[{"name":"wp","href":"https:\/\/api.w.org\/{rel}","templated":true}]}}