{"id":46339,"date":"2021-03-30T16:11:48","date_gmt":"2021-03-30T14:11:49","guid":{"rendered":"https:\/\/ab-marineservice.com\/?post_type=product&#038;p=46339"},"modified":"2025-05-23T15:36:25","modified_gmt":"2025-05-23T13:36:25","slug":"thermostat-volvo-penta-md5","status":"publish","type":"product","link":"https:\/\/ab-marineservice.com\/de\/produkt\/thermostat-volvo-penta-md5\/","title":{"rendered":"Thermostat  Volvo Penta MD5 Geschlossenes K\u00fchlsystem"},"content":{"rendered":"","protected":false},"excerpt":{"rendered":"<p>Volvo Penta MD5 75 Grad f\u00fcr Au\u00dfenwasserk\u00fchlung<\/p>\n","protected":false},"featured_media":46343,"comment_status":"open","ping_status":"closed","template":"","meta":[],"location":[3905,15431],"product_brand":[27716],"product_cat":[1310,1363,3445],"product_tag":[],"class_list":{"0":"post-46339","1":"product","2":"type-product","3":"status-publish","4":"has-post-thumbnail","6":"location-ab-marine-service","7":"location-martec","8":"product_brand-martec","9":"product_cat-kuhlungsteile","10":"product_cat-warmetauscher","11":"product_cat-kuhlsystem-teile","12":"product_shipping_class-paket-0-10-kg","14":"first","15":"instock","16":"sale","17":"taxable","18":"shipping-taxable","19":"purchasable","20":"product-type-simple"},"group_of_quantity":0,"min_quantity":0,"max_quantity":"","exclude_order_quantity_value_rules":"no","exclude_category_quantity_rules":"no","combine_variations":"no","locations":[{"id":3905,"name":"AB Marine","slug":"ab-marine-service","quantity":""},{"id":15431,"name":"Martec","slug":"martec","quantity":""}],"_links":{"self":[{"href":"https:\/\/ab-marineservice.com\/de\/wp-json\/wp\/v2\/product\/46339","targetHints":{"allow":["GET"]}}],"collection":[{"href":"https:\/\/ab-marineservice.com\/de\/wp-json\/wp\/v2\/product"}],"about":[{"href":"https:\/\/ab-marineservice.com\/de\/wp-json\/wp\/v2\/types\/product"}],"replies":[{"embeddable":true,"href":"https:\/\/ab-marineservice.com\/de\/wp-json\/wp\/v2\/comments?post=46339"}],"wp:featuredmedia":[{"embeddable":true,"href":"https:\/\/ab-marineservice.com\/de\/wp-json\/wp\/v2\/media\/46343"}],"wp:attachment":[{"href":"https:\/\/ab-marineservice.com\/de\/wp-json\/wp\/v2\/media?parent=46339"}],"wp:term":[{"taxonomy":"location","embeddable":true,"href":"https:\/\/ab-marineservice.com\/de\/wp-json\/wp\/v2\/location?post=46339"},{"taxonomy":"product_brand","embeddable":true,"href":"https:\/\/ab-marineservice.com\/de\/wp-json\/wp\/v2\/product_brand?post=46339"},{"taxonomy":"product_cat","embeddable":true,"href":"https:\/\/ab-marineservice.com\/de\/wp-json\/wp\/v2\/product_cat?post=46339"},{"taxonomy":"product_tag","embeddable":true,"href":"https:\/\/ab-marineservice.com\/de\/wp-json\/wp\/v2\/product_tag?post=46339"}],"curies":[{"name":"wp","href":"https:\/\/api.w.org\/{rel}","templated":true}]}}