{"id":47479,"date":"2021-04-30T20:03:51","date_gmt":"2021-04-30T18:03:51","guid":{"rendered":"https:\/\/ab-marineservice.com\/?post_type=product&#038;p=47479"},"modified":"2025-11-26T18:36:45","modified_gmt":"2025-11-26T17:36:45","slug":"propellerwelle-kupplung-4-hurth-prm-technodrive-welle-25-00-mm","status":"publish","type":"product","link":"https:\/\/ab-marineservice.com\/de\/produkt\/propellerwelle-kupplung-4-hurth-prm-technodrive-welle-25-00-mm\/","title":{"rendered":"Propellerwelle Kupplung  4\u201d Hurth  PRM  Technodrive Welle 25.00 mm"},"content":{"rendered":"","protected":false},"excerpt":{"rendered":"<p>Die Schrauben-Gegenflansch-Kupplung bildet die Verbindung zwischen dem Getriebe und der Propellerwelle.<br \/>\nMaterial: Stahl C45 \u2013 Oberfl\u00e4chenbehandlung: galvanisch verzinkt, daher korrosionsbest\u00e4ndig.<\/p>\n<p>Abmessungen:<br \/>\nWellendurchmesser: 25,00 mm<br \/>\nA Flanschdurchmesser: 102,00 mm<br \/>\nB Lochkreis: 82,55 mm<br \/>\nC&#038;D Anzahl der L\u00f6cher \u00d7 Durchmesser: 4 \u00d7 10,00 mm<br \/>\nF L\u00e4nge: 81,00 mm<br \/>\nE Passrand: 63,50 mm Passrand (m\u00e4nnlich)<br \/>\nH: M10<\/p>\n<p>Flanschtyp:<br \/>\nVelvet, PRM, Hurth, Technodrive 4&#8243;<\/p>\n<p>Getriebetyp:<br \/>\nVelvet: 70C, 71C, 500, 1000, 1500<br \/>\nPRM: Delta, 80, 120, 150<br \/>\nHurth: 35 HBW, 40 HBW, 50 HBW, 100 HBW, 125H HSW, 125 HBW, 150 HBW, 150A HBW, 250 HBW, 250H HSW, 250A HSW, 450D HSW<br \/>\n35 ZF, 4M ZF, 5M ZF, 10M ZF, 12 ZF, 12M ZF, 15M ZF, 15MA ZF, 25M ZF, 25 ZF, 25A ZF, 25MA ZF, 30M ZF, 45A 1.25:1 ZF, 45C ZF<br \/>\nTechnodrive: TMC30, TMC40, TMC50, TMC60, TM260<\/p>\n<p><a href=\"https:\/\/ab-marineservice.com\/de\/produkt-kategorie\/motorteile\/antriebe\/wendegetriebe-prm\/\">PRM Getriebe<\/a><\/p>\n","protected":false},"featured_media":47470,"comment_status":"open","ping_status":"closed","template":"","meta":[],"location":[3906],"product_brand":[],"product_cat":[1222,3426,3478],"product_tag":[],"class_list":{"0":"post-47479","1":"product","2":"type-product","3":"status-publish","4":"has-post-thumbnail","6":"location-dintra","7":"product_cat-motorteile","8":"product_cat-propellerwellenkupplung","9":"product_cat-propellerwelle-kupplung-4","10":"product_shipping_class-paket-0-10-kg","12":"first","13":"instock","14":"sale","15":"taxable","16":"shipping-taxable","17":"purchasable","18":"product-type-simple"},"group_of_quantity":0,"min_quantity":0,"max_quantity":"","exclude_order_quantity_value_rules":"no","exclude_category_quantity_rules":"no","combine_variations":"no","locations":[{"id":3906,"name":"Dintra","slug":"dintra","quantity":""}],"_links":{"self":[{"href":"https:\/\/ab-marineservice.com\/de\/wp-json\/wp\/v2\/product\/47479","targetHints":{"allow":["GET"]}}],"collection":[{"href":"https:\/\/ab-marineservice.com\/de\/wp-json\/wp\/v2\/product"}],"about":[{"href":"https:\/\/ab-marineservice.com\/de\/wp-json\/wp\/v2\/types\/product"}],"replies":[{"embeddable":true,"href":"https:\/\/ab-marineservice.com\/de\/wp-json\/wp\/v2\/comments?post=47479"}],"wp:featuredmedia":[{"embeddable":true,"href":"https:\/\/ab-marineservice.com\/de\/wp-json\/wp\/v2\/media\/47470"}],"wp:attachment":[{"href":"https:\/\/ab-marineservice.com\/de\/wp-json\/wp\/v2\/media?parent=47479"}],"wp:term":[{"taxonomy":"location","embeddable":true,"href":"https:\/\/ab-marineservice.com\/de\/wp-json\/wp\/v2\/location?post=47479"},{"taxonomy":"product_brand","embeddable":true,"href":"https:\/\/ab-marineservice.com\/de\/wp-json\/wp\/v2\/product_brand?post=47479"},{"taxonomy":"product_cat","embeddable":true,"href":"https:\/\/ab-marineservice.com\/de\/wp-json\/wp\/v2\/product_cat?post=47479"},{"taxonomy":"product_tag","embeddable":true,"href":"https:\/\/ab-marineservice.com\/de\/wp-json\/wp\/v2\/product_tag?post=47479"}],"curies":[{"name":"wp","href":"https:\/\/api.w.org\/{rel}","templated":true}]}}