{"id":52956,"date":"2021-07-13T15:06:51","date_gmt":"2021-07-13T13:06:51","guid":{"rendered":"https:\/\/ab-marineservice.com\/?post_type=product&#038;p=52956"},"modified":"2025-05-19T12:48:34","modified_gmt":"2025-05-19T10:48:34","slug":"impeller-p011154-pf50","status":"publish","type":"product","link":"https:\/\/ab-marineservice.com\/de\/produkt\/impeller-p011154-pf50\/","title":{"rendered":"Impeller P011154   PF50"},"content":{"rendered":"<p>Unsere Impeller zeichnen sich durch \u201eIN HOUSE MANUFACTURING\u201c aus.  Nichts vom Prozess wird ausgelagert, das gilt auch f\u00fcr die Materialien und deren Montagen, wie es andere Marken auf dem Markt tun m\u00fcssen. Dies gew\u00e4hrleistet die h\u00f6chsten Standards der Qualit\u00e4tskontrolle und stellt sicher, dass Sie als Benutzer volles Vertrauen in die &#8220;QUALIT\u00c4T &#038; LEISTUNG&#8221; Sie bekommen was Sie suchen!<\/p>\n<p>Auch der Schutz der Meeresbewohner liegt uns am Herzen, weshalb wir in der Produktion keine sch\u00e4dlichen Industriechemikalien verwenden.<\/p>\n<p>Unsere einzigartige Formel ist eine formulierte Mischung, die speziell f\u00fcr Meerwasser- und Rohwasseranwendungen entwickelt wurde. Das Ergebnis ist ein haltbareres Produkt mit einer l\u00e4ngeren Lebensdauer als Neopren und Nitril. Die Impeller, die wir verkaufen, gehen in der Entwicklung einen Schritt weiter, durch den Prozess namens &#8220;WAX BRANDING&#8221;. Durch das Mischen eines speziellen Wachses mit dem Gummi wird der Impeller selbstschmierend, sodass die Impeller 2-3 Mal l\u00e4nger halten. Durch die Verwendung von &#8220;MESSING INSERTS&#8221; gegen\u00fcber Edelstahl wird die Bearbeitung genauer und von besserer Qualit\u00e4t. Es bietet ein besseren Sitz, weniger Vibrationen und Verschlei\u00df, was zu einer l\u00e4ngeren Lebensdauer Ihrer K\u00fchlwasserpumpe f\u00fchrt.<\/p>\n","protected":false},"excerpt":{"rendered":"<p>Impeller f\u00fcr die K\u00fchlwasserpumpe f\u00fcr  Westerbeke-Schiffsmotoren, ideal f\u00fcr den Ersatz der originalen Sherwood-Impellerpumpe.<\/p>\n<p>Bitte beachten Sie, dass es nur f\u00fcr diese Pumpe passt und nicht geeignet ist f\u00fcr:<\/p>\n<p>Oberdorfer N202M-17P, N202M-837 &amp; N202M-908<br \/>\nSherwood G903, G908, G-908, G908-01<br \/>\nUniversal (Medalist) Light Plants 042175, 302648 &amp; 302837<br \/>\nWesterbeke Gov Life Boat 302648, 302837 &amp; 042175<\/p>\n","protected":false},"featured_media":85232,"comment_status":"open","ping_status":"closed","template":"","meta":[],"location":[3905,3906],"product_brand":[],"product_cat":[1316,2207],"product_tag":[],"class_list":{"0":"post-52956","1":"product","2":"type-product","3":"status-publish","4":"has-post-thumbnail","6":"location-ab-marine-service","7":"location-dintra","8":"product_cat-impellerpumpen","9":"product_cat-impeller","10":"product_shipping_class-paket-0-10-kg","12":"first","13":"instock","14":"sale","15":"taxable","16":"shipping-taxable","17":"purchasable","18":"product-type-simple"},"group_of_quantity":0,"min_quantity":0,"max_quantity":"","exclude_order_quantity_value_rules":"no","exclude_category_quantity_rules":"no","combine_variations":"no","locations":[{"id":3905,"name":"AB Marine","slug":"ab-marine-service","quantity":""},{"id":3906,"name":"Dintra","slug":"dintra","quantity":""}],"_links":{"self":[{"href":"https:\/\/ab-marineservice.com\/de\/wp-json\/wp\/v2\/product\/52956","targetHints":{"allow":["GET"]}}],"collection":[{"href":"https:\/\/ab-marineservice.com\/de\/wp-json\/wp\/v2\/product"}],"about":[{"href":"https:\/\/ab-marineservice.com\/de\/wp-json\/wp\/v2\/types\/product"}],"replies":[{"embeddable":true,"href":"https:\/\/ab-marineservice.com\/de\/wp-json\/wp\/v2\/comments?post=52956"}],"wp:featuredmedia":[{"embeddable":true,"href":"https:\/\/ab-marineservice.com\/de\/wp-json\/wp\/v2\/media\/85232"}],"wp:attachment":[{"href":"https:\/\/ab-marineservice.com\/de\/wp-json\/wp\/v2\/media?parent=52956"}],"wp:term":[{"taxonomy":"location","embeddable":true,"href":"https:\/\/ab-marineservice.com\/de\/wp-json\/wp\/v2\/location?post=52956"},{"taxonomy":"product_brand","embeddable":true,"href":"https:\/\/ab-marineservice.com\/de\/wp-json\/wp\/v2\/product_brand?post=52956"},{"taxonomy":"product_cat","embeddable":true,"href":"https:\/\/ab-marineservice.com\/de\/wp-json\/wp\/v2\/product_cat?post=52956"},{"taxonomy":"product_tag","embeddable":true,"href":"https:\/\/ab-marineservice.com\/de\/wp-json\/wp\/v2\/product_tag?post=52956"}],"curies":[{"name":"wp","href":"https:\/\/api.w.org\/{rel}","templated":true}]}}