{"id":55843,"date":"2021-07-28T14:41:59","date_gmt":"2021-07-28T12:42:00","guid":{"rendered":"https:\/\/ab-marineservice.com\/?post_type=product&#038;p=55843"},"modified":"2024-06-03T15:58:59","modified_gmt":"2024-06-03T13:58:59","slug":"edelstahl-auslass-spiegeldurchfuhrung-101-mm","status":"publish","type":"product","link":"https:\/\/ab-marineservice.com\/de\/produkt\/edelstahl-auslass-spiegeldurchfuhrung-101-mm\/","title":{"rendered":"Edelstahl Auslass Spiegeldurchf\u00fchrung \u00f8 101mm, recht"},"content":{"rendered":"","protected":false},"excerpt":{"rendered":"<p>Edelstahl Auslass Spiegeldurchf\u00fchrung mit verzinkten L\u00f6chern.<\/p>\n<p>Die Durchf\u00fchrungsgr\u00f6\u00dfe ist auch die Gr\u00f6\u00dfe, auf die der Schlauch passt, oder die Innengr\u00f6\u00dfe unserer Schl\u00e4uche.<\/p>\n<p>L\u00e4nge: 130.00 mm<br \/>\n\u00d82: 151.00 mm<br \/>\n\u00d81: 101.00 mm<\/p>\n","protected":false},"featured_media":31087,"comment_status":"open","ping_status":"closed","template":"","meta":[],"location":[3905,4172],"product_brand":[],"product_cat":[1358,2886],"product_tag":[],"class_list":{"0":"post-55843","1":"product","2":"type-product","3":"status-publish","4":"has-post-thumbnail","6":"location-ab-marine-service","7":"location-clouds","8":"product_cat-zubehor-auspuff","9":"product_cat-auspuff-spiegeldurchfuhrung-es","10":"product_shipping_class-paket-0-10-kg","12":"first","13":"instock","14":"sale","15":"taxable","16":"shipping-taxable","17":"purchasable","18":"product-type-simple"},"group_of_quantity":0,"min_quantity":0,"max_quantity":"","exclude_order_quantity_value_rules":"no","exclude_category_quantity_rules":"no","combine_variations":"no","locations":[{"id":3905,"name":"AB Marine","slug":"ab-marine-service","quantity":""},{"id":4172,"name":"Clouds","slug":"clouds","quantity":""}],"_links":{"self":[{"href":"https:\/\/ab-marineservice.com\/de\/wp-json\/wp\/v2\/product\/55843","targetHints":{"allow":["GET"]}}],"collection":[{"href":"https:\/\/ab-marineservice.com\/de\/wp-json\/wp\/v2\/product"}],"about":[{"href":"https:\/\/ab-marineservice.com\/de\/wp-json\/wp\/v2\/types\/product"}],"replies":[{"embeddable":true,"href":"https:\/\/ab-marineservice.com\/de\/wp-json\/wp\/v2\/comments?post=55843"}],"wp:featuredmedia":[{"embeddable":true,"href":"https:\/\/ab-marineservice.com\/de\/wp-json\/wp\/v2\/media\/31087"}],"wp:attachment":[{"href":"https:\/\/ab-marineservice.com\/de\/wp-json\/wp\/v2\/media?parent=55843"}],"wp:term":[{"taxonomy":"location","embeddable":true,"href":"https:\/\/ab-marineservice.com\/de\/wp-json\/wp\/v2\/location?post=55843"},{"taxonomy":"product_brand","embeddable":true,"href":"https:\/\/ab-marineservice.com\/de\/wp-json\/wp\/v2\/product_brand?post=55843"},{"taxonomy":"product_cat","embeddable":true,"href":"https:\/\/ab-marineservice.com\/de\/wp-json\/wp\/v2\/product_cat?post=55843"},{"taxonomy":"product_tag","embeddable":true,"href":"https:\/\/ab-marineservice.com\/de\/wp-json\/wp\/v2\/product_tag?post=55843"}],"curies":[{"name":"wp","href":"https:\/\/api.w.org\/{rel}","templated":true}]}}