{"id":55935,"date":"2021-07-30T15:06:25","date_gmt":"2021-07-30T13:06:25","guid":{"rendered":"https:\/\/ab-marineservice.com\/?post_type=product&#038;p=55935"},"modified":"2026-01-05T16:47:08","modified_gmt":"2026-01-05T15:47:08","slug":"motorstutzensatz-yanmar-2qm15-2gm20","status":"publish","type":"product","link":"https:\/\/ab-marineservice.com\/de\/produkt\/motorstutzensatz-yanmar-2qm15-2gm20\/","title":{"rendered":"Motorst\u00fctzensatz Yanmar  2QM15 2QM20 2GM20"},"content":{"rendered":"<p>Der interne Puffer dieses einzigartigen Schwingungsd\u00e4mpfers sorgt daf\u00fcr, dass die Bewegung des Motors in alle Richtungen begrenzt wird.<br \/>\nDie Motoraufh\u00e4ngung wurde speziell f\u00fcr Schiffsmaschinen entwickelt, die eine niedrige Frequenz erzeugen, aber mit einer gro\u00dfen Amplitude (Ausschlag), wie Motoren mit 1 oder 2 Zylindern.<br \/>\nDurch die Zusammensetzung dieses Schwingungsd\u00e4mpfers wird die hohe Frequenz der 2-Zylinder-Motoren sehr gut reduziert und die Masse in Schach gehalten.<br \/>\nDadurch bietet er den perfekten Puffer zwischen dem Motor und der Motorfundament.<\/p>\n","protected":false},"excerpt":{"rendered":"<p>Geeignetes Tragverm\u00f6gen f\u00fcr die Yanmar 2QM15 2QM20 2GM20<\/p>\n<p>Steckma\u00df 76,00 mm<\/p>\n<p>Stellstift: M12 (12,00mm)<\/p>\n<p>Einrichten von flexiblen Schwingungsd\u00e4mpfern: <a href=\"https:\/\/ab-marineservice.com\/wp-content\/uploads\/2022\/08\/Correcte-afstelling-van-flexibele-trillingdempers-voor-een-scheepsmotor.pdf\">Bedingungen f\u00fcr die richtige Einstellung<\/a><\/p>\n","protected":false},"featured_media":140312,"comment_status":"open","ping_status":"closed","template":"","meta":[],"location":[15440],"product_brand":[],"product_cat":[1222,1431,4075],"product_tag":[],"class_list":{"0":"post-55935","1":"product","2":"type-product","3":"status-publish","4":"has-post-thumbnail","6":"location-vce","7":"product_cat-motorteile","8":"product_cat-motorstutzen","9":"product_cat-motorspezifisch","10":"product_shipping_class-paket-0-10-kg","12":"first","13":"onbackorder","14":"sale","15":"taxable","16":"shipping-taxable","17":"purchasable","18":"product-type-simple"},"group_of_quantity":0,"min_quantity":0,"max_quantity":"","exclude_order_quantity_value_rules":"no","exclude_category_quantity_rules":"no","combine_variations":"no","locations":[{"id":15440,"name":"VCE","slug":"vce","quantity":""}],"_links":{"self":[{"href":"https:\/\/ab-marineservice.com\/de\/wp-json\/wp\/v2\/product\/55935","targetHints":{"allow":["GET"]}}],"collection":[{"href":"https:\/\/ab-marineservice.com\/de\/wp-json\/wp\/v2\/product"}],"about":[{"href":"https:\/\/ab-marineservice.com\/de\/wp-json\/wp\/v2\/types\/product"}],"replies":[{"embeddable":true,"href":"https:\/\/ab-marineservice.com\/de\/wp-json\/wp\/v2\/comments?post=55935"}],"wp:featuredmedia":[{"embeddable":true,"href":"https:\/\/ab-marineservice.com\/de\/wp-json\/wp\/v2\/media\/140312"}],"wp:attachment":[{"href":"https:\/\/ab-marineservice.com\/de\/wp-json\/wp\/v2\/media?parent=55935"}],"wp:term":[{"taxonomy":"location","embeddable":true,"href":"https:\/\/ab-marineservice.com\/de\/wp-json\/wp\/v2\/location?post=55935"},{"taxonomy":"product_brand","embeddable":true,"href":"https:\/\/ab-marineservice.com\/de\/wp-json\/wp\/v2\/product_brand?post=55935"},{"taxonomy":"product_cat","embeddable":true,"href":"https:\/\/ab-marineservice.com\/de\/wp-json\/wp\/v2\/product_cat?post=55935"},{"taxonomy":"product_tag","embeddable":true,"href":"https:\/\/ab-marineservice.com\/de\/wp-json\/wp\/v2\/product_tag?post=55935"}],"curies":[{"name":"wp","href":"https:\/\/api.w.org\/{rel}","templated":true}]}}