{"id":57578,"date":"2021-09-01T19:33:57","date_gmt":"2021-09-01T17:33:57","guid":{"rendered":"https:\/\/ab-marineservice.com\/?post_type=product&#038;p=57578"},"modified":"2024-05-30T18:40:14","modified_gmt":"2024-05-30T16:40:14","slug":"relais-windenmotor-umkehrrelais-12v-250a","status":"publish","type":"product","link":"https:\/\/ab-marineservice.com\/de\/produkt\/relais-windenmotor-umkehrrelais-12v-250a\/","title":{"rendered":"Relais Windenmotor Umkehrrelais 12V 250A"},"content":{"rendered":"","protected":false},"excerpt":{"rendered":"<p>Spezifikationen<\/p>\n<p>Volt: 12<br \/>\nAmpere: 250A (max)<br \/>\nAnschluss M6 (4x)<\/p>\n<p>Kommt vor auf Winch Kit Bomabardier Polaris WIN0010, WIN0013, WIN0017<\/p>\n<p>Lester Nummern 10900, 10903, 10907<br \/>\n67792<br \/>\n240-22034<br \/>\n74900<br \/>\n2875714<br \/>\n67-792<\/p>\n<p>Hinweis 1: Schalter\/Umkehrschalter f\u00fcr Windenmotoren<br \/>\nHinweis 2: Zum Betrieb der Relais ist ein entsprechender Wippschalter erforderlich<br \/>\nHinweis 3: Der Wippschalter erfordert einen Schalter mit drei Dr\u00e4hten. Zwei Dr\u00e4hte zum Sch\u00fctz und einer zum Keyed Power<\/p>\n","protected":false},"featured_media":57600,"comment_status":"open","ping_status":"closed","template":"","meta":[],"location":[3905,4160,20835,3980],"product_brand":[],"product_cat":[1222,1208,1273,1280],"product_tag":[],"class_list":{"0":"post-57578","1":"product","2":"type-product","3":"status-publish","4":"has-post-thumbnail","6":"location-ab-marine-service","7":"location-psh","8":"location-psh-poland","9":"location-wai","10":"product_cat-motorteile","11":"product_cat-elektrische-bauteile","12":"product_cat-relais-de","13":"product_cat-relais-hohe-leistung-12v","14":"product_shipping_class-paket-0-10-kg","16":"first","17":"instock","18":"taxable","19":"shipping-taxable","20":"purchasable","21":"product-type-simple"},"group_of_quantity":0,"min_quantity":0,"max_quantity":"","exclude_order_quantity_value_rules":"no","exclude_category_quantity_rules":"no","combine_variations":"no","locations":[{"id":3905,"name":"AB Marine","slug":"ab-marine-service","quantity":""},{"id":4160,"name":"PSH","slug":"psh","quantity":""},{"id":20835,"name":"PSH Poland","slug":"psh-poland","quantity":""}],"_links":{"self":[{"href":"https:\/\/ab-marineservice.com\/de\/wp-json\/wp\/v2\/product\/57578","targetHints":{"allow":["GET"]}}],"collection":[{"href":"https:\/\/ab-marineservice.com\/de\/wp-json\/wp\/v2\/product"}],"about":[{"href":"https:\/\/ab-marineservice.com\/de\/wp-json\/wp\/v2\/types\/product"}],"replies":[{"embeddable":true,"href":"https:\/\/ab-marineservice.com\/de\/wp-json\/wp\/v2\/comments?post=57578"}],"wp:featuredmedia":[{"embeddable":true,"href":"https:\/\/ab-marineservice.com\/de\/wp-json\/wp\/v2\/media\/57600"}],"wp:attachment":[{"href":"https:\/\/ab-marineservice.com\/de\/wp-json\/wp\/v2\/media?parent=57578"}],"wp:term":[{"taxonomy":"location","embeddable":true,"href":"https:\/\/ab-marineservice.com\/de\/wp-json\/wp\/v2\/location?post=57578"},{"taxonomy":"product_brand","embeddable":true,"href":"https:\/\/ab-marineservice.com\/de\/wp-json\/wp\/v2\/product_brand?post=57578"},{"taxonomy":"product_cat","embeddable":true,"href":"https:\/\/ab-marineservice.com\/de\/wp-json\/wp\/v2\/product_cat?post=57578"},{"taxonomy":"product_tag","embeddable":true,"href":"https:\/\/ab-marineservice.com\/de\/wp-json\/wp\/v2\/product_tag?post=57578"}],"curies":[{"name":"wp","href":"https:\/\/api.w.org\/{rel}","templated":true}]}}