{"id":57937,"date":"2021-09-03T13:25:44","date_gmt":"2021-09-03T11:25:44","guid":{"rendered":"https:\/\/ab-marineservice.com\/product\/homokinetischer-antrieb-4-p30-r-python-bis-zu-50-ps-3000-u-min\/"},"modified":"2026-04-10T16:00:57","modified_gmt":"2026-04-10T14:00:57","slug":"homokinetischer-antrieb-4-p30-r-python-bis-zu-50-ps-3000-u-min","status":"publish","type":"product","link":"https:\/\/ab-marineservice.com\/de\/produkt\/homokinetischer-antrieb-4-p30-r-python-bis-zu-50-ps-3000-u-min\/","title":{"rendered":"Python-Drive Gelenkwelle P30-R bis 50 PS komplett"},"content":{"rendered":"<p>Python Gelenkwelle P30-R 50 PS (inklusive Adapterplatte und Propellerwellenklemme). Dieser Python-Drive ist das Antriebssystem f\u00fcr Yachten, Kutter und Arbeitsboote.<\/p>\n<p>Bei jeder Bestellung eines ausgew\u00e4hlten Antriebs geben Sie bitte die folgenden Informationen an und erhalten Sie das Set:<\/p>\n<p>Motorleistung und max. Drehzahl<br \/>\nMarke<br \/>\nTyp<br \/>\nReduzierung des R\u00fcckw\u00e4rtsgetriebes<br \/>\nBohrkreisdurchmesser und Zentrierkante der Ausflanschung<br \/>\nDurchmesser der Propellerwelle<\/p>\n<p>Brauchen Sie Hilfe? <a href=\"https:\/\/ab-marineservice.com\/de\/kontakt\/\">Kontaktieren Sie uns gerne<\/a>.<\/p>\n","protected":false},"excerpt":{"rendered":"<p>Berechnen Sie hier das richtige <a href=\"https:\/\/ab-marineservice.com\/de\/calculation-correct-python-drive-model\/\">Python-Drive Modell (Link)<\/a> f\u00fcr Ihr Boot.<\/p>\n<p>Vereinfachen Sie die Installation mit der Montageplatte: <a href=\"https:\/\/ab-marineservice.com\/de\/produkt\/python-drive-p30-r-montageplatte-einfache-und-schnelle-installation\/\">Montageplatte P30-R<\/a> finden Sie hier das <strong>Angebot<\/strong> inklusive Montageplatte: <a href=\"https:\/\/ab-marineservice.com\/de\/produkt\/python-drive-gelenkwelle-p30-r-bis-50-ps-mit-montageplatte\/\">Python-Drive P30R + Montageplatte<\/a><\/p>\n<p>Das Python-Drive ist ein komplettes Antriebssystem f\u00fcr Yachten, Kutter und Arbeitsboote in allen Gr\u00f6\u00dfen. Nach der Montage eines Python-Drives ist das periodische Ausrichten des Motors zur Propellerwelle nicht mehr erforderlich, l\u00e4stige axiale Antriebsreaktionen zwischen Motor und Propellerwelle werden eliminiert und der Schub wird sanft \u00fcber die spezielle Aufh\u00e4ngung des St\u00fctzlagers in Gummi an den Rumpf des Bootes \u00fcbertragen. Das Herzst\u00fcck jedes Python-Drives ist die wartungsfreie homokinetische Antriebswelle, die in allen Ausf\u00fchrungen gro\u00dfz\u00fcgig f\u00fcr ihre Aufgabe berechnet ist. Das St\u00fctzlager ist f\u00fcr alle Modelle kr\u00e4ftig dimensioniert und wartungsfrei. Das St\u00fctzlager wird mit Hilfe eines Klemmsystems montiert, das die Propellerwelle in der Position zentriert, in der sie hingeh\u00f6rt, direkt hinter der <a href=\"https:\/\/ab-marineservice.com\/de\/produkt-kategorie\/antriebe\/python-homokinetische-antriebe\/\">homokinetischen Antriebswelle<\/a>.<\/p>\n<table border=\"0\" width=\"844\" cellspacing=\"0\" cellpadding=\"0\">\n<colgroup>\n<col width=\"564\" \/>\n<\/colgroup>\n<tbody>\n<tr>\n<td height=\"20\">Maximales Askoppel<\/td>\n<td>30 kgm  294 Nm<\/td>\n<\/tr>\n<tr>\n<td height=\"20\">Durchmesser der Propellerwelle<\/td>\n<td>20, 25 und 30 mm., 0,75&#8243;, 0,875&#8243;, 1&#8243; und 1,125&#8243;<\/td>\n<\/tr>\n<tr>\n<td height=\"20\">Maximaler Schub<\/td>\n<td>4,3 kN<\/td>\n<\/tr>\n<tr>\n<td height=\"20\">Beispielanwendung mit Dieselmotor<\/td>\n<td>50 PS \/ 3000 U\/min 2,5:1 R\u00fcckw\u00e4rtsgetriebe<\/td>\n<\/tr>\n<tr>\n<td height=\"20\">L\u00e4nge der homokinetischen Welle nach Wahl 145, 165 oder 195 mm ohne Mehrpreis.<\/td>\n<td><\/td>\n<\/tr>\n<\/tbody>\n<\/table>\n<p><a href=\"https:\/\/ab-marineservice.com\/wp-content\/uploads\/2021\/03\/Handleiding-Python-Drive-NED.pdf\" target=\"_blank\" rel=\"noopener\">(Link) Python Drive Anleitung<\/a><\/p>\n","protected":false},"featured_media":57664,"comment_status":"open","ping_status":"closed","template":"","meta":[],"location":[],"product_brand":[25931],"product_cat":[1222,3457,3830,14500,14498,3794],"product_tag":[],"class_list":{"0":"post-57937","1":"product","2":"type-product","3":"status-publish","4":"has-post-thumbnail","6":"product_brand-python-drive","7":"product_cat-motorteile","8":"product_cat-antriebe","9":"product_cat-python-homokinetische-antriebe","10":"product_cat-python-drive-standard","11":"product_cat-python-drive-de","12":"product_cat-python-drive-p30-r-50pk-294nm-de","13":"product_shipping_class-paket-0-10-kg","15":"first","16":"onbackorder","17":"sale","18":"taxable","19":"shipping-taxable","20":"purchasable","21":"product-type-simple"},"group_of_quantity":0,"min_quantity":0,"max_quantity":"","exclude_order_quantity_value_rules":"no","exclude_category_quantity_rules":"no","combine_variations":"no","locations":[{"id":15436,"name":"Python drive","slug":"python-drive","quantity":""}],"_links":{"self":[{"href":"https:\/\/ab-marineservice.com\/de\/wp-json\/wp\/v2\/product\/57937","targetHints":{"allow":["GET"]}}],"collection":[{"href":"https:\/\/ab-marineservice.com\/de\/wp-json\/wp\/v2\/product"}],"about":[{"href":"https:\/\/ab-marineservice.com\/de\/wp-json\/wp\/v2\/types\/product"}],"replies":[{"embeddable":true,"href":"https:\/\/ab-marineservice.com\/de\/wp-json\/wp\/v2\/comments?post=57937"}],"wp:featuredmedia":[{"embeddable":true,"href":"https:\/\/ab-marineservice.com\/de\/wp-json\/wp\/v2\/media\/57664"}],"wp:attachment":[{"href":"https:\/\/ab-marineservice.com\/de\/wp-json\/wp\/v2\/media?parent=57937"}],"wp:term":[{"taxonomy":"location","embeddable":true,"href":"https:\/\/ab-marineservice.com\/de\/wp-json\/wp\/v2\/location?post=57937"},{"taxonomy":"product_brand","embeddable":true,"href":"https:\/\/ab-marineservice.com\/de\/wp-json\/wp\/v2\/product_brand?post=57937"},{"taxonomy":"product_cat","embeddable":true,"href":"https:\/\/ab-marineservice.com\/de\/wp-json\/wp\/v2\/product_cat?post=57937"},{"taxonomy":"product_tag","embeddable":true,"href":"https:\/\/ab-marineservice.com\/de\/wp-json\/wp\/v2\/product_tag?post=57937"}],"curies":[{"name":"wp","href":"https:\/\/api.w.org\/{rel}","templated":true}]}}