{"id":57979,"date":"2021-09-03T13:26:35","date_gmt":"2021-09-03T11:26:35","guid":{"rendered":"https:\/\/ab-marineservice.com\/product\/homokinetischer-antrieb-4-p140-t-python-bis-zu-190-ps-2500-u-min\/"},"modified":"2025-10-18T11:23:08","modified_gmt":"2025-10-18T09:23:08","slug":"homokinetischer-antrieb-4-p140-t-python-bis-zu-190-ps-2500-u-min","status":"publish","type":"product","link":"https:\/\/ab-marineservice.com\/de\/produkt\/homokinetischer-antrieb-4-p140-t-python-bis-zu-190-ps-2500-u-min\/","title":{"rendered":"Homokinetischer Antrieb P140-T Python bis zu 190 PS 2500 U\/min"},"content":{"rendered":"<p>Kompletter homokinetischer Antrieb und Kupplung erhalten<br \/>\nBei der Bestellung eines ausgew\u00e4hlten Antriebs geben Sie bitte Folgendes an und erhalten Sie der Satz:<\/p>\n<p>Motorleistung und maximale Drehzahl<br \/>\nMarke<br \/>\nTyp<br \/>\nReduktion des Wendegetriebes<br \/>\n\u00dcberstehender Kreis und Zentrierkante des Abgangsflansches<br \/>\nDurchmesser der Propellerwelle<\/p>\n","protected":false},"excerpt":{"rendered":"<p>Der Python-Drive ist ein komplettes Antriebsystem f\u00fcr Yachten, Schluppen und Berufsschiffe jeder Art und Gr\u00f6\u00dfe. Nach Montage eines Python-Drive ist ein genaues Ausrichten des Motors zur Propellerwelle nicht l\u00e4nger notwendig, werden axiale Schubkr\u00e4fte von der Propellerwelle zum Getriebe\/Motor eliminiert und der Propellerschub via Spezial-Aufh\u00e4ngung des Drucklagers \u00fcber die Gummi-Elemente \u2018weich und fein ged\u00e4mpft\u2019 \u00fcbertragen.<br \/>\nDas Herz eines jeden Python-Drive ist die wartungsfreie homokinetische Gelenkwelle, die f\u00fcr Anwendung ausreichend ausgelegt ist.<br \/>\nDas Drucklager ist in allen Modellen \u00fcberdimensioniert und wartungsfrei. Die Montage des Drucklagers erfolgt \u00fcber einen Klemmring, der die Propellerwelle dort zentriert, wo sie hingeh\u00f6rt; direkt hinter der homokinetischen Antriebswelle.<\/p>\n<table border=\"0\" width=\"844\" cellspacing=\"0\" cellpadding=\"0\">\n<colgroup>\n<col width=\"564\" \/><\/colgroup>\n<tbody>\n<tr>\n<td height=\"20\">Max. Drehmoment<\/td>\n<td>140 kgm 1.370 Nm<\/td>\n<\/tr>\n<tr>\n<td height=\"20\">Wellendurchmesser<\/td>\n<td>40, 45, 50 und 55 mm, 1,5&#8243;, 1,75&#8243; und 2&#8243;<\/td>\n<\/tr>\n<tr>\n<td height=\"20\">Maximaler Schub<\/td>\n<td>18 kN<\/td>\n<\/tr>\n<tr>\n<td height=\"20\">Anwendungsbeispiel mit Dieselmotor<\/td>\n<td>190 PS \/ 2500 U\/min 2.5:1 Wendegetriebe<\/td>\n<\/tr>\n<\/tbody>\n<\/table>\n<p><a href=\"https:\/\/ab-marineservice.com\/wp-content\/uploads\/2021\/09\/Handleiding-Python-Drive-Duits.pdf\" target=\"_blank\" rel=\"noopener\">Betriebsanleitung Python-Antrieb<\/a><\/p>\n","protected":false},"featured_media":87805,"comment_status":"open","ping_status":"closed","template":"","meta":[],"location":[15436],"product_brand":[],"product_cat":[1222,3457,3830,14500,14498,3808],"product_tag":[],"class_list":{"0":"post-57979","1":"product","2":"type-product","3":"status-publish","4":"has-post-thumbnail","6":"location-python-drive","7":"product_cat-motorteile","8":"product_cat-antriebe","9":"product_cat-python-homokinetische-antriebe","10":"product_cat-python-drive-standard","11":"product_cat-python-drive-de","12":"product_cat-python-drive-p140-t-190pk-1370nm-de","13":"product_shipping_class-paket-0-10-kg","15":"first","16":"onbackorder","17":"sale","18":"taxable","19":"shipping-taxable","20":"purchasable","21":"product-type-simple"},"group_of_quantity":0,"min_quantity":0,"max_quantity":"","exclude_order_quantity_value_rules":"no","exclude_category_quantity_rules":"no","combine_variations":"no","locations":[{"id":15436,"name":"Python drive","slug":"python-drive","quantity":""}],"_links":{"self":[{"href":"https:\/\/ab-marineservice.com\/de\/wp-json\/wp\/v2\/product\/57979","targetHints":{"allow":["GET"]}}],"collection":[{"href":"https:\/\/ab-marineservice.com\/de\/wp-json\/wp\/v2\/product"}],"about":[{"href":"https:\/\/ab-marineservice.com\/de\/wp-json\/wp\/v2\/types\/product"}],"replies":[{"embeddable":true,"href":"https:\/\/ab-marineservice.com\/de\/wp-json\/wp\/v2\/comments?post=57979"}],"wp:featuredmedia":[{"embeddable":true,"href":"https:\/\/ab-marineservice.com\/de\/wp-json\/wp\/v2\/media\/87805"}],"wp:attachment":[{"href":"https:\/\/ab-marineservice.com\/de\/wp-json\/wp\/v2\/media?parent=57979"}],"wp:term":[{"taxonomy":"location","embeddable":true,"href":"https:\/\/ab-marineservice.com\/de\/wp-json\/wp\/v2\/location?post=57979"},{"taxonomy":"product_brand","embeddable":true,"href":"https:\/\/ab-marineservice.com\/de\/wp-json\/wp\/v2\/product_brand?post=57979"},{"taxonomy":"product_cat","embeddable":true,"href":"https:\/\/ab-marineservice.com\/de\/wp-json\/wp\/v2\/product_cat?post=57979"},{"taxonomy":"product_tag","embeddable":true,"href":"https:\/\/ab-marineservice.com\/de\/wp-json\/wp\/v2\/product_tag?post=57979"}],"curies":[{"name":"wp","href":"https:\/\/api.w.org\/{rel}","templated":true}]}}