{"id":58038,"date":"2021-09-03T13:27:48","date_gmt":"2021-09-03T11:58:28","guid":{"rendered":"https:\/\/ab-marineservice.com\/product\/drucklagereinheit-komplett-python-bis-zu-800-ps-1900-u-min\/"},"modified":"2025-11-25T09:56:18","modified_gmt":"2025-11-25T08:56:18","slug":"drucklagereinheit-komplett-pd-g-p1025-python-bis-zu-800-ps-1900-u-min","status":"publish","type":"product","link":"https:\/\/ab-marineservice.com\/de\/produkt\/drucklagereinheit-komplett-pd-g-p1025-python-bis-zu-800-ps-1900-u-min\/","title":{"rendered":"Drucklagereinheit komplett PD-G (P1025), Python bis zu 800 PS 1900 U\/min"},"content":{"rendered":"<p>Drucklagereinheit komplett PD-G (P1025), Python bis zu 800 PS 1900 U\/min<\/p>\n<p>Kompletter homokinetischer Antrieb und Kupplung erhalten<br \/>\nBei der Bestellung eines ausgew\u00e4hlten Antriebs geben Sie bitte Folgendes an und erhalten Sie der Satz:<\/p>\n<p>Motorleistung und maximale Drehzahl<br \/>\nMarke<br \/>\nTyp<br \/>\nReduktion des Wendegetriebes<br \/>\n\u00dcberstehender Kreis und Zentrierkante des Abgangsflansches<br \/>\nDurchmesser der Propellerwelle<\/p>\n","protected":false},"excerpt":{"rendered":"<p>Der Python-Drive ist ein komplettes Antriebsystem f\u00fcr Yachten, Schluppen und Berufsschiffe jeder Art und Gr\u00f6\u00dfe. Nach Montage eines Python-Drive ist ein genaues Ausrichten des Motors zur Propellerwelle nicht l\u00e4nger notwendig, werden axiale Schubkr\u00e4fte von der Propellerwelle zum Getriebe\/Motor eliminiert und der Propellerschub via Spezial-Aufh\u00e4ngung des Drucklagers \u00fcber die Gummi-Elemente \u2018weich und fein ged\u00e4mpft\u2019 \u00fcbertragen.<br \/>\nDas Herz eines jeden Python-Drive ist die wartungsfreie homokinetische Gelenkwelle, die f\u00fcr Anwendung ausreichend ausgelegt ist.<br \/>\nDas Drucklager ist in allen Modellen \u00fcberdimensioniert und wartungsfrei. Die Montage des Drucklagers erfolgt \u00fcber einen Klemmring, der die Propellerwelle dort zentriert, wo sie hingeh\u00f6rt; direkt hinter der homokinetischen Antriebswelle.<\/p>\n<p>Typ P1025-G<\/p>\n<table border=\"0\" width=\"844\" cellspacing=\"0\" cellpadding=\"0\">\n<colgroup>\n<col width=\"564\" \/><\/colgroup>\n<tbody>\n<tr>\n<td height=\"20\">Max. Drehmoment<\/td>\n<td>1000 kgm\u00a0 9.810 Nm<\/td>\n<\/tr>\n<tr>\n<\/tr>\n<tr>\n<td height=\"20\">Wellendurchmesser<\/td>\n<td>70 &#8211; 100 mm<\/td>\n<\/tr>\n<tr>\n<td height=\"20\">Maximaler Schub<\/td>\n<td>60 kN<\/td>\n<\/tr>\n<tr>\n<td height=\"20\">Anwendungsbeispiel mit Dieselmotor<\/td>\n<td>800 PS \/ 1900 U\/min\u00a0 3:1 Wendegetriebe<\/td>\n<\/tr>\n<tr>\n<td height=\"20\">Empfohlene Drehzahl Propellerwelle Typ PD-G<\/td>\n<td>Max. 1500 U\/min<\/td>\n<\/tr>\n<\/tbody>\n<\/table>\n<p><a href=\"https:\/\/ab-marineservice.com\/wp-content\/uploads\/2021\/09\/Handleiding-Python-Drive-Duits.pdf\" target=\"_blank\" rel=\"noopener\">Betriebsanleitung Python-Antrieb<\/a><\/p>\n","protected":false},"featured_media":121811,"comment_status":"open","ping_status":"closed","template":"","meta":[],"location":[15436],"product_brand":[],"product_cat":[14496],"product_tag":[],"class_list":{"0":"post-58038","1":"product","2":"type-product","3":"status-publish","4":"has-post-thumbnail","6":"location-python-drive","7":"product_cat-thrust-bearing","8":"product_shipping_class-paket-0-10-kg","10":"first","11":"onbackorder","12":"sale","13":"taxable","14":"shipping-taxable","15":"purchasable","16":"product-type-simple"},"group_of_quantity":0,"min_quantity":0,"max_quantity":"","exclude_order_quantity_value_rules":"no","exclude_category_quantity_rules":"no","combine_variations":"no","locations":[{"id":15436,"name":"Python drive","slug":"python-drive","quantity":""}],"_links":{"self":[{"href":"https:\/\/ab-marineservice.com\/de\/wp-json\/wp\/v2\/product\/58038","targetHints":{"allow":["GET"]}}],"collection":[{"href":"https:\/\/ab-marineservice.com\/de\/wp-json\/wp\/v2\/product"}],"about":[{"href":"https:\/\/ab-marineservice.com\/de\/wp-json\/wp\/v2\/types\/product"}],"replies":[{"embeddable":true,"href":"https:\/\/ab-marineservice.com\/de\/wp-json\/wp\/v2\/comments?post=58038"}],"wp:featuredmedia":[{"embeddable":true,"href":"https:\/\/ab-marineservice.com\/de\/wp-json\/wp\/v2\/media\/121811"}],"wp:attachment":[{"href":"https:\/\/ab-marineservice.com\/de\/wp-json\/wp\/v2\/media?parent=58038"}],"wp:term":[{"taxonomy":"location","embeddable":true,"href":"https:\/\/ab-marineservice.com\/de\/wp-json\/wp\/v2\/location?post=58038"},{"taxonomy":"product_brand","embeddable":true,"href":"https:\/\/ab-marineservice.com\/de\/wp-json\/wp\/v2\/product_brand?post=58038"},{"taxonomy":"product_cat","embeddable":true,"href":"https:\/\/ab-marineservice.com\/de\/wp-json\/wp\/v2\/product_cat?post=58038"},{"taxonomy":"product_tag","embeddable":true,"href":"https:\/\/ab-marineservice.com\/de\/wp-json\/wp\/v2\/product_tag?post=58038"}],"curies":[{"name":"wp","href":"https:\/\/api.w.org\/{rel}","templated":true}]}}