{"id":58923,"date":"2021-09-21T08:53:00","date_gmt":"2021-09-21T06:53:00","guid":{"rendered":"https:\/\/ab-marineservice.com\/?post_type=product&#038;p=58923"},"modified":"2026-01-19T10:48:53","modified_gmt":"2026-01-19T09:48:53","slug":"zipwake-dynamisches-trimm-kontrollsystem-serie-450-s-satz","status":"publish","type":"product","link":"https:\/\/ab-marineservice.com\/de\/produkt\/zipwake-dynamisches-trimm-kontrollsystem-serie-450-s-satz\/","title":{"rendered":"Dynamisches Trimm Kontrollsystem, Serie 450-S Satz"},"content":{"rendered":"<div class=\"ty-product-block ty-product-detail\">\n<div id=\"tabs_content\" class=\"cm-tabs-content ty-tabs__content clearfix\">\n<div id=\"content_description\" class=\"ty-wysiwyg-content content-description\">\n<p>Video: Zipwake vs Trimtabs<\/p>\n<p><iframe loading=\"lazy\" title=\"Zipwake vs Trimtabs\" src=\"https:\/\/www.youtube.com\/embed\/czxjXSt1bEk\" width=\"1396\" height=\"785\" frameborder=\"0\" allowfullscreen=\"allowfullscreen\"><\/iframe><\/p>\n<p>Video: Zipwake Dynamic Trim Control System vs. Trim Tabs \u2013 der ultimative Test!<\/p>\n<p><iframe loading=\"lazy\" title=\"Zipwake Dynamic Trim Control System vs. Trim Tabs \u2013 der ultimative Test!\" src=\"https:\/\/www.youtube.com\/embed\/q0hkYpUPGi4\" width=\"1396\" height=\"785\" frameborder=\"0\" allowfullscreen=\"allowfullscreen\"><\/iframe><\/p>\n<p>Video: ZIPWAKE Adapterplatten Installation<\/p>\n<p><iframe loading=\"lazy\" title=\"ZIPWAKE Adapterplatten\" src=\"https:\/\/www.youtube.com\/embed\/kbhsRbtQypY\" width=\"1396\" height=\"785\" frameborder=\"0\" allowfullscreen=\"allowfullscreen\"><\/iframe><\/p>\n<p>Video: Zipwake Installation \u2013 \u00dcber der Wasserlinie Thru-Hull-Bauinstallation<\/p>\n<p><iframe loading=\"lazy\" title=\"Zipwake Installation \u2013 \u00dcber der Wasserlinie Thru-Hull-Bauinstallation\" src=\"https:\/\/www.youtube.com\/embed\/o5cNu2i3lrU\" width=\"1396\" height=\"785\" frameborder=\"0\" allowfullscreen=\"allowfullscreen\"><\/iframe><\/p>\n<p>Video: Zipwake Installation \u2013 Verdeckte Thru-Hull-Bauinstallation<\/p>\n<p><iframe loading=\"lazy\" title=\"Zipwake Installation \u2013 Verdeckte Thru-Hull-Bauinstallation\" src=\"https:\/\/www.youtube.com\/embed\/mN3_IGmNlaI\" width=\"1396\" height=\"785\" frameborder=\"0\" allowfullscreen=\"allowfullscreen\"><\/iframe><\/p>\n<p>Video: Zipwake \u2013 Hergestellt in Schweden f\u00fcr die Welt<\/p>\n<p><iframe loading=\"lazy\" title=\"Zipwake \u2013 Hergestellt in Schweden f\u00fcr die Welt\" src=\"https:\/\/www.youtube.com\/embed\/c88HxIv7r3I\" width=\"1396\" height=\"785\" frameborder=\"0\" allowfullscreen=\"allowfullscreen\"><\/iframe><\/p>\n<\/div>\n<\/div>\n<\/div>\n","protected":false},"excerpt":{"rendered":"<div data-v-c6f99346=\"\">\n<div><strong>Der Inhalt dieses Sets besteht aus:<\/strong><\/div>\n<div>1 x CP-S Steuerpaneel mit 7 Meter Kabel<\/div>\n<div>1 x DU-S Verteilereinheit mit 3 Meter Stromkabel.<\/div>\n<div>2 x IT450-S Interceptor mit 3 Meter Kabel + Abdeckungen<\/div>\n<div>1 x EC-M12 Verl\u00e4ngerungskabel 1,5 Meter<\/div>\n<div>1 x Benutzerhandbuch<\/div>\n<div>1 x Garantiekarte<\/div>\n<div>1 x Installationshandbuch<\/div>\n<div>1 x Bohrschablone<\/div>\n<div><\/div>\n<\/div>\n<div class=\"row\" data-v-c6f99346=\"\">\n<div class=\"col-md-5 text-left element-short-bottom\" data-v-c6f99346=\"\">\n<p style=\"font-weight: 400;\"><span style=\"font-weight: 400;\">Das Zipwake Dynamic Trim Control System bietet eine revolution\u00e4re L\u00f6sung f\u00fcr Bootseigner, die nach optimierter Leistung, Kraftstoffeffizienz und einem unvergleichlichen Fahrerlebnis streben. Dieses fortschrittliche System, ausgestattet mit hochmodernen, langlebigen und schnell reagierenden Interceptoren, ist vollautomatisch und hebt die Leistung Ihres Bootes auf neue H\u00f6hen.<\/span><\/p>\n<p style=\"font-weight: 400;\"><b>Warum das Zipwake Dynamic Trim Control System w\u00e4hlen?<\/b><\/p>\n<p><i><span style=\"font-weight: 400;\"> Schnelle Anpassungen:<\/span><\/i><span style=\"font-weight: 400;\"> Das Zipwake-System ist \u00e4u\u00dferst effektiv, mit einer Anpassungszeit von nur 1,5 Sekunden. Das ist f\u00fcnfmal schneller als herk\u00f6mmliche Trimtabs, was bedeutet, dass Sie sofort auf sich \u00e4ndernde Bedingungen reagieren k\u00f6nnen.<\/span><\/p>\n<p><i><span style=\"font-weight: 400;\"> Verbesserte Bootleistung:<\/span><\/i><span style=\"font-weight: 400;\"> Erleben Sie m\u00fcheloses Beschleunigen, sanfte Kurven und stabiles Fahren, selbst in rauer See oder bei Wellen. Das System eliminiert dynamisch unangenehmes Stampfen und Rollen, wodurch Ihr Boot in Top-Zustand bleibt.<\/span><\/p>\n<p><i><span style=\"font-weight: 400;\"> Kraftstoffersparnis:<\/span><\/i><span style=\"font-weight: 400;\"> Minimieren Sie automatisch den Widerstand der Bugwelle, was zu erheblichen Kraftstoffeinsparungen f\u00fchrt. Das Zipwake-System ist darauf ausgelegt, die Effizienz zu maximieren, sodass Sie l\u00e4nger fahren k\u00f6nnen und weniger Tankstopps ben\u00f6tigen.<\/span><\/p>\n<p><i><span style=\"font-weight: 400;\"> Qualit\u00e4t und Einfachheit:<\/span><\/i><span style=\"font-weight: 400;\"> Hergestellt aus hochwertigen Materialien und f\u00fcr eine einfache Erweiterbarkeit konzipiert. Zipwake bietet eine kosteng\u00fcnstige Alternative, ohne Kompromisse bei Qualit\u00e4t oder Leistung einzugehen.<\/span><\/p>\n<p><i><span style=\"font-weight: 400;\"> Nahtlose Integration:<\/span><\/i><span style=\"font-weight: 400;\"> Verbinden Sie es einfach mit Ihrem bestehenden Navigationssystem \u00fcber das NMEA 2000 Netzwerkprotokoll. Zipwake integriert sich nahtlos mit Ihrem Boot und gibt Ihnen die Kontrolle ohne Aufwand.<\/span><\/p>\n<p><i><span style=\"font-weight: 400;\"> Einfache Installation:<\/span><\/i><span style=\"font-weight: 400;\"> Schritt-f\u00fcr-Schritt-Anleitungen erm\u00f6glichen es jedem, das System zu installieren, zu integrieren und zu konfigurieren. Keine komplexen Prozesse, einfach zu bedienen.<\/span><\/p>\n<p>Installationsanleitung: <a href=\"https:\/\/ab-marineservice.com\/wp-content\/uploads\/2025\/11\/2012111-zipwake_series_e_installation_guide_en-r2a-2.pdf\" target=\"_blank\" rel=\"noopener\">zipwake serie E<\/a><\/p>\n<p style=\"font-weight: 400;\"><b> <\/b><b>H\u00e4ufig gestellte Fragen: Erfahren Sie mehr \u00fcber das Zipwake Dynamic Trim Control System<\/b><\/p>\n<p style=\"font-weight: 400;\"><span style=\"font-weight: 400;\">M\u00f6chten Sie mehr \u00fcber das Zipwake Dynamic Trim Control System erfahren und wie es die Leistung Ihres Bootes verbessern kann? Finden Sie Antworten auf h\u00e4ufig gestellte Fragen und erfahren Sie mehr \u00fcber die M\u00f6glichkeiten dieses fortschrittlichen Systems. Besuchen Sie unsere<\/span> <a href=\"https:\/\/ab-marineservice.com\/de\/zipwake-systeme-haeufig-gestellte-fragen\/\"><span style=\"font-weight: 400;\">H\u00e4ufig gestellte Fragen <\/span><\/a><span style=\"font-weight: 400;\">f\u00fcr umfassende Informationen.<\/span><\/p>\n<p>Schauen Sie sich auch den youtube <a href=\"https:\/\/www.youtube.com\/@ZipwakeAB\/videos\">Kanal von Zipwake<\/a> f\u00fcr Demonstrations- und Erkl\u00e4rungsvideos an.<\/p>\n<\/div>\n<\/div>\n","protected":false},"featured_media":332151,"comment_status":"open","ping_status":"closed","template":"","meta":[],"location":[6695],"product_brand":[25907],"product_cat":[1208,3841,5620],"product_tag":[],"class_list":{"0":"post-58923","1":"product","2":"type-product","3":"status-publish","4":"has-post-thumbnail","6":"location-exalto","7":"product_brand-zipwake","8":"product_cat-elektrische-bauteile","9":"product_cat-bord-trimm-system","10":"product_cat-zipwake-s-serie-boote-bis-500-m","11":"product_shipping_class-paket-0-10-kg","13":"first","14":"instock","15":"sale","16":"taxable","17":"shipping-taxable","18":"purchasable","19":"product-type-simple"},"group_of_quantity":0,"min_quantity":0,"max_quantity":"","exclude_order_quantity_value_rules":"no","exclude_category_quantity_rules":"no","combine_variations":"no","locations":[{"id":6695,"name":"Exalto","slug":"exalto","quantity":""}],"_links":{"self":[{"href":"https:\/\/ab-marineservice.com\/de\/wp-json\/wp\/v2\/product\/58923","targetHints":{"allow":["GET"]}}],"collection":[{"href":"https:\/\/ab-marineservice.com\/de\/wp-json\/wp\/v2\/product"}],"about":[{"href":"https:\/\/ab-marineservice.com\/de\/wp-json\/wp\/v2\/types\/product"}],"replies":[{"embeddable":true,"href":"https:\/\/ab-marineservice.com\/de\/wp-json\/wp\/v2\/comments?post=58923"}],"wp:featuredmedia":[{"embeddable":true,"href":"https:\/\/ab-marineservice.com\/de\/wp-json\/wp\/v2\/media\/332151"}],"wp:attachment":[{"href":"https:\/\/ab-marineservice.com\/de\/wp-json\/wp\/v2\/media?parent=58923"}],"wp:term":[{"taxonomy":"location","embeddable":true,"href":"https:\/\/ab-marineservice.com\/de\/wp-json\/wp\/v2\/location?post=58923"},{"taxonomy":"product_brand","embeddable":true,"href":"https:\/\/ab-marineservice.com\/de\/wp-json\/wp\/v2\/product_brand?post=58923"},{"taxonomy":"product_cat","embeddable":true,"href":"https:\/\/ab-marineservice.com\/de\/wp-json\/wp\/v2\/product_cat?post=58923"},{"taxonomy":"product_tag","embeddable":true,"href":"https:\/\/ab-marineservice.com\/de\/wp-json\/wp\/v2\/product_tag?post=58923"}],"curies":[{"name":"wp","href":"https:\/\/api.w.org\/{rel}","templated":true}]}}