{"id":64513,"date":"2021-12-17T14:41:28","date_gmt":"2021-12-17T13:41:28","guid":{"rendered":"https:\/\/ab-marineservice.com\/?post_type=product&#038;p=64513"},"modified":"2025-06-17T12:30:25","modified_gmt":"2025-06-17T10:30:25","slug":"gummimuffe-warmetauscher-polar-a3-728-54-28","status":"publish","type":"product","link":"https:\/\/ab-marineservice.com\/de\/produkt\/gummimuffe-warmetauscher-polar-a3-728-54-28\/","title":{"rendered":"Gummimuffe W\u00e4rmetauscher Polar A3\/728 54\/28"},"content":{"rendered":"<h3>Gummimuffe W\u00e4rmetauscher Polar A3\/728 54\/28<\/h3>\n<h3>Spezifikationen:<\/h3>\n<p>Marke: Polar<br \/>\nEinlass 54mm\/ Auslass 28mm<br \/>\nWinkel: 180 Grad<br \/>\nMaterial: Gummi<br \/>\nAbmessungen: siehe Zeichnung<br \/>\nAnwendung: Polar-W\u00e4rmetauscher und \u00d6lk\u00fchler f\u00fcr Wendegetriebe und Schiffsmotoren.<\/p>\n","protected":false},"excerpt":{"rendered":"<p>Gummimuffe W\u00e4rmetauscher Polar A3\/728 54\/28 Die gummierte Endkappe wurde f\u00fcr Polar W\u00e4rmetauscher und \u00d6lk\u00fchler entwickelt.<\/p>\n<p>Diese Gummimuffe ist die Endkappe des Polar A3\/728 W\u00e4rmetauschers mit den Gr\u00f6\u00dfen 54\/55mm und 28mm.<br \/>\nVergleichen Sie die Nummer Ihrer aktuellen Polar Endkappen.<br \/>\nDie Teilenummer ist in das Gummi eingepr\u00e4gt, um leicht zu erkennen, welche Endkappe Sie als Ersatz ben\u00f6tigen.<\/p>\n<p>Dies ist die Polar Teilenummer A3\/728<\/p>\n","protected":false},"featured_media":64518,"comment_status":"open","ping_status":"closed","template":"","meta":[],"location":[],"product_brand":[],"product_cat":[1875],"product_tag":[],"class_list":{"0":"post-64513","1":"product","2":"type-product","3":"status-publish","4":"has-post-thumbnail","6":"product_cat-gummimuffen","7":"product_shipping_class-paket-0-10-kg","9":"first","10":"instock","11":"sale","12":"taxable","13":"shipping-taxable","14":"purchasable","15":"product-type-simple"},"group_of_quantity":0,"min_quantity":0,"max_quantity":"","exclude_order_quantity_value_rules":"no","exclude_category_quantity_rules":"no","combine_variations":"no","locations":[{"id":3905,"name":"AB Marine","slug":"ab-marine-service","quantity":""},{"id":3906,"name":"Dintra","slug":"dintra","quantity":""}],"_links":{"self":[{"href":"https:\/\/ab-marineservice.com\/de\/wp-json\/wp\/v2\/product\/64513","targetHints":{"allow":["GET"]}}],"collection":[{"href":"https:\/\/ab-marineservice.com\/de\/wp-json\/wp\/v2\/product"}],"about":[{"href":"https:\/\/ab-marineservice.com\/de\/wp-json\/wp\/v2\/types\/product"}],"replies":[{"embeddable":true,"href":"https:\/\/ab-marineservice.com\/de\/wp-json\/wp\/v2\/comments?post=64513"}],"wp:featuredmedia":[{"embeddable":true,"href":"https:\/\/ab-marineservice.com\/de\/wp-json\/wp\/v2\/media\/64518"}],"wp:attachment":[{"href":"https:\/\/ab-marineservice.com\/de\/wp-json\/wp\/v2\/media?parent=64513"}],"wp:term":[{"taxonomy":"location","embeddable":true,"href":"https:\/\/ab-marineservice.com\/de\/wp-json\/wp\/v2\/location?post=64513"},{"taxonomy":"product_brand","embeddable":true,"href":"https:\/\/ab-marineservice.com\/de\/wp-json\/wp\/v2\/product_brand?post=64513"},{"taxonomy":"product_cat","embeddable":true,"href":"https:\/\/ab-marineservice.com\/de\/wp-json\/wp\/v2\/product_cat?post=64513"},{"taxonomy":"product_tag","embeddable":true,"href":"https:\/\/ab-marineservice.com\/de\/wp-json\/wp\/v2\/product_tag?post=64513"}],"curies":[{"name":"wp","href":"https:\/\/api.w.org\/{rel}","templated":true}]}}