{"id":65063,"date":"2022-01-05T16:30:28","date_gmt":"2022-01-05T15:30:28","guid":{"rendered":"https:\/\/ab-marineservice.com\/?post_type=product&#038;p=65063"},"modified":"2026-01-20T18:44:41","modified_gmt":"2026-01-20T17:44:41","slug":"mitsubishi-s4l2-schiffsmotor-38-ps-kielkuhlung","status":"publish","type":"product","link":"https:\/\/ab-marineservice.com\/de\/produkt\/mitsubishi-s4l2-schiffsmotor-38-ps-kielkuhlung\/","title":{"rendered":"Mitsubishi S4L2 Schiffsmotor 38 PS (Kielk\u00fchlung)"},"content":{"rendered":"<p><iframe loading=\"lazy\" width=\"1250\" height=\"703\" src=\"https:\/\/www.youtube.com\/embed\/4oibHWuguBE\" title=\"Mitsubishi S42L kielkoeling scheepsmotor\" frameborder=\"0\" allow=\"accelerometer; autoplay; clipboard-write; encrypted-media; gyroscope; picture-in-picture; web-share\" referrerpolicy=\"strict-origin-when-cross-origin\" allowfullscreen><\/iframe><\/p>\n","protected":false},"excerpt":{"rendered":"<p>Sie suchen einen zuverl\u00e4ssigen Schiffsmotor?<br \/>\nUnsere Motoren werden standardm\u00e4\u00dfig ausgiebig getestet und nachgepr\u00fcft, um einen langfristigen Betrieb nach dem Einbau zu gew\u00e4hrleisten.<br \/>\nAuf unserer Kasse-Seite k\u00f6nnen Sie mit allen sicheren Zahlungsmitteln bezahlen. So k\u00f6nnen Sie sicher sein, dass Sie einen reibungslosen Einkauf haben!<br \/>\nStandardversand innerhalb und au\u00dferhalb Europas. <\/p>\n<p>Ein Video des laufenden Motors finden Sie unten auf der Seite.<br \/>\nWir geben zus\u00e4tzlich 3 Monate Garantie und 14 Tage Bedenkzeit.<br \/>\nBei Fragen k\u00f6nnen Sie uns gerne kontaktieren.<\/p>\n<p>Mitsubishi-Schiffsmotor.<\/p>\n<p>Unzerst\u00f6rbarer Motor mit 38 PS bei 3000 U\/min.<\/p>\n<p>Kielk\u00fchlung<\/p>\n<p>Getriebe\u00fcbersetzung 2:1<\/p>\n<p>Mit einer 14-t\u00e4gigen Bedenkzeit und einer 3-monatigen Garantie auf den internen Motor.<\/p>\n<p><strong>Bleiben Sie jede Woche \u00fcber unsere neuesten Angebote auf dem Laufenden, <a href=\"https:\/\/ab-marineservice.com\/de\/angebot-gebrauchte-schiffsmotoren\/\">melden Sie sich bitte hier an<\/a>!<\/strong><\/p>\n","protected":false},"featured_media":314918,"comment_status":"open","ping_status":"closed","template":"","meta":[],"location":[],"product_brand":[],"product_cat":[10450],"product_tag":[],"class_list":{"0":"post-65063","1":"product","2":"type-product","3":"status-publish","4":"has-post-thumbnail","6":"product_cat-verkaufte-motoren","7":"product_shipping_class-palettenversand","9":"first","10":"outofstock","11":"shipping-taxable","12":"purchasable","13":"product-type-simple"},"group_of_quantity":0,"min_quantity":0,"max_quantity":"","exclude_order_quantity_value_rules":"no","exclude_category_quantity_rules":"no","combine_variations":"no","locations":[{"id":15418,"name":"AB Motoren","slug":"ab-motoren","quantity":""}],"_links":{"self":[{"href":"https:\/\/ab-marineservice.com\/de\/wp-json\/wp\/v2\/product\/65063","targetHints":{"allow":["GET"]}}],"collection":[{"href":"https:\/\/ab-marineservice.com\/de\/wp-json\/wp\/v2\/product"}],"about":[{"href":"https:\/\/ab-marineservice.com\/de\/wp-json\/wp\/v2\/types\/product"}],"replies":[{"embeddable":true,"href":"https:\/\/ab-marineservice.com\/de\/wp-json\/wp\/v2\/comments?post=65063"}],"wp:featuredmedia":[{"embeddable":true,"href":"https:\/\/ab-marineservice.com\/de\/wp-json\/wp\/v2\/media\/314918"}],"wp:attachment":[{"href":"https:\/\/ab-marineservice.com\/de\/wp-json\/wp\/v2\/media?parent=65063"}],"wp:term":[{"taxonomy":"location","embeddable":true,"href":"https:\/\/ab-marineservice.com\/de\/wp-json\/wp\/v2\/location?post=65063"},{"taxonomy":"product_brand","embeddable":true,"href":"https:\/\/ab-marineservice.com\/de\/wp-json\/wp\/v2\/product_brand?post=65063"},{"taxonomy":"product_cat","embeddable":true,"href":"https:\/\/ab-marineservice.com\/de\/wp-json\/wp\/v2\/product_cat?post=65063"},{"taxonomy":"product_tag","embeddable":true,"href":"https:\/\/ab-marineservice.com\/de\/wp-json\/wp\/v2\/product_tag?post=65063"}],"curies":[{"name":"wp","href":"https:\/\/api.w.org\/{rel}","templated":true}]}}