{"id":66350,"date":"2022-02-01T17:29:48","date_gmt":"2022-02-01T16:29:49","guid":{"rendered":"https:\/\/ab-marineservice.com\/?post_type=product&#038;p=66350"},"modified":"2024-12-05T16:28:35","modified_gmt":"2024-12-05T15:28:35","slug":"warmetauscher-200-o75mm-20ps","status":"publish","type":"product","link":"https:\/\/ab-marineservice.com\/de\/produkt\/warmetauscher-200-o75mm-20ps\/","title":{"rendered":"W\u00e4rmetauscher 200 x \u00d875mm 40PS 1&#8221; x 1&#8221;  BSP-Anschluss"},"content":{"rendered":"<p>Die angegebene K\u00fchlleistung in PS ist basiert auf der Menge des K\u00fchlmediums (in der Praxis meist Au\u00dfenbordwasser) von ca. 60 \u2013 65 Liter\/min pro 100 PS und einer maximalen Temperatur von 27 \u00b0C.<\/p>\n<p>Die Rohrh\u00fclse besteht aus einer Druckguss-Aluminiumlegierung.<br \/>\nDie Deckel oder Endkappen bestehen aus Kunststoff oder Bronze, dies ist je nach Typ und\/oder Gr\u00f6\u00dfe unterschiedlich. Sie sind durch einen Gummi-O-Ring wasserdicht.<br \/>\nDie Rohrb\u00fcndel bzw. W\u00e4rmetauscher in der Rohrh\u00fclse bestehen aus einer Kupfer-Nickel-Legierung mit einer Zinkanode f\u00fcr den notwendigen kathodischen Schutz.<\/p>\n<p>Die zu erhitzende oder zu k\u00fchlende Fl\u00fcssigkeit wird durch ein Rohrb\u00fcndel geleitet.<br \/>\nDie zweite Fl\u00fcssigkeit l\u00e4uft \u00fcber die Rohre und ist das F\u00f6rdermedium, das entweder die W\u00e4rme liefert oder die ben\u00f6tigte W\u00e4rme aufnimmt.<br \/>\nDurch die gro\u00dfe Kontaktfl\u00e4che findet eine optimale Abgabe und Aufnahme und damit Temperaturaustausch statt.<br \/>\nHervorragend geeignet zum K\u00fchlen Ihres Bootsmotors und\/oder Generators.<\/p>\n","protected":false},"excerpt":{"rendered":"<p>Dieser W\u00e4rmetauscher 200-\u00d875mm ist so konstruiert, dass er Salzwasser und extremen Bedingungen standh\u00e4lt.<br \/>\nDieser W\u00e4rmetauscher kann auch als \u00d6lk\u00fchler verwendet werden.<\/p>\n<p>Technische Daten:<br \/>\nModell: <strong>200\/75<\/strong><br \/>\nL\u00e4nge: <strong>200mm<\/strong><br \/>\nDurchmesser: <strong>75mm<\/strong><br \/>\nSeewasseranschluss Eingang : <strong> 1\u201d- <\/strong><br \/>\nSeewasseranschluss Ausgang: <strong>1\u201d- <\/strong><br \/>\nInterner \u00d6l- oder Wasseranschluss: <strong> 1\u201d<\/strong><br \/>\nK\u00fchlfl\u00e4che: <strong>0,24m2<\/strong><br \/>\nMaximale Arbeitslast: 5<strong>\u00a0bar<\/strong><br \/>\nMinimaler Fl\u00fcssigkeitsdurchfluss: <strong>20 bis 30 l\/min<\/strong><br \/>\nNettogewicht: <strong>4,3 kg<\/strong><\/p>\n<p>Alle SCAM-W\u00e4rmetauscher sind DNV- und CRS-zertifiziert<\/p>\n","protected":false},"featured_media":66358,"comment_status":"open","ping_status":"closed","template":"","meta":[],"location":[3906],"product_brand":[],"product_cat":[1310,1363,3998],"product_tag":[],"class_list":{"0":"post-66350","1":"product","2":"type-product","3":"status-publish","4":"has-post-thumbnail","6":"location-dintra","7":"product_cat-kuhlungsteile","8":"product_cat-warmetauscher","9":"product_cat-warmetauscher-de-2","10":"product_shipping_class-paket-0-10-kg","12":"first","13":"instock","14":"sale","15":"taxable","16":"shipping-taxable","17":"purchasable","18":"product-type-simple"},"group_of_quantity":0,"min_quantity":0,"max_quantity":"","exclude_order_quantity_value_rules":"no","exclude_category_quantity_rules":"no","combine_variations":"no","locations":[{"id":3906,"name":"Dintra","slug":"dintra","quantity":""}],"_links":{"self":[{"href":"https:\/\/ab-marineservice.com\/de\/wp-json\/wp\/v2\/product\/66350","targetHints":{"allow":["GET"]}}],"collection":[{"href":"https:\/\/ab-marineservice.com\/de\/wp-json\/wp\/v2\/product"}],"about":[{"href":"https:\/\/ab-marineservice.com\/de\/wp-json\/wp\/v2\/types\/product"}],"replies":[{"embeddable":true,"href":"https:\/\/ab-marineservice.com\/de\/wp-json\/wp\/v2\/comments?post=66350"}],"wp:featuredmedia":[{"embeddable":true,"href":"https:\/\/ab-marineservice.com\/de\/wp-json\/wp\/v2\/media\/66358"}],"wp:attachment":[{"href":"https:\/\/ab-marineservice.com\/de\/wp-json\/wp\/v2\/media?parent=66350"}],"wp:term":[{"taxonomy":"location","embeddable":true,"href":"https:\/\/ab-marineservice.com\/de\/wp-json\/wp\/v2\/location?post=66350"},{"taxonomy":"product_brand","embeddable":true,"href":"https:\/\/ab-marineservice.com\/de\/wp-json\/wp\/v2\/product_brand?post=66350"},{"taxonomy":"product_cat","embeddable":true,"href":"https:\/\/ab-marineservice.com\/de\/wp-json\/wp\/v2\/product_cat?post=66350"},{"taxonomy":"product_tag","embeddable":true,"href":"https:\/\/ab-marineservice.com\/de\/wp-json\/wp\/v2\/product_tag?post=66350"}],"curies":[{"name":"wp","href":"https:\/\/api.w.org\/{rel}","templated":true}]}}