{"id":66491,"date":"2022-02-04T13:57:46","date_gmt":"2022-02-04T12:57:47","guid":{"rendered":"https:\/\/ab-marineservice.com\/?post_type=product&#038;p=66491"},"modified":"2025-01-27T14:31:00","modified_gmt":"2025-01-27T13:31:00","slug":"warmetauscher-it400-o130mm-190ps","status":"publish","type":"product","link":"https:\/\/ab-marineservice.com\/de\/produkt\/warmetauscher-it400-o130mm-190ps\/","title":{"rendered":"W\u00e4rmetauscher IT400x \u00d8130mm 180PS 2&#8221; Schlauchanschluss"},"content":{"rendered":"<p>Dieser W\u00e4rmetauscher IT400-\u00d8130mm 190PS ist so konstruiert, dass er Salzwasser und extremen Bedingungen standh\u00e4lt.<br \/>\nSie sind aus hochwertigen Materialien gefertigt, was eine lange und st\u00f6rungsfreie Nutzung gew\u00e4hrleistet.<\/p>\n<p>Die Rohrh\u00fclse besteht aus einer Druckguss-Aluminiumlegierung.<br \/>\nDie Deckel oder Endkappen bestehen aus Kunststoff oder Bronze, dies ist je nach Typ und\/oder Gr\u00f6\u00dfe unterschiedlich.<br \/>\nSie sind durch einen Gummi-O-Ring wasserdicht.<br \/>\nDie Rohrb\u00fcndel bzw. W\u00e4rmetauscher in der Rohrh\u00fclse bestehen aus einer Kupfer-Nickel-Legierung mit einer Zinkanode f\u00fcr den notwendigen kathodischen Schutz.<\/p>\n<p>Durch das Rohrb\u00fcndel str\u00f6mt die zu erw\u00e4rmende oder zu k\u00fchlende Fl\u00fcssigkeit.<br \/>\nDie zweite Fl\u00fcssigkeit l\u00e4uft \u00fcber die Rohre und ist das F\u00f6rdermedium, das entweder die W\u00e4rme liefert oder die ben\u00f6tigte W\u00e4rme aufnimmt.<br \/>\nDurch die gro\u00dfe Kontaktfl\u00e4che findet eine optimale Abgabe und Aufnahme und damit Temperaturaustausch statt.<br \/>\nHervorragend geeignet zum K\u00fchlen Ihres Bootsmotors und\/oder Generators.<br \/>\nDiese Seewasserk\u00fchlung kann beispielsweise \u00fcber eine keilriemengetriebene (geschaltete) Impellerpumpe mit dem Motor verbunden werden.<br \/>\nSiehe <strong><a href=\"https:\/\/ab-marineservice.com\/de\/produkt-kategorie\/kuhlungsteile\/impellerpumpen\/impellerpumpen-fussmontage\/\">diesen Link<\/a><\/strong><\/p>\n","protected":false},"excerpt":{"rendered":"<p>Dieser W\u00e4rmetauscher IT400-\u00d8130mm 190PS ist so konstruiert, dass er Salzwasser und extremen Bedingungen standh\u00e4lt.<br \/>\nAusgelegt mit K\u00fchlwasserreservoir, so dass das Expansionsgef\u00e4\u00df \u00fcberfl\u00fcssig ist und eine kompakte Aufstellung m\u00f6glich ist.<\/p>\n<p>Technische Daten:<br \/>\nModell:<strong> IT400\/130E<\/strong><br \/>\nL\u00e4nge: <strong>400mm<\/strong><br \/>\nDurchmesser: <strong>130mm<\/strong><br \/>\nSeewasseranschluss Eingang: <strong>1 \u00bc\u201d<\/strong><br \/>\nSeewasseranschluss Ausgang: <strong>1 \u00bc\u201d<\/strong><br \/>\nWasseranschluss: <strong>45.00mm<\/strong><br \/>\nK\u00fchlfl\u00e4che: <strong>1,1 m2<\/strong><br \/>\nMaximale Arbeitslast: <strong>5 bar<\/strong><br \/>\nNettogewicht: <strong>10 kg<\/strong><\/p>\n","protected":false},"featured_media":66469,"comment_status":"open","ping_status":"closed","template":"","meta":[],"location":[3906],"product_brand":[],"product_cat":[1310,1363,3998],"product_tag":[],"class_list":{"0":"post-66491","1":"product","2":"type-product","3":"status-publish","4":"has-post-thumbnail","6":"location-dintra","7":"product_cat-kuhlungsteile","8":"product_cat-warmetauscher","9":"product_cat-warmetauscher-de-2","10":"product_shipping_class-paket-0-10-kg","12":"first","13":"instock","14":"taxable","15":"shipping-taxable","16":"purchasable","17":"product-type-simple"},"group_of_quantity":0,"min_quantity":0,"max_quantity":"","exclude_order_quantity_value_rules":"no","exclude_category_quantity_rules":"no","combine_variations":"no","locations":[{"id":3906,"name":"Dintra","slug":"dintra","quantity":""}],"_links":{"self":[{"href":"https:\/\/ab-marineservice.com\/de\/wp-json\/wp\/v2\/product\/66491","targetHints":{"allow":["GET"]}}],"collection":[{"href":"https:\/\/ab-marineservice.com\/de\/wp-json\/wp\/v2\/product"}],"about":[{"href":"https:\/\/ab-marineservice.com\/de\/wp-json\/wp\/v2\/types\/product"}],"replies":[{"embeddable":true,"href":"https:\/\/ab-marineservice.com\/de\/wp-json\/wp\/v2\/comments?post=66491"}],"wp:featuredmedia":[{"embeddable":true,"href":"https:\/\/ab-marineservice.com\/de\/wp-json\/wp\/v2\/media\/66469"}],"wp:attachment":[{"href":"https:\/\/ab-marineservice.com\/de\/wp-json\/wp\/v2\/media?parent=66491"}],"wp:term":[{"taxonomy":"location","embeddable":true,"href":"https:\/\/ab-marineservice.com\/de\/wp-json\/wp\/v2\/location?post=66491"},{"taxonomy":"product_brand","embeddable":true,"href":"https:\/\/ab-marineservice.com\/de\/wp-json\/wp\/v2\/product_brand?post=66491"},{"taxonomy":"product_cat","embeddable":true,"href":"https:\/\/ab-marineservice.com\/de\/wp-json\/wp\/v2\/product_cat?post=66491"},{"taxonomy":"product_tag","embeddable":true,"href":"https:\/\/ab-marineservice.com\/de\/wp-json\/wp\/v2\/product_tag?post=66491"}],"curies":[{"name":"wp","href":"https:\/\/api.w.org\/{rel}","templated":true}]}}