{"id":67621,"date":"2022-02-23T14:16:58","date_gmt":"2022-02-23T13:17:00","guid":{"rendered":"https:\/\/ab-marineservice.com\/?post_type=product&#038;p=67621"},"modified":"2025-05-30T11:25:41","modified_gmt":"2025-05-30T09:25:41","slug":"impellerpumpe-caterpillar-c3208-kuhlwasserpumpe","status":"publish","type":"product","link":"https:\/\/ab-marineservice.com\/de\/produkt\/impellerpumpe-caterpillar-c3208-kuhlwasserpumpe\/","title":{"rendered":"Impellerpumpe Caterpillar C3208 K\u00fchlwasserpumpe"},"content":{"rendered":"<p>Impellerpumpe Caterpillar 3208 K\u00fchlwasserpumpe  ist der ideale Ersatz f\u00fcr Ihre verschlissene Originalpumpe.<br \/>\nEs ist das Herzst\u00fcck Ihres Schiffsmotors und sorgt f\u00fcr einen kontinuierlichen K\u00fchlwasserfluss, um eine Temperatur aufrechtzuerhalten, die der anspruchsvollen Motorleistung entspricht.<br \/>\nSherwood-Pumpen sind von ausgezeichneter Qualit\u00e4t und haben einen sehr guten Ruf.<\/p>\n<p>Sherwood ist einer der gr\u00f6\u00dften Anbieter von K\u00fchlwasserpumpen mit flexiblen Gummi-Impeller f\u00fcr Schiffsmotoren in den USA.<br \/>\nAufgrund der hervorragenden Qualit\u00e4t werden diese Sherwood-Pumpen oft standardm\u00e4\u00dfig bei amerikanischen Motorenherstellern verbaut.<\/p>\n<p>Sie sind bei einigen der bekanntesten Motormarken sowohl bei Freizeit- als auch bei Berufsschifffahrt zu finden.<br \/>\nDiese Caterpillar 3208 Impellerpumpe hat eine riemenscheibe-getriebene Pumpenwelle und wird komplett mit einem 12-fl\u00fcgeligen flexiblen Neopren-Impeller geliefert.  <strong><a href=\"https:\/\/ab-marineservice.com\/de\/produkt\/impeller-cat-7e0321-1w5664-cummins-380244-3897337-3916852\/\">7600K-01<\/a><\/strong>)<\/p>\n<p>Diese K\u00fchlwasserpumpe ist eine originale Sherwood-Pumpe, so eine gute. Die Teile sind intern gleich und austauschbar.<\/p>\n<p>Es ist wichtig, dass die K\u00fchlpumpe Ihres Bootsmotors oder Generators ordnungsgem\u00e4\u00df funktioniert. Kontrollieren Sie deshalb den Impeller von Zeit zu Zeit.<br \/>\nEs empfiehlt sich, regelm\u00e4\u00dfig zu \u00fcberpr\u00fcfen, ob gen\u00fcgend K\u00fchlwasser aus Ihrem Auspuff kommt.<br \/>\nJe nach Anwendung ist es ratsam, der Impeller dieser Sherwood-Motork\u00fchlpumpe alle 3 bis 12 Monate auszutauschen.<\/p>\n<p>Bei Fragen zu diesem Produkt, dieser Teile oder dem Typ oder der Anwendung wenden Sie sich bitte an uns.<\/p>\n","protected":false},"excerpt":{"rendered":"<p><strong>Die Pumpe wird inklusive Laufrad geliefert.<\/strong><\/p>\n<p>Impellerpumpe Caterpillar 3208 K\u00fchlwasserpumpe ist ideal zum Ersatz f\u00fcr Ihre verschlissene <strong>Johnson, Jabsco, Ancor<\/strong> <strong>oder JMP <\/strong>K\u00fchlwasserpumpe.<\/p>\n<p>Beschreibung:<br \/>\nImpellerpumpe Caterpillar 3208 K\u00fchlwasserpumpe <strong>1-1\/2X1-3\/ P176X<\/strong><br \/>\nErsetzt die folgende Pumpentypen: <strong>P171, P176, P176-01, P176-02<\/strong><\/p>\n<p>Ersetzt: Caterpillar<strong> 9Y1304, 9Y-1304, 7E4115, 7E-4115<\/strong><br \/>\nErsetzt: Sherwood<strong> P171, P176, P176X, P176-01, P176-02<\/strong><\/p>\n<p>Produktinformation und Spezifikationen:<\/p>\n<p>Ersetzende Impeller: <strong><a href=\"https:\/\/ab-marineservice.com\/de\/produkt\/impeller-cat-7e0321-1w5664-cummins-380244-3897337-3916852\/\">7600-01<\/a><\/strong><br \/>\nAnschlusstyp: <strong>Spannbuchse<\/strong><br \/>\nAusgangstyp: <strong>Schlauchanschluss<\/strong><br \/>\nDurchmesser: <strong>1<\/strong><strong>&#8220;<\/strong><strong>3\/4<\/strong><br \/>\nEinlasstyp: <strong>Innengewinde NFT<\/strong><br \/>\nDurchmesser: <strong>1<\/strong><strong>&#8220;<\/strong><strong>1 \/ 2<\/strong><\/p>\n<p>Bei Fragen zu diesem Produkt, dieser Teile oder dem Typ oder der Anwendung wenden Sie sich bitte an uns.<\/p>\n","protected":false},"featured_media":67630,"comment_status":"open","ping_status":"closed","template":"","meta":[],"location":[3906],"product_brand":[],"product_cat":[1316,1320,1617],"product_tag":[],"class_list":{"0":"post-67621","1":"product","2":"type-product","3":"status-publish","4":"has-post-thumbnail","6":"location-dintra","7":"product_cat-impellerpumpen","8":"product_cat-impellerpumpen-motorspezifisch","9":"product_cat-caterpillar-de-2","10":"product_shipping_class-paket-0-10-kg","12":"first","13":"instock","14":"sale","15":"taxable","16":"shipping-taxable","17":"purchasable","18":"product-type-simple"},"group_of_quantity":0,"min_quantity":0,"max_quantity":"","exclude_order_quantity_value_rules":"no","exclude_category_quantity_rules":"no","combine_variations":"no","locations":[{"id":3906,"name":"Dintra","slug":"dintra","quantity":""}],"_links":{"self":[{"href":"https:\/\/ab-marineservice.com\/de\/wp-json\/wp\/v2\/product\/67621","targetHints":{"allow":["GET"]}}],"collection":[{"href":"https:\/\/ab-marineservice.com\/de\/wp-json\/wp\/v2\/product"}],"about":[{"href":"https:\/\/ab-marineservice.com\/de\/wp-json\/wp\/v2\/types\/product"}],"replies":[{"embeddable":true,"href":"https:\/\/ab-marineservice.com\/de\/wp-json\/wp\/v2\/comments?post=67621"}],"wp:featuredmedia":[{"embeddable":true,"href":"https:\/\/ab-marineservice.com\/de\/wp-json\/wp\/v2\/media\/67630"}],"wp:attachment":[{"href":"https:\/\/ab-marineservice.com\/de\/wp-json\/wp\/v2\/media?parent=67621"}],"wp:term":[{"taxonomy":"location","embeddable":true,"href":"https:\/\/ab-marineservice.com\/de\/wp-json\/wp\/v2\/location?post=67621"},{"taxonomy":"product_brand","embeddable":true,"href":"https:\/\/ab-marineservice.com\/de\/wp-json\/wp\/v2\/product_brand?post=67621"},{"taxonomy":"product_cat","embeddable":true,"href":"https:\/\/ab-marineservice.com\/de\/wp-json\/wp\/v2\/product_cat?post=67621"},{"taxonomy":"product_tag","embeddable":true,"href":"https:\/\/ab-marineservice.com\/de\/wp-json\/wp\/v2\/product_tag?post=67621"}],"curies":[{"name":"wp","href":"https:\/\/api.w.org\/{rel}","templated":true}]}}