{"id":70341,"date":"2022-02-05T14:43:08","date_gmt":"2022-02-05T13:43:08","guid":{"rendered":"https:\/\/ab-marineservice.com\/product\/spruhdose-400ml-vetus-gelb\/"},"modified":"2022-12-12T16:52:47","modified_gmt":"2022-12-12T15:52:47","slug":"spruhdose-400ml-vetus-gelb","status":"publish","type":"product","link":"https:\/\/ab-marineservice.com\/de\/produkt\/spruhdose-400ml-vetus-gelb\/","title":{"rendered":"Spr\u00fchdose 400ml Vetus gelb"},"content":{"rendered":"","protected":false},"excerpt":{"rendered":"<p>Anwendungsbereich:<br \/>\n&#8211; Gl\u00e4nzende Oberfl\u00e4che f\u00fcr Anwendungen in Industrie- und Erdbewegungsmaschinen<br \/>\n&#8211; F\u00fcr Eisen und Stahl<br \/>\n&#8211; Best\u00e4ndig gegen Benzin und Diesel\u00f6l bei kurzzeitigem Kontakt<\/p>\n<p>Vorteile<br \/>\nLange Lebensdauer<br \/>\nEffizient arbeiten<br \/>\nWeniger umweltsch\u00e4dlich<br \/>\nBesonderheiten:<br \/>\n&#8211; Hohe UV- und Witterungsbest\u00e4ndigkeit<br \/>\n&#8211; Hervorragende Verarbeitbarkeit, hohe Endaush\u00e4rtung, stabiler Glanz<br \/>\n&#8211; Chromat- und bleifrei<\/p>\n<p>Eigenschaften:<br \/>\n&#8211; Trockensubstanzgehalt: 52 &#8211; 58 %<br \/>\n&#8211; Grundviskosit\u00e4t (DIN 53 211): Thixotrop<br \/>\n&#8211; Spezifisches Gewicht. (DIN 51 757): 0,97 &#8211; 1,18 kg\/l<br \/>\n&#8211; Glanzgrad (DIN 67 530): > 80 % \/ 60\u00b0 (Hochglanz)<br \/>\n&#8211; Temperaturbest\u00e4ndigkeit: Dauerbelastung 130 \u00b0C; Kurzzeitbelastung 150 \u00b0C<br \/>\n&#8211; Verarbeitungsbedingungen: ab +10 \u00b0C und bis 80 % relative Luftfeuchtigkeit<br \/>\n&#8211; Klebfrei nach 6 &#8211; 8 Stunden (bei 20 \u00b0C)<br \/>\n&#8211; Ausgeh\u00e4rtet nach 24 Stunden (bei 20 \u00b0C)<br \/>\n&#8211; Endg\u00fcltige Aush\u00e4rtung nach 3-4 Tagen (bei 20 \u00b0C)<br \/>\n&#8211; Grundierung: Kramp-Grundierung (Schichtdicke: 50 \u2014 60 \u00b5m)<br \/>\n&#8211; Deckschicht: Kramp Kunstharzlack (Schichtdicke: 50 \u2014 60 \u00b5m)<br \/>\n&#8211; Theoretische Ertrag pro Liter: 3,8 &#8211; 4,2 m\u00b2\/kg (bei 50 \u00b5m Schichtdicke)<\/p>\n<p>Technische Information:<br \/>\n&#8211; Untergrundvorbereitung: Das zu behandelnde Objekt muss gr\u00fcndlich gereinigt, entfettet und ggf. geschliffen werden<br \/>\n&#8211; Einige Typen in Seidenglanz und Matt erh\u00e4ltlich<br \/>\n&#8211; Gem\u00e4\u00df L\u00f6semittelverordnung (\u00d6sterreich, ab 1.1.96)<br \/>\n&#8211; Zur Beschleunigung der Trockenzeiten verwenden Sie anstelle der Kramp Kunstharzverd\u00fcnnung die Kramp Schnellh\u00e4rterverd\u00fcnnung<br \/>\n&#8211; Niedrigere Temperaturen f\u00fchren zu einer l\u00e4ngeren Trocknungszeit<\/p>\n","protected":false},"featured_media":66516,"comment_status":"open","ping_status":"closed","template":"","meta":[],"location":[3905,15428],"product_brand":[],"product_cat":[3978],"product_tag":[],"class_list":{"0":"post-70341","1":"product","2":"type-product","3":"status-publish","4":"has-post-thumbnail","6":"location-ab-marine-service","7":"location-indi","8":"product_cat-farbe","9":"product_shipping_class-paket-0-10-kg","11":"first","12":"instock","13":"sale","14":"taxable","15":"shipping-taxable","16":"purchasable","17":"product-type-simple"},"group_of_quantity":0,"min_quantity":0,"max_quantity":"","exclude_order_quantity_value_rules":"no","exclude_category_quantity_rules":"no","combine_variations":"no","locations":[{"id":3905,"name":"AB Marine","slug":"ab-marine-service","quantity":""},{"id":15428,"name":"INDI","slug":"indi","quantity":""}],"_links":{"self":[{"href":"https:\/\/ab-marineservice.com\/de\/wp-json\/wp\/v2\/product\/70341","targetHints":{"allow":["GET"]}}],"collection":[{"href":"https:\/\/ab-marineservice.com\/de\/wp-json\/wp\/v2\/product"}],"about":[{"href":"https:\/\/ab-marineservice.com\/de\/wp-json\/wp\/v2\/types\/product"}],"replies":[{"embeddable":true,"href":"https:\/\/ab-marineservice.com\/de\/wp-json\/wp\/v2\/comments?post=70341"}],"wp:featuredmedia":[{"embeddable":true,"href":"https:\/\/ab-marineservice.com\/de\/wp-json\/wp\/v2\/media\/66516"}],"wp:attachment":[{"href":"https:\/\/ab-marineservice.com\/de\/wp-json\/wp\/v2\/media?parent=70341"}],"wp:term":[{"taxonomy":"location","embeddable":true,"href":"https:\/\/ab-marineservice.com\/de\/wp-json\/wp\/v2\/location?post=70341"},{"taxonomy":"product_brand","embeddable":true,"href":"https:\/\/ab-marineservice.com\/de\/wp-json\/wp\/v2\/product_brand?post=70341"},{"taxonomy":"product_cat","embeddable":true,"href":"https:\/\/ab-marineservice.com\/de\/wp-json\/wp\/v2\/product_cat?post=70341"},{"taxonomy":"product_tag","embeddable":true,"href":"https:\/\/ab-marineservice.com\/de\/wp-json\/wp\/v2\/product_tag?post=70341"}],"curies":[{"name":"wp","href":"https:\/\/api.w.org\/{rel}","templated":true}]}}