{"id":70786,"date":"2022-03-29T13:26:42","date_gmt":"2022-03-29T11:26:42","guid":{"rendered":"https:\/\/ab-marineservice.com\/?post_type=product&#038;p=70786"},"modified":"2025-12-18T15:43:44","modified_gmt":"2025-12-18T14:43:44","slug":"motorstutze-50kg-shore-60-stich-100-m16","status":"publish","type":"product","link":"https:\/\/ab-marineservice.com\/de\/produkt\/motorstutze-50kg-shore-60-stich-100-m16\/","title":{"rendered":"Motorst\u00fctze  50kg  Shore 60 Stich 100 M16"},"content":{"rendered":"<p>Dieser Typ Motorst\u00fctze ist ein kompakter Schwingungsd\u00e4mpfer mit hohem D\u00e4mpfungsverm\u00f6gen gegen gro\u00dfe Auslenkungen.<br \/>\nAufgrund der Konstruktion und des hohen D\u00e4mpfungsverm\u00f6gens ist dieser Typ Motorst\u00fctze sehr gut geeignet f\u00fcr z.B. 1 oder 2 Zylinder Dieselmotoren.<br \/>\nMotoren mit 1 oder 2 Zylindern haben in der Regel einen gr\u00f6\u00dferen Hubraum pro Zylinder und sind schwerer ausgef\u00fchrt. Dadurch werden Schwingungen st\u00e4rker und mit gr\u00f6\u00dferer Auslenkung.<\/p>\n<p>Durch den integrierten Fahrbegrenzer kann die Sto\u00dfbewegung um bis zu 5G reduziert werden.<br \/>\nSt\u00f6rende Schwingungen werden somit enorm begrenzt und beim Segeln auf ein angenehmes Ma\u00df reduziert.<\/p>\n<p>MD-Mountings eignen sich sehr gut f\u00fcr mobile \/ maritime Anwendungen.<br \/>\nDie H\u00f6he ist durch einen Stift verstellbar. Sie k\u00f6nnen zwischen Stiftgr\u00f6\u00dfe M12 oder Stiftgr\u00f6\u00dfe M16 w\u00e4hlen, diese k\u00f6nnen separat bestellt werden.<\/p>\n<p>Die richtige Motorst\u00fctze:<br \/>\nDie Bestimmung der richtigen Motorst\u00fctzen oder Schwingungsd\u00e4mpfer ist eine Wissenschaft f\u00fcr sich. Wenn die Daten Ihrer alten Motorst\u00fctze mit diesem Motorst\u00fctze \u00fcbereinstimmen, k\u00f6nnen Sie diese  leicht finden und bestellen.<br \/>\nWenn Ihnen diese Informationen nicht vorliegen, raten wir Ihnen dringend, sich vor der Bestellung neuer Motorst\u00fctzen beraten zu lassen. Dies vermeidet Entt\u00e4uschungen und zus\u00e4tzliche Versandkosten.<\/p>\n<p>Ben\u00f6tigte Daten f\u00fcr die richtige Motorst\u00fctze:<br \/>\nMarke und Typ:<br \/>\nGewicht des Motors:<br \/>\nDie maximale Anzahl von Umdrehungen:<br \/>\nIst ein Drucklager montiert:<br \/>\nDie Leistung des Motors:<\/p>\n<p>Bei Fragen zu diesem Produkt, dieser Teile oder dem Typ oder der Anwendung wenden Sie sich bitte an uns.<\/p>\n","protected":false},"excerpt":{"rendered":"<p>Dieser Typ Motorst\u00fctze ist ein kompakter Schwingungsd\u00e4mpfer mit hohem D\u00e4mpfungsverm\u00f6gen gegen gro\u00dfe Auslenkungen.<br \/>\nMotorst\u00fctze zur optimalen D\u00e4mpfung von kleinen bis mittelgro\u00dfen station\u00e4ren und mobilen Motoren.<\/p>\n<p>Maximale Belastung pro St\u00fctze 50 kg.<br \/>\nGummih\u00e4rte 60 shore.<br \/>\nH\u00f6heneinstellstift M16.<\/p>\n<p>10-MD-200-C-04<\/p>\n<p>A L\u00e4nge: 120 mm<br \/>\nB H\u00f6he: 34 mm<br \/>\nC Breite: 64 mm<br \/>\nD Stich: 100 mm<\/p>\n<p>Einstellung der Schwingungsd\u00e4mpfer: <a href=\"https:\/\/ab-marineservice.com\/wp-content\/uploads\/2025\/12\/Korrekte-Einstellung-von-flexiblen-Schwingungsdampfern-fur-einen-Schiffsmotor.pdf\">Bedingungen f\u00fcr die korrekte Einstellung<\/a><\/p>\n","protected":false},"featured_media":70778,"comment_status":"open","ping_status":"closed","template":"","meta":[],"location":[15440],"product_brand":[],"product_cat":[1222,1431,2942],"product_tag":[],"class_list":{"0":"post-70786","1":"product","2":"type-product","3":"status-publish","4":"has-post-thumbnail","6":"location-vce","7":"product_cat-motorteile","8":"product_cat-motorstutzen","9":"product_cat-motorstutze-2-zylinder","10":"product_shipping_class-paket-0-10-kg","12":"first","13":"onbackorder","14":"sale","15":"taxable","16":"shipping-taxable","17":"purchasable","18":"product-type-simple"},"group_of_quantity":0,"min_quantity":0,"max_quantity":"","exclude_order_quantity_value_rules":"no","exclude_category_quantity_rules":"no","combine_variations":"no","locations":[{"id":15440,"name":"VCE","slug":"vce","quantity":""}],"_links":{"self":[{"href":"https:\/\/ab-marineservice.com\/de\/wp-json\/wp\/v2\/product\/70786","targetHints":{"allow":["GET"]}}],"collection":[{"href":"https:\/\/ab-marineservice.com\/de\/wp-json\/wp\/v2\/product"}],"about":[{"href":"https:\/\/ab-marineservice.com\/de\/wp-json\/wp\/v2\/types\/product"}],"replies":[{"embeddable":true,"href":"https:\/\/ab-marineservice.com\/de\/wp-json\/wp\/v2\/comments?post=70786"}],"wp:featuredmedia":[{"embeddable":true,"href":"https:\/\/ab-marineservice.com\/de\/wp-json\/wp\/v2\/media\/70778"}],"wp:attachment":[{"href":"https:\/\/ab-marineservice.com\/de\/wp-json\/wp\/v2\/media?parent=70786"}],"wp:term":[{"taxonomy":"location","embeddable":true,"href":"https:\/\/ab-marineservice.com\/de\/wp-json\/wp\/v2\/location?post=70786"},{"taxonomy":"product_brand","embeddable":true,"href":"https:\/\/ab-marineservice.com\/de\/wp-json\/wp\/v2\/product_brand?post=70786"},{"taxonomy":"product_cat","embeddable":true,"href":"https:\/\/ab-marineservice.com\/de\/wp-json\/wp\/v2\/product_cat?post=70786"},{"taxonomy":"product_tag","embeddable":true,"href":"https:\/\/ab-marineservice.com\/de\/wp-json\/wp\/v2\/product_tag?post=70786"}],"curies":[{"name":"wp","href":"https:\/\/api.w.org\/{rel}","templated":true}]}}