{"id":71373,"date":"2022-04-05T14:13:47","date_gmt":"2022-04-05T12:13:48","guid":{"rendered":"https:\/\/ab-marineservice.com\/?post_type=product&#038;p=71373"},"modified":"2024-11-22T17:01:55","modified_gmt":"2024-11-22T16:01:55","slug":"einstellstift-m12-m12","status":"publish","type":"product","link":"https:\/\/ab-marineservice.com\/de\/produkt\/einstellstift-m12-m12\/","title":{"rendered":"Einstellstift M12\/M12"},"content":{"rendered":"<p>Diese Art von M12\/M12-Einstellstift wird zur genauen H\u00f6heneinstellung und Ausrichtung des <a href=\"https:\/\/ab-marineservice.com\/de\/produkt-kategorie\/motoren-de\/gebraucht-uberholt\/innenbordmotor-30-500ps\/\">Antriebsmotor<\/a> oder auf Schwingungsd\u00e4mpfern montierte Generator.<br \/>\nAndere Anwendungen sind beispielsweise eine Klimaanlage, ein Wasseraufbereiter \/ eine Druckerh\u00f6hungspumpe oder eine andere einzurichtende Maschine, die Vibrationen verursacht.<\/p>\n<p>Die Einstellstifte bestehen aus Stahl (Klasse 8) und sind elektrolytisch verzinkt \/ Dacromet. Die Einstellstifte werden mit einer Unterlegscheibe geliefert. Diese Unterlegscheibe muss zwischen dem Deckel des Schwingungsd\u00e4mpfers und der mitgelieferten halben \/ niedrigen Mutter platziert werden.<br \/>\nBei der Montage unbedingt die Unterlegscheibe nicht vergessen, sonst wird die Abdeckung des Schwingungsd\u00e4mpfers besch\u00e4digt!<br \/>\nAchten Sie bei der Montage auf das richtige Anzugsdrehmoment der Befestigungsmuttern!<\/p>\n<p>Achten Sie bei der Bestellung der Einstellstifte darauf, nicht jeder Schwingungsd\u00e4mpfer hat das gleiche metrische Gewinde.<br \/>\nSie haben die Wahl zwischen M12 oder M16 und als H\u00f6heneinstellstift M12, M16 oder M18. Wenn Sie eine Feinjustierung w\u00fcnschen, ist dies auch m\u00f6glich, dies ist der Einstellstift M12\/M12 fein.<\/p>\n<p>Die richtige Motorst\u00fctze:<br \/>\nDie Bestimmung der richtigen Motorst\u00fctzen oder Schwingungsd\u00e4mpfer ist eine Wissenschaft f\u00fcr sich.<br \/>\nWenn Sie mit der D\u00e4mpfung Ihrer alten Motorst\u00fctze zufrieden sind und die Motorst\u00fctze im Webshop \u00fcbereinstimmt, k\u00f6nnen Sie diese einfach ausw\u00e4hlen und bestellen.<br \/>\nWenn Ihnen diese Informationen nicht vorliegen, raten wir Ihnen dringend, sich vor der Bestellung neuer Motorst\u00fctzen beraten zu lassen. Dies vermeidet Entt\u00e4uschungen und zus\u00e4tzliche Versandkosten.<\/p>\n<p>Ben\u00f6tigte Daten f\u00fcr die richtige Motorst\u00fctze:<br \/>\nMarke und Typ:<br \/>\nGewicht des Motors:<br \/>\nDie maximale Anzahl von Umdrehungen:<br \/>\nIst ein Drucklager montiert:<br \/>\nDie Leistung des Motors:<\/p>\n<p>Bei Fragen zu diesem Produkt, dieser Teile oder dem Typ oder der Anwendung wenden Sie sich bitte an uns.<\/p>\n","protected":false},"excerpt":{"rendered":"<p>Diese Art von M12\/M12-Einstellstift wird zur genauen H\u00f6heneinstellung und Ausrichtung des auf Schwingungsd\u00e4mpfern montierten Antriebsmotors oder Generators verwendet.<br \/>\nAndere Anwendungen sind beispielsweise eine Klimaanlage, ein Wasseraufbereiter \/ eine Druckerh\u00f6hungspumpe oder eine andere einzurichtende Maschine, die Vibrationen verursacht.<\/p>\n<p>Achten Sie bei der Bestellung der Einstellstifte darauf, nicht jeder Schwingungsd\u00e4mpfer hat das gleiche metrische Gewinde. Sie haben die Wahl zwischen M12 oder M16 und als H\u00f6heneinstellstift M12, M16 oder M18, dies ist der Einstellstift Steigung M12 \/ M16 fein.<\/p>\n<p>Bei Fragen zu diesem Produkt, dieser Teile oder dem Typ oder der Anwendung <a href=\"https:\/\/ab-marineservice.com\/de\/kontakt\/\">Sie k\u00f6nnen uns gerne kontaktieren.<\/a><\/p>\n","protected":false},"featured_media":71356,"comment_status":"open","ping_status":"closed","template":"","meta":[],"location":[15440],"product_brand":[],"product_cat":[1222,1431,3984],"product_tag":[],"class_list":{"0":"post-71373","1":"product","2":"type-product","3":"status-publish","4":"has-post-thumbnail","6":"location-vce","7":"product_cat-motorteile","8":"product_cat-motorstutzen","9":"product_cat-einstellstifte","10":"product_shipping_class-paket-0-10-kg","12":"first","13":"onbackorder","14":"sale","15":"taxable","16":"shipping-taxable","17":"purchasable","18":"product-type-simple"},"group_of_quantity":0,"min_quantity":0,"max_quantity":"","exclude_order_quantity_value_rules":"no","exclude_category_quantity_rules":"no","combine_variations":"no","locations":[{"id":15440,"name":"VCE","slug":"vce","quantity":""}],"_links":{"self":[{"href":"https:\/\/ab-marineservice.com\/de\/wp-json\/wp\/v2\/product\/71373","targetHints":{"allow":["GET"]}}],"collection":[{"href":"https:\/\/ab-marineservice.com\/de\/wp-json\/wp\/v2\/product"}],"about":[{"href":"https:\/\/ab-marineservice.com\/de\/wp-json\/wp\/v2\/types\/product"}],"replies":[{"embeddable":true,"href":"https:\/\/ab-marineservice.com\/de\/wp-json\/wp\/v2\/comments?post=71373"}],"wp:featuredmedia":[{"embeddable":true,"href":"https:\/\/ab-marineservice.com\/de\/wp-json\/wp\/v2\/media\/71356"}],"wp:attachment":[{"href":"https:\/\/ab-marineservice.com\/de\/wp-json\/wp\/v2\/media?parent=71373"}],"wp:term":[{"taxonomy":"location","embeddable":true,"href":"https:\/\/ab-marineservice.com\/de\/wp-json\/wp\/v2\/location?post=71373"},{"taxonomy":"product_brand","embeddable":true,"href":"https:\/\/ab-marineservice.com\/de\/wp-json\/wp\/v2\/product_brand?post=71373"},{"taxonomy":"product_cat","embeddable":true,"href":"https:\/\/ab-marineservice.com\/de\/wp-json\/wp\/v2\/product_cat?post=71373"},{"taxonomy":"product_tag","embeddable":true,"href":"https:\/\/ab-marineservice.com\/de\/wp-json\/wp\/v2\/product_tag?post=71373"}],"curies":[{"name":"wp","href":"https:\/\/api.w.org\/{rel}","templated":true}]}}