{"id":71442,"date":"2022-04-06T13:18:23","date_gmt":"2022-04-06T11:18:23","guid":{"rendered":"https:\/\/ab-marineservice.com\/?post_type=product&#038;p=71442"},"modified":"2025-12-18T16:10:33","modified_gmt":"2025-12-18T15:10:33","slug":"motorstutze-bis-35kg-shore-40-stich-100-m16","status":"publish","type":"product","link":"https:\/\/ab-marineservice.com\/de\/produkt\/motorstutze-bis-35kg-shore-40-stich-100-m16\/","title":{"rendered":"Motorst\u00fctze bis 35kg &#8211; Shore 40 &#8211; Stich 100 &#8211; M16"},"content":{"rendered":"<p>Die Bestimmung der richtigen Motorst\u00fctzen oder Schwingungsd\u00e4mpfer erfordert immer eine Kalkulation; Frequenz, Ausschlag und Anzahl der Zylinder des Motors spielen eine gro\u00dfe Rolle.<br \/>\nErsetzen Sie nur Motorst\u00fctzen f\u00fcr genau den gleichen Typ.<br \/>\nOder holen Sie sich Rat, bevor Sie bestellen. Wir freuen uns auf die folgenden Informationen, um eine korrekte Kalkulation durchf\u00fchren zu k\u00f6nnen:<\/p>\n<p>Marke und Typ<br \/>\nH\u00f6chstdrehzahl<br \/>\nZylinderzahl<br \/>\nDas Gewicht des Motors<br \/>\nStaudrucklager ist montiert<br \/>\nFoto oder Skizze der Anordnung (Gewichtsverteilung)<\/p>\n<p>Lesen Sie mehr dar\u00fcber in unserem Blog (Link) : <a href=\"https:\/\/ab-marineservice.com\/de\/eine-flexible-motorlagerung\/\">Eine flexible Motoraufstellung, Homokinet? <\/a><\/p>\n<p>* Motorst\u00fctzen (Sets) werden von uns aus praktischer Erfahrung und nach umfangreicher Kalkulation empfohlen.<br \/>\n* Materialarten, Einstellung und externe Faktoren k\u00f6nnen die Funktion beeinflussen, daher bleibt es immer eine Empfehlung.<\/p>\n","protected":false},"excerpt":{"rendered":"<p>Motorst\u00fctze zur optimalen D\u00e4mpfung von mittelgro\u00dfen Motoren.<br \/>\nMaximale Last pro St\u00fctze 35kg.<br \/>\nGummih\u00e4rte 40 shore.<\/p>\n<p>A L\u00e4nge: 120 mm<br \/>\nB H\u00f6he: 34 mm<br \/>\nC Breite: 60 mm<br \/>\nD Stich: 100 mm<\/p>\n<p>Einstellung der Schwingungsd\u00e4mpfer: <a href=\"https:\/\/ab-marineservice.com\/wp-content\/uploads\/2025\/12\/Korrekte-Einstellung-von-flexiblen-Schwingungsdampfern-fur-einen-Schiffsmotor.pdf\">Bedingungen f\u00fcr die korrekte Einstellung<\/a><\/p>\n<p>Kann auch angewendet werden auf: Yanmar YSB8, YSE12, YSB8, YSB12<\/p>\n","protected":false},"featured_media":71446,"comment_status":"open","ping_status":"closed","template":"","meta":[],"location":[15440],"product_brand":[],"product_cat":[1222,1431,3977],"product_tag":[],"class_list":{"0":"post-71442","1":"product","2":"type-product","3":"status-publish","4":"has-post-thumbnail","6":"location-vce","7":"product_cat-motorteile","8":"product_cat-motorstutzen","9":"product_cat-motorstutzen-4-zylinder-max-60ps","10":"product_shipping_class-paket-0-10-kg","12":"first","13":"onbackorder","14":"sale","15":"taxable","16":"shipping-taxable","17":"purchasable","18":"product-type-simple"},"group_of_quantity":0,"min_quantity":0,"max_quantity":"","exclude_order_quantity_value_rules":"no","exclude_category_quantity_rules":"no","combine_variations":"no","locations":[{"id":15440,"name":"VCE","slug":"vce","quantity":""}],"_links":{"self":[{"href":"https:\/\/ab-marineservice.com\/de\/wp-json\/wp\/v2\/product\/71442","targetHints":{"allow":["GET"]}}],"collection":[{"href":"https:\/\/ab-marineservice.com\/de\/wp-json\/wp\/v2\/product"}],"about":[{"href":"https:\/\/ab-marineservice.com\/de\/wp-json\/wp\/v2\/types\/product"}],"replies":[{"embeddable":true,"href":"https:\/\/ab-marineservice.com\/de\/wp-json\/wp\/v2\/comments?post=71442"}],"wp:featuredmedia":[{"embeddable":true,"href":"https:\/\/ab-marineservice.com\/de\/wp-json\/wp\/v2\/media\/71446"}],"wp:attachment":[{"href":"https:\/\/ab-marineservice.com\/de\/wp-json\/wp\/v2\/media?parent=71442"}],"wp:term":[{"taxonomy":"location","embeddable":true,"href":"https:\/\/ab-marineservice.com\/de\/wp-json\/wp\/v2\/location?post=71442"},{"taxonomy":"product_brand","embeddable":true,"href":"https:\/\/ab-marineservice.com\/de\/wp-json\/wp\/v2\/product_brand?post=71442"},{"taxonomy":"product_cat","embeddable":true,"href":"https:\/\/ab-marineservice.com\/de\/wp-json\/wp\/v2\/product_cat?post=71442"},{"taxonomy":"product_tag","embeddable":true,"href":"https:\/\/ab-marineservice.com\/de\/wp-json\/wp\/v2\/product_tag?post=71442"}],"curies":[{"name":"wp","href":"https:\/\/api.w.org\/{rel}","templated":true}]}}