{"id":71475,"date":"2022-04-06T14:18:56","date_gmt":"2022-04-06T12:18:56","guid":{"rendered":"https:\/\/ab-marineservice.com\/?post_type=product&#038;p=71475"},"modified":"2025-12-18T16:15:45","modified_gmt":"2025-12-18T15:15:45","slug":"motorstutze-bis-100kg-shore-65-stich-100-m16","status":"publish","type":"product","link":"https:\/\/ab-marineservice.com\/de\/produkt\/motorstutze-bis-100kg-shore-65-stich-100-m16\/","title":{"rendered":"Motorst\u00fctze bis 100kg Shore 65 Stich 100 M16"},"content":{"rendered":"<p>Dieser Typ Motorst\u00fctze ist ein kompakter Schwingungsd\u00e4mpfer mit hohem D\u00e4mpfungsverm\u00f6gen gegen gro\u00dfe Auslenkungen.<br \/>\nAufgrund der Konstruktion und des hohen D\u00e4mpfungsverm\u00f6gens ist dieser Typ Motorst\u00fctze sehr gut geeignet f\u00fcr z.B. 1 oder 2 Zylinder Dieselmotoren.<br \/>\nMotoren mit 1 oder 2 Zylindern haben in der Regel einen gr\u00f6\u00dferen Hubraum pro Zylinder und sind schwerer ausgef\u00fchrt. Dadurch werden Schwingungen st\u00e4rker und mit gr\u00f6\u00dferer Auslenkung.<\/p>\n<p>Durch den integrierten Fahrbegrenzer kann die Sto\u00dfbewegung um bis zu 5G reduziert werden.<br \/>\nSt\u00f6rende Schwingungen werden somit enorm begrenzt und beim Segeln auf ein angenehmes Ma\u00df reduziert.<\/p>\n<p>MD-Mountings eignen sich sehr gut f\u00fcr mobile \/ maritime Anwendungen.<br \/>\nDie H\u00f6he ist durch einen <span style=\"color: #0000ff;\"><a style=\"color: #0000ff;\" href=\"https:\/\/ab-marineservice.com\/de\/produkt-kategorie\/motorteile\/motorstutzen\/einstellstifte\/\">Stift<\/a><\/span> verstellbar. Sie k\u00f6nnen zwischen Stiftgr\u00f6\u00dfe M12 oder Stiftgr\u00f6\u00dfe M16 w\u00e4hlen, diese k\u00f6nnen separat bestellt werden.<\/p>\n","protected":false},"excerpt":{"rendered":"<p>Motorst\u00fctze zur optimalen D\u00e4mpfung von mittelgro\u00dfen Motoren.<br \/>\nMaximale Last pro St\u00fctze 100 kg.<br \/>\nGummih\u00e4rte 65 shore.<\/p>\n<p>10-IM-130-C-65<\/p>\n<p>A L\u00e4nge: 120 mm<br \/>\nB H\u00f6he: 34 mm<br \/>\nC Breite: 60 mm<br \/>\nD Stich: 100 mm<\/p>\n<p>Einstellung der Schwingungsd\u00e4mpfer: <a href=\"https:\/\/ab-marineservice.com\/wp-content\/uploads\/2025\/12\/Korrekte-Einstellung-von-flexiblen-Schwingungsdampfern-fur-einen-Schiffsmotor.pdf\">Bedingungen f\u00fcr die korrekte Einstellung<\/a><\/p>\n","protected":false},"featured_media":71446,"comment_status":"open","ping_status":"closed","template":"","meta":[],"location":[15440],"product_brand":[],"product_cat":[1222,1431,3977],"product_tag":[],"class_list":{"0":"post-71475","1":"product","2":"type-product","3":"status-publish","4":"has-post-thumbnail","6":"location-vce","7":"product_cat-motorteile","8":"product_cat-motorstutzen","9":"product_cat-motorstutzen-4-zylinder-max-60ps","10":"product_shipping_class-paket-0-10-kg","12":"first","13":"onbackorder","14":"sale","15":"taxable","16":"shipping-taxable","17":"purchasable","18":"product-type-simple"},"group_of_quantity":0,"min_quantity":0,"max_quantity":"","exclude_order_quantity_value_rules":"no","exclude_category_quantity_rules":"no","combine_variations":"no","locations":[{"id":15440,"name":"VCE","slug":"vce","quantity":""}],"_links":{"self":[{"href":"https:\/\/ab-marineservice.com\/de\/wp-json\/wp\/v2\/product\/71475","targetHints":{"allow":["GET"]}}],"collection":[{"href":"https:\/\/ab-marineservice.com\/de\/wp-json\/wp\/v2\/product"}],"about":[{"href":"https:\/\/ab-marineservice.com\/de\/wp-json\/wp\/v2\/types\/product"}],"replies":[{"embeddable":true,"href":"https:\/\/ab-marineservice.com\/de\/wp-json\/wp\/v2\/comments?post=71475"}],"wp:featuredmedia":[{"embeddable":true,"href":"https:\/\/ab-marineservice.com\/de\/wp-json\/wp\/v2\/media\/71446"}],"wp:attachment":[{"href":"https:\/\/ab-marineservice.com\/de\/wp-json\/wp\/v2\/media?parent=71475"}],"wp:term":[{"taxonomy":"location","embeddable":true,"href":"https:\/\/ab-marineservice.com\/de\/wp-json\/wp\/v2\/location?post=71475"},{"taxonomy":"product_brand","embeddable":true,"href":"https:\/\/ab-marineservice.com\/de\/wp-json\/wp\/v2\/product_brand?post=71475"},{"taxonomy":"product_cat","embeddable":true,"href":"https:\/\/ab-marineservice.com\/de\/wp-json\/wp\/v2\/product_cat?post=71475"},{"taxonomy":"product_tag","embeddable":true,"href":"https:\/\/ab-marineservice.com\/de\/wp-json\/wp\/v2\/product_tag?post=71475"}],"curies":[{"name":"wp","href":"https:\/\/api.w.org\/{rel}","templated":true}]}}