{"id":82570,"date":"2026-01-14T17:55:01","date_gmt":"2026-01-14T16:55:01","guid":{"rendered":"https:\/\/ab-marineservice.com\/?post_type=product&#038;p=82570"},"modified":"2026-01-30T09:17:31","modified_gmt":"2026-01-30T08:17:31","slug":"volvo-penta-md17c-36-ps-mit-ms-getriebe-und-warmetauscher","status":"publish","type":"product","link":"https:\/\/ab-marineservice.com\/de\/produkt\/volvo-penta-md17c-36-ps-mit-ms-getriebe-und-warmetauscher\/","title":{"rendered":"Volvo Penta MD17c 36 PS mit MS-Getriebe und W\u00e4rmetauscher"},"content":{"rendered":"<p><iframe loading=\"lazy\" width=\"478\" height=\"849\" src=\"https:\/\/www.youtube.com\/embed\/ZxJ56cHtF8k\" title=\"Volvo Penta MD17 warmtewisselaar scheepsmotor met keerkoppeling\" frameborder=\"0\" allow=\"accelerometer; autoplay; clipboard-write; encrypted-media; gyroscope; picture-in-picture; web-share\" referrerpolicy=\"strict-origin-when-cross-origin\" allowfullscreen><\/iframe><\/p>\n","protected":false},"excerpt":{"rendered":"<p>Sie suchen einen zuverl\u00e4ssigen Schiffsmotor?<br \/>\nUnsere Motoren werden standardm\u00e4\u00dfig ausgiebig getestet und nachgepr\u00fcft, um einen langfristigen Betrieb nach dem Einbau zu gew\u00e4hrleisten.<br \/>\nAuf unserer Kasse-Seite k\u00f6nnen Sie mit allen sicheren Zahlungsmitteln bezahlen. So k\u00f6nnen Sie sicher sein, dass Sie einen reibungslosen Einkauf haben!<br \/>\nStandardversand innerhalb und au\u00dferhalb Europas.<\/p>\n<p><strong>Motor<\/strong><br \/>\nMarke Motor: Volvo Penta<br \/>\nType Motor: MD17 warmtewisselaar<br \/>\nBaujahr:<br \/>\nLeistung: 35 Ps<br \/>\nDrehzahl: 3000 rpm<br \/>\nZylinderzahl: 3<br \/>\nKraftstoff: Diesel<\/p>\n<p><strong>Armaturenbrett<\/strong><br \/>\nArmaturenbrett: Ja<br \/>\nZwischenkabel: Ja<\/p>\n<p><strong>Typ K\u00fchlsystem:<\/strong><br \/>\nW\u00e4rmetauscher<\/p>\n<p><strong>Wendegetriebe:<\/strong><br \/>\nVerh\u00e4ltnis:<br \/>\nTyp: MS<\/p>\n<p><strong>Abmessungen:<\/strong><br \/>\nA = 990mm<br \/>\nB = 520mm<br \/>\nC = 765mm<br \/>\nD = V235\/A305mm<br \/>\nE = 480mm<br \/>\nF = 610mm<\/p>\n<p>Link: <a href=\"https:\/\/ab-marineservice.com\/wp-content\/uploads\/2022\/05\/1001243.pdf\">Volvo Penta MD17d Daten<\/a><\/p>\n<p>Ein Video des laufenden Motors finden Sie unten auf der Seite.<br \/>\nWir geben zus\u00e4tzlich 3 Monate Garantie und 14 Tage Bedenkzeit.<br \/>\nBei Fragen k\u00f6nnen Sie uns gerne kontaktieren.<\/p>\n<p>Wir versenden europaweit.<\/p>\n<p><strong> Bleiben Sie jede Woche \u00fcber unsere neuesten Angebote auf dem Laufenden, <a href=\"https:\/\/ab-marineservice.com\/de\/angebot-gebrauchte-schiffsmotoren\/\"> melden Sie sich hier bitte an <\/a>!<\/strong><\/p>\n","protected":false},"featured_media":375918,"comment_status":"open","ping_status":"closed","template":"","meta":[],"location":[],"product_brand":[],"product_cat":[10450],"product_tag":[],"class_list":{"0":"post-82570","1":"product","2":"type-product","3":"status-publish","4":"has-post-thumbnail","6":"product_cat-verkaufte-motoren","7":"product_shipping_class-palettenversand","9":"first","10":"outofstock","11":"shipping-taxable","12":"product-type-simple"},"group_of_quantity":0,"min_quantity":0,"max_quantity":"","exclude_order_quantity_value_rules":"no","exclude_category_quantity_rules":"no","combine_variations":"no","locations":[{"id":15418,"name":"AB Motoren","slug":"ab-motoren","quantity":""}],"_links":{"self":[{"href":"https:\/\/ab-marineservice.com\/de\/wp-json\/wp\/v2\/product\/82570","targetHints":{"allow":["GET"]}}],"collection":[{"href":"https:\/\/ab-marineservice.com\/de\/wp-json\/wp\/v2\/product"}],"about":[{"href":"https:\/\/ab-marineservice.com\/de\/wp-json\/wp\/v2\/types\/product"}],"replies":[{"embeddable":true,"href":"https:\/\/ab-marineservice.com\/de\/wp-json\/wp\/v2\/comments?post=82570"}],"wp:featuredmedia":[{"embeddable":true,"href":"https:\/\/ab-marineservice.com\/de\/wp-json\/wp\/v2\/media\/375918"}],"wp:attachment":[{"href":"https:\/\/ab-marineservice.com\/de\/wp-json\/wp\/v2\/media?parent=82570"}],"wp:term":[{"taxonomy":"location","embeddable":true,"href":"https:\/\/ab-marineservice.com\/de\/wp-json\/wp\/v2\/location?post=82570"},{"taxonomy":"product_brand","embeddable":true,"href":"https:\/\/ab-marineservice.com\/de\/wp-json\/wp\/v2\/product_brand?post=82570"},{"taxonomy":"product_cat","embeddable":true,"href":"https:\/\/ab-marineservice.com\/de\/wp-json\/wp\/v2\/product_cat?post=82570"},{"taxonomy":"product_tag","embeddable":true,"href":"https:\/\/ab-marineservice.com\/de\/wp-json\/wp\/v2\/product_tag?post=82570"}],"curies":[{"name":"wp","href":"https:\/\/api.w.org\/{rel}","templated":true}]}}