{"id":87958,"date":"2022-06-25T17:38:21","date_gmt":"2022-06-25T15:38:21","guid":{"rendered":"https:\/\/ab-marineservice.com\/?post_type=product&#038;p=87958"},"modified":"2026-04-09T20:43:54","modified_gmt":"2026-04-09T18:43:54","slug":"volvo-penta-d2-55","status":"publish","type":"product","link":"https:\/\/ab-marineservice.com\/de\/produkt\/volvo-penta-d2-55\/","title":{"rendered":"Volvo Penta D2-55L mit Getriebe und Armaturenbrett"},"content":{"rendered":"<p><iframe loading=\"lazy\" width=\"478\" height=\"849\" src=\"https:\/\/www.youtube.com\/embed\/GNpvkhGjFp8\" title=\"Volvo Penta D2-55 met keerkoppeling en dashboard\" frameborder=\"0\" allow=\"accelerometer; autoplay; clipboard-write; encrypted-media; gyroscope; picture-in-picture; web-share\" referrerpolicy=\"strict-origin-when-cross-origin\" allowfullscreen><\/iframe><\/p>\n","protected":false},"excerpt":{"rendered":"<p>Suchen Sie einen zuverl\u00e4ssigen Volvo Penta D2-55 Schiffsmotor?<br \/>\nUnsere Motoren werden standardm\u00e4\u00dfig ausf\u00fchrlich getestet und vollst\u00e4ndig \u00fcberpr\u00fcft, sodass Sie sich auf eine langfristige und st\u00f6rungsfreie Funktion nach dem Einbau verlassen k\u00f6nnen.<br \/>\nKein Kurbelgeh\u00e4usedruck unter dem \u00d6leinf\u00fclldeckel, was auf einen ausgezeichneten Zustand der Zylinder und Kolbenringe hinweist.<\/p>\n<p><strong>Unser Service:<\/strong><\/p>\n<p>Sichere Bezahlung \u00fcber alle g\u00e4ngigen Zahlungsmethoden auf unserer Checkout-Seite<br \/>\nStandardversand innerhalb Europas und weltweit<br \/>\n3 Monate Garantie<br \/>\n14 Tage Widerrufsrecht<br \/>\nEin Video des laufenden Motors finden Sie unten auf der Seite<\/p>\n<p><strong>Motor<\/strong><br \/>\nMarke Motor: Volvo Penta<br \/>\nType Motor: D2-55A (KK komt Van 2026-1201)<br \/>\nBaujahr:<br \/>\nLeistung: 55 Ps<br \/>\nDrehzahl: 3000 rpm<br \/>\nZylinderzahl: 4<br \/>\nKraftstoff: Diesel<\/p>\n<p><strong>Armaturenbrett<\/strong><br \/>\nArmaturenbrett: Ja<br \/>\nZwischenkabel: Ja<\/p>\n<p><strong>Typ K\u00fchlsystem:<\/strong><br \/>\nW\u00e4rmetauscher<\/p>\n<p><strong>Wendegetriebe:<\/strong><br \/>\nVerh\u00e4ltnis: 2.8<br \/>\nTyp: ZF 25-2.8<\/p>\n<p><strong>Abmessungen:<\/strong><br \/>\nA = 980mm<br \/>\nB = 540mm<br \/>\nC = 690mm<br \/>\nD = 125mm<br \/>\nE = 460mm<br \/>\nF = 445mm<\/p>\n<p>F = 445mm<\/p>\n<p>Prospekt-Link: <a href=\"https:\/\/ab-marineservice.com\/wp-content\/uploads\/2022\/06\/D2-55-D2-75.pdf\">D2-55 D2-75<\/a><\/p>\n<p>Werkstatthandbuch-Link:<\/p>\n","protected":false},"featured_media":434443,"comment_status":"open","ping_status":"closed","template":"","meta":[],"location":[],"product_brand":[],"product_cat":[1516,3142],"product_tag":[],"class_list":{"0":"post-87958","1":"product","2":"type-product","3":"status-publish","4":"has-post-thumbnail","6":"product_cat-bootsmotoren-gebraucht","7":"product_cat-innenbordmotor-30-500ps","8":"product_shipping_class-palettenversand","10":"first","11":"instock","12":"sale","13":"shipping-taxable","14":"purchasable","15":"product-type-simple"},"group_of_quantity":0,"min_quantity":0,"max_quantity":"","exclude_order_quantity_value_rules":"no","exclude_category_quantity_rules":"no","combine_variations":"no","locations":[{"id":15418,"name":"AB Motoren","slug":"ab-motoren","quantity":""}],"_links":{"self":[{"href":"https:\/\/ab-marineservice.com\/de\/wp-json\/wp\/v2\/product\/87958","targetHints":{"allow":["GET"]}}],"collection":[{"href":"https:\/\/ab-marineservice.com\/de\/wp-json\/wp\/v2\/product"}],"about":[{"href":"https:\/\/ab-marineservice.com\/de\/wp-json\/wp\/v2\/types\/product"}],"replies":[{"embeddable":true,"href":"https:\/\/ab-marineservice.com\/de\/wp-json\/wp\/v2\/comments?post=87958"}],"wp:featuredmedia":[{"embeddable":true,"href":"https:\/\/ab-marineservice.com\/de\/wp-json\/wp\/v2\/media\/434443"}],"wp:attachment":[{"href":"https:\/\/ab-marineservice.com\/de\/wp-json\/wp\/v2\/media?parent=87958"}],"wp:term":[{"taxonomy":"location","embeddable":true,"href":"https:\/\/ab-marineservice.com\/de\/wp-json\/wp\/v2\/location?post=87958"},{"taxonomy":"product_brand","embeddable":true,"href":"https:\/\/ab-marineservice.com\/de\/wp-json\/wp\/v2\/product_brand?post=87958"},{"taxonomy":"product_cat","embeddable":true,"href":"https:\/\/ab-marineservice.com\/de\/wp-json\/wp\/v2\/product_cat?post=87958"},{"taxonomy":"product_tag","embeddable":true,"href":"https:\/\/ab-marineservice.com\/de\/wp-json\/wp\/v2\/product_tag?post=87958"}],"curies":[{"name":"wp","href":"https:\/\/api.w.org\/{rel}","templated":true}]}}