{"id":89559,"date":"2022-07-08T10:01:45","date_gmt":"2022-07-08T08:01:46","guid":{"rendered":"https:\/\/ab-marineservice.com\/?post_type=product&#038;p=89559"},"modified":"2026-05-02T10:32:52","modified_gmt":"2026-05-02T08:32:52","slug":"anlasser-24v-12-0kw-50mt-c18","status":"publish","type":"product","link":"https:\/\/ab-marineservice.com\/de\/produkt\/anlasser-24v-12-0kw-50mt-c18\/","title":{"rendered":"Anlasser 24V 12.0kW 50MT C18"},"content":{"rendered":"<p>Anlasser 24V 9.0kW 50MT C18; ein Untersetzungsanlasser 12kW, ein zuverl\u00e4ssiger Prestolite mit Schwenkwinkelverstellung NASSKUPPLUNG und \u00f6ldicht<\/p>\n<p>Dieser Anlasser 24V 9,0 kW 50 MT C18 ist der Ersatz f\u00fcr den Anlasser <a href=\"https:\/\/ab-marineservice.com\/de\/produkt\/starter-cummins-kta19-50mt-24v-9-0kw\/\">24V 9.0kW 50MT Cummins KTA19, Caterpillar 3408<\/a><\/p>\n","protected":false},"excerpt":{"rendered":"<p>Dieser Starter f\u00fcr die 24 Volt 12,0 kW von Cummins ist der perfekte Ersatz f\u00fcr die MT50-Serie, verwendet f\u00fcr die Motoren KTA und KTA19.<\/p>\n<p><strong>Elektrische Spezifikationen<\/strong><br \/>\nVolt: 24<br \/>\nkW: 12.0<\/p>\n<p>Massenfrei\/Doppelt isoliert: Ja<br \/>\nPhysische Spezifikationen<br \/>\nA Montageflansch: 92.00<br \/>\nE L\u00f6cher: 16.50<br \/>\nE L\u00f6cher 2: 16.50<br \/>\nE L\u00f6cher 3: 16.50<br \/>\nB Ritzelabstand: 47.00<br \/>\nF Abstand hinten mm: 374.00<br \/>\nG Abstand vorne: 101.50<br \/>\nH Anzahl der Z\u00e4hne: 11<br \/>\nI B+: 1\/2&#8243; UNC<br \/>\nS B-: 1\/2&#8243; UNC<br \/>\nN Getriebetyp: Konventionell<br \/>\nO Abstand mm: 127.00<br \/>\nO Abstand 2: 127.00<br \/>\nO Abstand 3: 127.00<br \/>\nP Drehrichtung: Rechtslauf<br \/>\nR Gesamtl\u00e4nge mm: 522.00<br \/>\nWeitere Informationen<br \/>\nL\u00f6cheranzahl: 3 (0)<br \/>\nRitzeltyp: Stahl<br \/>\nBemerkungen: Ersatz 50MT<br \/>\n\u00d6ldicht: Ja<br \/>\nWasserdicht: Nein<\/p>\n<p>Dieser Anlasser kann die folgenden urspr\u00fcnglichen Artikelnummern ersetzen:<\/p>\n<p>LESTER 6956<br \/>\nCATERPILLAR 0R4998, 10R0936, 1249780, 124-9780, 4Q5454, OR4998<br \/>\nCUMMINS 3084198, 3603868PL, 3628757, 3628997<br \/>\nDELCO 10461188, 10479083, 10479087<br \/>\nPRELUB 100138, 100203, 100208, 100234, 100236, 100237, 100246, 100273, 100280, 100282, 100287, 100372, 100769<br \/>\nWILSON 91-35-1016<\/p>\n<p>Case 20-1297T91, 462588C91, 489717C91, 739911C9, 739912C91, Caterpillar 0R4272, 0R5211, 0R5213, 10R9815, 237-1962, 2371962, 272-7123, 338-3454, 3L8205, 3T2780, 3T2785, 3T2787, 3T2876, 3T3778, 3T3876, 3T8947, 3T8949, 3T8954, 3T8961, 3T8963, 3T8967, 4M4615, 4N0959, 4N3343, 4N3349, 5L3648, 5L4405, 5L5353, 5L5354, 5L648, 5L8205, 5LG48, 5N2685, 6N9667, 6N9677, 6T0640, 6T0647, 6V0511, 6V0590, 6V0885, 6V0890, 8L8204, 8L8205, 9L6464, 9L6474, 9L6484, Cummins 173184, 3000576, 3004699, 3004700, 3010125, 3021038, 3063771, 3603868RX, 3603887RX, 3603888RX, 3632274, 3632274RX, 3636820, 3636821, 3651892, 4081236, Delco 10461057, 10461125, 10461381, 10461739, 10478863, 10478865, 10478866, 10478878, 10478879, 10478883, 10478887, 10478888, 10478907, 10478908, 10478909, 10478911, 10478912, 10479124, 10479125, 10479126, 10479339, 10479343, 1109222, 1109224, 1109275, 1109277, 1109278, 1109279, 1109285, 1109286, 1109287, 1109288, 1109289, 1109290, 1109291, 1109292, 1109293, 1109296, 1109298, 1109493, 1109494, 1109553, 1109630, 1109631, 1109636, 1109638, 1109642, 1109643, 1109646, 1109647, 1109649, 1109755, 1109759, 1109768, 1109771, 1109772, 1109774, 1109775, 1109776, 1109777, 1109778, 1109780, 1109782, 1109787, 1109791, 1109797, 1109798, 1109837, 1109838, 1109839, 1109840, 1109841, 1109842, 1109843, 1109844, 1109845, 1109846, 1109961, 1109963, 1109965, 1109968, 1109970, 1109971, 1109972, 1109973, 1109977, 1109978, 1109979, 1109980, 1109984, 1109985, 1109986, 1109987, 1990229, 1990231, 1990235, 1990237, 1990239, 1990244, 1990246, 1990248, 1990249, 1990250, 1990251, 1990253, 1990254, 1990255, 1990259, 1990260, 1990262, 1990263, 1990264, 1990267, 1990268, 1990269, 1990270, 1990271, 1990273, 1990274, 1990275, 1990276, 1990278, 1990284, 1993825, 1993840, 1993841, 1993852, 8200207, 8200208, 8200456, 8200592, 8201091, 8201153, Detroit Diesel R0461125, Euclid E821132X, Fiat Allis 70620350, 70675686, 70697811, 73114229, 73130196, 73130197, 73130198, 73130627, Ford D8HZ-11002-C, E2HT-11001-DA, E3HZ-11002-A, E3HZ-11002-B, E3HZ-11002-C, IHC, Navistar 462588C91, 489717C91, 729912C91, 739911C91, John Deere RE10464, Leece Neville M125701, Mack Truck 2132X10461057, Prestolite MS7-300A, MS7-411, Versatile V102746, V61094, Western Star 820013408, 820013409, White V1114238, V1114938<br \/>\nLester Nos:<br \/>\n4600, 4927, 4930, 4937, 6672, 6764<\/p>\n<p>1420002 BOSCH<br \/>\n1420006 BOSCH<br \/>\n1420008 BOSCH<br \/>\n1420010 BOSCH<br \/>\n1420011 BOSCH<br \/>\n0r5213 CATERPILLAR<br \/>\n10461057 REMY (DELCO)<br \/>\n10461125 REMY (DELCO)<br \/>\n10478809 REMY (DELCO)<br \/>\n10478855 REMY (DELCO)<br \/>\n10478879 REMY (DELCO)<br \/>\n10478880 REMY (DELCO)<br \/>\n10478884 REMY (DELCO)<br \/>\n10478911 REMY (DELCO)<br \/>\n10478912 REMY (DELCO)<br \/>\n10479339 REMY (DELCO)<br \/>\n10479340 REMY (DELCO)<br \/>\n10479343 REMY (DELCO)<br \/>\n1109222 REMY (DELCO)<br \/>\n1109285 REMY (DELCO)<br \/>\n1109286 REMY (DELCO)<br \/>\n1109287 REMY (DELCO)<br \/>\n1109288 REMY (DELCO)<br \/>\n1109289 REMY (DELCO)<br \/>\n1109290 REMY (DELCO)<br \/>\n1109291 REMY (DELCO)<br \/>\n1109292 REMY (DELCO)<br \/>\n1109293 REMY (DELCO)<br \/>\n1109296 REMY (DELCO)<br \/>\n1109385 REMY (DELCO)<br \/>\n1109494 REMY (DELCO)<br \/>\n1109553 REMY (DELCO)<br \/>\n1109631 REMY (DELCO)<br \/>\n1109636 REMY (DELCO)<br \/>\n1109638 REMY (DELCO)<br \/>\n1109642 REMY (DELCO)<br \/>\n1109643 REMY (DELCO)<br \/>\n1109647 REMY (DELCO)<br \/>\n1109649 REMY (DELCO)<br \/>\n1109661 REMY (DELCO)<br \/>\n1109755 REMY (DELCO)<br \/>\n1109759 REMY (DELCO)<br \/>\n1109768 REMY (DELCO)<br \/>\n1109771 REMY (DELCO)<br \/>\n1109772 REMY (DELCO)<br \/>\n1109773 REMY (DELCO)<br \/>\n1109774 REMY (DELCO)<br \/>\n1109775 REMY (DELCO)<br \/>\n1109776 REMY (DELCO)<br \/>\n1109777 REMY (DELCO)<br \/>\n1109778 REMY (DELCO)<br \/>\n1109780 REMY (DELCO)<br \/>\n1109782 REMY (DELCO)<br \/>\n1109787 REMY (DELCO)<br \/>\n1109788 REMY (DELCO)<br \/>\n1109789 REMY (DELCO)<br \/>\n1109791 REMY (DELCO)<br \/>\n1109798 REMY (DELCO)<br \/>\n1109833 REMY (DELCO)<br \/>\n1109834 REMY (DELCO)<br \/>\n1109836 REMY (DELCO)<br \/>\n1109838 REMY (DELCO)<br \/>\n1109839 REMY (DELCO)<br \/>\n1109840 REMY (DELCO)<br \/>\n1109841 REMY (DELCO)<br \/>\n1109842 REMY (DELCO)<br \/>\n1109845 REMY (DELCO)<br \/>\n1109846 REMY (DELCO)<br \/>\n1109960 REMY (DELCO)<br \/>\n1109961 REMY (DELCO)<br \/>\n1109965 REMY (DELCO)<br \/>\n1109971 REMY (DELCO)<br \/>\n1109972 REMY (DELCO)<br \/>\n1109973 REMY (DELCO)<br \/>\n1109977 REMY (DELCO)<br \/>\n1109978 REMY (DELCO)<br \/>\n1109979 REMY (DELCO)<br \/>\n1109986 REMY (DELCO)<br \/>\n1109987 REMY (DELCO)<br \/>\n1114819 REMY (DELCO)<br \/>\n1990229 REMY (DELCO)<br \/>\n1990231 REMY (DELCO)<br \/>\n1990235 REMY (DELCO)<br \/>\n1990237 REMY (DELCO)<br \/>\n1990239 REMY (DELCO)<br \/>\n1990248 REMY (DELCO)<br \/>\n1990249 REMY (DELCO)<br \/>\n1990250 REMY (DELCO)<br \/>\n1990251 REMY (DELCO)<br \/>\n1990259 REMY (DELCO)<br \/>\n1990260 REMY (DELCO)<br \/>\n1990262 REMY (DELCO)<br \/>\n1990263 REMY (DELCO)<br \/>\n1990264 REMY (DELCO)<br \/>\n1990266 REMY (DELCO)<br \/>\n1990268 REMY (DELCO)<br \/>\n1990269 REMY (DELCO)<br \/>\n1990270 REMY (DELCO)<br \/>\n1990271 REMY (DELCO)<br \/>\n1990272 REMY (DELCO)<br \/>\n1990273 REMY (DELCO)<br \/>\n1990274 REMY (DELCO)<br \/>\n1990276 REMY (DELCO)<br \/>\n1990284 REMY (DELCO)<br \/>\n1993840 REMY (DELCO)<br \/>\n2311040 CAV<br \/>\n3010125rx CUMMINS<br \/>\n3021038 CUMMINS<br \/>\n3603868rx CUMMINS<br \/>\n3603888rx CUMMINS<br \/>\n3l8205 CATERPILLAR<br \/>\n3t2780 CATERPILLAR<br \/>\n3t2785 CATERPILLAR<br \/>\n3t2787 CATERPILLAR<br \/>\n3t3778 CATERPILLAR<br \/>\n3t8947 CATERPILLAR<br \/>\n3t8949 CATERPILLAR<br \/>\n3t8954 CATERPILLAR<br \/>\n3t8967 CATERPILLAR<br \/>\n4081235 CUMMINS<br \/>\n4780974 FIAT<br \/>\n4780974 IVECO<br \/>\n4n0959 CATERPILLAR<br \/>\n4n3343 CATERPILLAR<br \/>\n4n3349 CATERPILLAR<br \/>\n5000811448 RENAULT<br \/>\n5l3648 CATERPILLAR<br \/>\n5l4405 CATERPILLAR<br \/>\n5l5353 CATERPILLAR<br \/>\n5l648 CATERPILLAR<br \/>\n5lg48 CATERPILLAR<br \/>\n6n9667 CATERPILLAR<br \/>\n6n9677 CATERPILLAR<br \/>\n6t0640 CATERPILLAR<br \/>\n6t0647 CATERPILLAR<br \/>\n6v0890 CATERPILLAR<br \/>\n8l8205 CATERPILLAR<\/p>\n<p>10478865 Remy<br \/>\n110347 Cargo<br \/>\n110975 Cargo<br \/>\n116025 Cargo<br \/>\n323761 Delco<br \/>\n323858 Cummins<br \/>\n323872 Cummins<br \/>\n323957 Cummins<br \/>\n3383454 Cummins<br \/>\n3632273 Cummins<br \/>\n3632273RX Cummins<br \/>\n3632274RX Cummins<br \/>\n4906788 Cummins<br \/>\n621501113 PSH<br \/>\n6999 Lester<br \/>\n859492PB Cummins<br \/>\nALTH021 Unipoint<br \/>\nM125R3001SE Prestolite<br \/>\nM128R3601SE Prestolite<br \/>\nM128R3838SE Prestolite<br \/>\nM128R3841SE Prestolite<br \/>\nMS7301A Prestolite<br \/>\nMS77 Mahle<br \/>\nRNL1109494 RNL<br \/>\nRNL50111 RNL<br \/>\nRNL827US RNL<br \/>\nRNLUS827 RNL<br \/>\nSTR9720sa Electrolog<\/p>\n","protected":false},"featured_media":381308,"comment_status":"open","ping_status":"closed","template":"","meta":[],"location":[4160,20835],"product_brand":[26252],"product_cat":[1463,1464,2208],"product_tag":[],"class_list":{"0":"post-89559","1":"product","2":"type-product","3":"status-publish","4":"has-post-thumbnail","6":"location-psh","7":"location-psh-poland","8":"product_brand-wai-global","9":"product_cat-anlasser","10":"product_cat-innenbordstarter","11":"product_cat-cummins-innenbordmotor","12":"product_shipping_class-palettenversand","14":"first","15":"instock","16":"sale","17":"taxable","18":"shipping-taxable","19":"purchasable","20":"product-type-simple"},"group_of_quantity":0,"min_quantity":0,"max_quantity":"","exclude_order_quantity_value_rules":"no","exclude_category_quantity_rules":"no","combine_variations":"no","locations":[{"id":4160,"name":"PSH","slug":"psh","quantity":""},{"id":20835,"name":"PSH Poland","slug":"psh-poland","quantity":""}],"_links":{"self":[{"href":"https:\/\/ab-marineservice.com\/de\/wp-json\/wp\/v2\/product\/89559","targetHints":{"allow":["GET"]}}],"collection":[{"href":"https:\/\/ab-marineservice.com\/de\/wp-json\/wp\/v2\/product"}],"about":[{"href":"https:\/\/ab-marineservice.com\/de\/wp-json\/wp\/v2\/types\/product"}],"replies":[{"embeddable":true,"href":"https:\/\/ab-marineservice.com\/de\/wp-json\/wp\/v2\/comments?post=89559"}],"wp:featuredmedia":[{"embeddable":true,"href":"https:\/\/ab-marineservice.com\/de\/wp-json\/wp\/v2\/media\/381308"}],"wp:attachment":[{"href":"https:\/\/ab-marineservice.com\/de\/wp-json\/wp\/v2\/media?parent=89559"}],"wp:term":[{"taxonomy":"location","embeddable":true,"href":"https:\/\/ab-marineservice.com\/de\/wp-json\/wp\/v2\/location?post=89559"},{"taxonomy":"product_brand","embeddable":true,"href":"https:\/\/ab-marineservice.com\/de\/wp-json\/wp\/v2\/product_brand?post=89559"},{"taxonomy":"product_cat","embeddable":true,"href":"https:\/\/ab-marineservice.com\/de\/wp-json\/wp\/v2\/product_cat?post=89559"},{"taxonomy":"product_tag","embeddable":true,"href":"https:\/\/ab-marineservice.com\/de\/wp-json\/wp\/v2\/product_tag?post=89559"}],"curies":[{"name":"wp","href":"https:\/\/api.w.org\/{rel}","templated":true}]}}