{"id":98779,"date":"2022-07-05T10:30:36","date_gmt":"2022-07-05T08:30:36","guid":{"rendered":"https:\/\/ab-marineservice.com\/product\/anlasser-24v-5-5-kw-4\/"},"modified":"2026-05-02T10:33:04","modified_gmt":"2026-05-02T08:33:04","slug":"anlasser-deutz-55-kw-24v-12-zahne","status":"publish","type":"product","link":"https:\/\/ab-marineservice.com\/de\/produkt\/anlasser-deutz-55-kw-24v-12-zahne\/","title":{"rendered":"Anlasser Deutz 5,5 kW &#8211; 24V, 12 Z\u00e4hne"},"content":{"rendered":"<p><strong>Technische Daten:<\/strong><br \/>\nSpannung: 24V<br \/>\nLeistung: 5,5 kW<br \/>\nFittingkante: 89,00 mm<br \/>\nZ\u00e4hnezahl: 12<br \/>\nBasisposition des Antriebzahnrads: 28,00 mm<br \/>\nB+: M10<br \/>\nAnzahl der Montageschraubenl\u00f6cher: 3<br \/>\nDrehung: CW<\/p>\n<p><strong>Kreuzreferenzen:<\/strong><br \/>\n0001241023 Bosch<br \/>\n0001261177 SEG<br \/>\n19801N WAI<br \/>\n511511123 PSH<br \/>\nSR5065LH Bosch (USA)<br \/>\nSTR50625 Wood Auto<br \/>\nWOOSTR50625 Wood Auto<\/p>\n","protected":false},"excerpt":{"rendered":"<p>Anlasser Deutz mit 24V Spannung und 5,5 kW Leistung. Dieser leistungsstarke Anlasser ist f\u00fcr Deutz-Motoren entwickelt, mit 12 Z\u00e4hnen und einer Fittingkante von 89,00 mm f\u00fcr zuverl\u00e4ssige Startleistungen unter verschiedenen Bedingungen.<\/p>\n","protected":false},"featured_media":430189,"comment_status":"open","ping_status":"closed","template":"","meta":[],"location":[],"product_brand":[26252],"product_cat":[1222,1463,1464,1474],"product_tag":[],"class_list":{"0":"post-98779","1":"product","2":"type-product","3":"status-publish","4":"has-post-thumbnail","6":"product_brand-wai-global","7":"product_cat-motorteile","8":"product_cat-anlasser","9":"product_cat-innenbordstarter","10":"product_cat-verschiedene-de","11":"product_shipping_class-paket-0-10-kg","13":"first","14":"instock","15":"sale","16":"taxable","17":"shipping-taxable","18":"purchasable","19":"product-type-simple"},"group_of_quantity":0,"min_quantity":0,"max_quantity":"","exclude_order_quantity_value_rules":"no","exclude_category_quantity_rules":"no","combine_variations":"no","locations":[{"id":4160,"name":"PSH","slug":"psh","quantity":""},{"id":20835,"name":"PSH Poland","slug":"psh-poland","quantity":""}],"_links":{"self":[{"href":"https:\/\/ab-marineservice.com\/de\/wp-json\/wp\/v2\/product\/98779","targetHints":{"allow":["GET"]}}],"collection":[{"href":"https:\/\/ab-marineservice.com\/de\/wp-json\/wp\/v2\/product"}],"about":[{"href":"https:\/\/ab-marineservice.com\/de\/wp-json\/wp\/v2\/types\/product"}],"replies":[{"embeddable":true,"href":"https:\/\/ab-marineservice.com\/de\/wp-json\/wp\/v2\/comments?post=98779"}],"wp:featuredmedia":[{"embeddable":true,"href":"https:\/\/ab-marineservice.com\/de\/wp-json\/wp\/v2\/media\/430189"}],"wp:attachment":[{"href":"https:\/\/ab-marineservice.com\/de\/wp-json\/wp\/v2\/media?parent=98779"}],"wp:term":[{"taxonomy":"location","embeddable":true,"href":"https:\/\/ab-marineservice.com\/de\/wp-json\/wp\/v2\/location?post=98779"},{"taxonomy":"product_brand","embeddable":true,"href":"https:\/\/ab-marineservice.com\/de\/wp-json\/wp\/v2\/product_brand?post=98779"},{"taxonomy":"product_cat","embeddable":true,"href":"https:\/\/ab-marineservice.com\/de\/wp-json\/wp\/v2\/product_cat?post=98779"},{"taxonomy":"product_tag","embeddable":true,"href":"https:\/\/ab-marineservice.com\/de\/wp-json\/wp\/v2\/product_tag?post=98779"}],"curies":[{"name":"wp","href":"https:\/\/api.w.org\/{rel}","templated":true}]}}