{"id":126544,"date":"2022-11-22T16:20:47","date_gmt":"2022-11-22T15:20:47","guid":{"rendered":"https:\/\/ab-marineservice.com\/product\/product-21\/"},"modified":"2025-03-27T15:47:56","modified_gmt":"2025-03-27T14:47:56","slug":"disc-anode-type-uk-rudder-blade-trim-tabs-aluminium","status":"publish","type":"product","link":"https:\/\/ab-marineservice.com\/en\/product\/disc-anode-type-uk-rudder-blade-trim-tabs-aluminium\/","title":{"rendered":"Disc anode type UK Rudder blade &#8211; Trim tabs Aluminium"},"content":{"rendered":"<p>Disc anode type UK Rudder blade &#8211; Trim tabs Aluminium anode.<\/p>\n<p>Design <u>with<\/u> steel core. Available in 3 sizes. Diameter and thickness as below.<\/p>\n<p>00102UKAL=\u00d8 90 (98&#215;82) mm, h 32 mm, \u00d81 42 mm, \u00d82 14.5 mm<\/p>\n<p>Also available as:<br \/>\n00101UKAL=\u00d8 70 mm, h 33 mm, \u00d81 30 mm, \u00d82 11 mm<br \/>\n00105UKAL=\u00d8140 mm, h 36 mm, \u00d81 36 mm, \u00d82 14.5 mm<\/p>\n<p>If the size cannot be ordered, please<a href=\"https:\/\/ab-marineservice.com\/en\/contact\/\"> feel free to contact us<\/a>. Also available in zinc and magnesium.<\/p>\n","protected":false},"excerpt":{"rendered":"<p>l 98 mm<br \/>\na 82 mm<br \/>\nh 32 mm<br \/>\n\u00d81 42 mm<br \/>\n\u00d82 14.50 mm<\/p>\n","protected":false},"featured_media":127379,"comment_status":"open","ping_status":"closed","template":"","meta":[],"location":[4152],"product_brand":[25362],"product_cat":[2732,3177,6046,6054],"product_tag":[],"class_list":{"0":"post-126544","1":"product","2":"type-product","3":"status-publish","4":"has-post-thumbnail","6":"location-tecnoseal","7":"product_brand-tecnoseal","8":"product_cat-cooling-parts","9":"product_cat-anodes-2","10":"product_cat-rudder-and-trim-tab-anodes","11":"product_cat-rudder-and-trim-tab-anodes-heavy","12":"product_shipping_class-parcel-0-10-kg","14":"first","15":"instock","16":"sale","17":"taxable","18":"shipping-taxable","19":"purchasable","20":"product-type-simple"},"group_of_quantity":0,"min_quantity":0,"max_quantity":"","exclude_order_quantity_value_rules":"no","exclude_category_quantity_rules":"no","combine_variations":"no","locations":[{"id":4152,"name":"Tecnoseal","slug":"tecnoseal","quantity":""}],"_links":{"self":[{"href":"https:\/\/ab-marineservice.com\/en\/wp-json\/wp\/v2\/product\/126544","targetHints":{"allow":["GET"]}}],"collection":[{"href":"https:\/\/ab-marineservice.com\/en\/wp-json\/wp\/v2\/product"}],"about":[{"href":"https:\/\/ab-marineservice.com\/en\/wp-json\/wp\/v2\/types\/product"}],"replies":[{"embeddable":true,"href":"https:\/\/ab-marineservice.com\/en\/wp-json\/wp\/v2\/comments?post=126544"}],"wp:featuredmedia":[{"embeddable":true,"href":"https:\/\/ab-marineservice.com\/en\/wp-json\/wp\/v2\/media\/127379"}],"wp:attachment":[{"href":"https:\/\/ab-marineservice.com\/en\/wp-json\/wp\/v2\/media?parent=126544"}],"wp:term":[{"taxonomy":"location","embeddable":true,"href":"https:\/\/ab-marineservice.com\/en\/wp-json\/wp\/v2\/location?post=126544"},{"taxonomy":"product_brand","embeddable":true,"href":"https:\/\/ab-marineservice.com\/en\/wp-json\/wp\/v2\/product_brand?post=126544"},{"taxonomy":"product_cat","embeddable":true,"href":"https:\/\/ab-marineservice.com\/en\/wp-json\/wp\/v2\/product_cat?post=126544"},{"taxonomy":"product_tag","embeddable":true,"href":"https:\/\/ab-marineservice.com\/en\/wp-json\/wp\/v2\/product_tag?post=126544"}],"curies":[{"name":"wp","href":"https:\/\/api.w.org\/{rel}","templated":true}]}}