{"id":137705,"date":"2023-02-21T16:27:07","date_gmt":"2023-02-21T16:12:28","guid":{"rendered":"https:\/\/ab-marineservice.com\/product\/ercem-carbon-ring-o28mm-o53-62mm\/"},"modified":"2025-06-30T08:41:09","modified_gmt":"2025-06-30T06:41:09","slug":"ercem-carbon-ring-o28mm-o53-62mm","status":"publish","type":"product","link":"https:\/\/ab-marineservice.com\/en\/product\/ercem-carbon-ring-o28mm-o53-62mm\/","title":{"rendered":"Ercem carbon ring \u00d828mm. \u00d853-62mm."},"content":{"rendered":"","protected":false},"excerpt":{"rendered":"<p>Ercem carbon ring \u00d828mm. \u00d853-62mm.<\/p>\n<p>Rings are produced with Isomolded, very fine grain, high strength, high density, isotropic graphite resin impregnated for high mechanical and sealing applications.<\/p>\n<p>This material may tolerate temperatures up to 200 \u00b0 Celsius.<br \/>\nRings are produced on CNC machines to ensure a glossy surface state on the contact face.<\/p>\n<p>Depending on the application, the carbon ring may be provided with polyamide fitting to provide better lubrication in water or air vent. We use a non-metallic material to avoid electrolytic phenomena.<\/p>\n<p>Datasheet: <a href=\"https:\/\/www.maucour.fr\/en\/cms\/Notice_Montage_Ercem_std_Inf_55mmUKV230518.pdf\" target=\"_blank\">Ercem carbon ring \u00d828mm. \u00d853-62mm.<\/a><\/p>\n","protected":false},"featured_media":375088,"comment_status":"open","ping_status":"closed","template":"","meta":[],"location":[3906],"product_brand":[],"product_cat":[4216,2585,3456,3907,20550,5387],"product_tag":[],"class_list":{"0":"post-137705","1":"product","2":"type-product","3":"status-publish","4":"has-post-thumbnail","6":"location-dintra","7":"product_cat-d-en","8":"product_cat-engine-parts","9":"product_cat-drives","10":"product_cat-propeller-shaft-seals","11":"product_cat-ercem-rvs-ring-en-2","12":"product_cat-propeller-shaft-system","13":"product_shipping_class-parcel-0-10-kg","15":"first","16":"instock","17":"taxable","18":"shipping-taxable","19":"purchasable","20":"product-type-simple"},"group_of_quantity":0,"min_quantity":0,"max_quantity":"","exclude_order_quantity_value_rules":"no","exclude_category_quantity_rules":"no","combine_variations":"no","locations":[{"id":3906,"name":"Dintra","slug":"dintra","quantity":""}],"_links":{"self":[{"href":"https:\/\/ab-marineservice.com\/en\/wp-json\/wp\/v2\/product\/137705","targetHints":{"allow":["GET"]}}],"collection":[{"href":"https:\/\/ab-marineservice.com\/en\/wp-json\/wp\/v2\/product"}],"about":[{"href":"https:\/\/ab-marineservice.com\/en\/wp-json\/wp\/v2\/types\/product"}],"replies":[{"embeddable":true,"href":"https:\/\/ab-marineservice.com\/en\/wp-json\/wp\/v2\/comments?post=137705"}],"wp:featuredmedia":[{"embeddable":true,"href":"https:\/\/ab-marineservice.com\/en\/wp-json\/wp\/v2\/media\/375088"}],"wp:attachment":[{"href":"https:\/\/ab-marineservice.com\/en\/wp-json\/wp\/v2\/media?parent=137705"}],"wp:term":[{"taxonomy":"location","embeddable":true,"href":"https:\/\/ab-marineservice.com\/en\/wp-json\/wp\/v2\/location?post=137705"},{"taxonomy":"product_brand","embeddable":true,"href":"https:\/\/ab-marineservice.com\/en\/wp-json\/wp\/v2\/product_brand?post=137705"},{"taxonomy":"product_cat","embeddable":true,"href":"https:\/\/ab-marineservice.com\/en\/wp-json\/wp\/v2\/product_cat?post=137705"},{"taxonomy":"product_tag","embeddable":true,"href":"https:\/\/ab-marineservice.com\/en\/wp-json\/wp\/v2\/product_tag?post=137705"}],"curies":[{"name":"wp","href":"https:\/\/api.w.org\/{rel}","templated":true}]}}