{"id":137733,"date":"2023-02-21T16:27:22","date_gmt":"2023-02-21T15:27:22","guid":{"rendered":"https:\/\/ab-marineservice.com\/product\/ercem-verst-seal-o40mm-o64-70mm\/"},"modified":"2026-01-19T14:35:27","modified_gmt":"2026-01-19T13:35:27","slug":"ercem-verst-seal-o40mm-o64-70mm","status":"publish","type":"product","link":"https:\/\/ab-marineservice.com\/en\/product\/ercem-verst-seal-o40mm-o64-70mm\/","title":{"rendered":"Ercem Verst. seal \u00d840mm. \u00d864-70mm"},"content":{"rendered":"","protected":false},"excerpt":{"rendered":"<p>Ercem Verst. seal \u00d840mm. \u00d864-70mm<\/p>\n<p>&#8211; The ERCEM is a 100% French origin<br \/>\n&#8211; With an experience of several decades, it is known for its reliability.<br \/>\n&#8211; Ecological: no lubrication using petrochemical material.<br \/>\n&#8211; Economic:<br \/>\n* No maintenance required<br \/>\n* No greasing<br \/>\n* No lip seals replacement<br \/>\n* No braid packing to tighten the stuffy box<br \/>\n* No shaft wear due to friction of lip seals or braid<br \/>\n&#8211; Tolerates misalignment and offers perfect axial sealing<\/p>\n<p>Datasheet: <a href=\"https:\/\/www.maucour.fr\/en\/cms\/Notice_Montage_Ercem_std_Inf_55mmUKV230518.pdf\" target=\"_blank\">Ercem Verst. seal \u00d840mm. \u00d864-70mm<\/a><\/p>\n","protected":false},"featured_media":375333,"comment_status":"open","ping_status":"closed","template":"","meta":[],"location":[3906],"product_brand":[],"product_cat":[4216,2585,3456,3907,20545,5387],"product_tag":[],"class_list":{"0":"post-137733","1":"product","2":"type-product","3":"status-publish","4":"has-post-thumbnail","6":"location-dintra","7":"product_cat-d-en","8":"product_cat-engine-parts","9":"product_cat-drives","10":"product_cat-propeller-shaft-seals","11":"product_cat-ercem-seal","12":"product_cat-propeller-shaft-system","13":"product_shipping_class-parcel-0-10-kg","15":"first","16":"instock","17":"taxable","18":"shipping-taxable","19":"purchasable","20":"product-type-simple"},"group_of_quantity":0,"min_quantity":0,"max_quantity":"","exclude_order_quantity_value_rules":"no","exclude_category_quantity_rules":"no","combine_variations":"no","locations":[{"id":3906,"name":"Dintra","slug":"dintra","quantity":""}],"_links":{"self":[{"href":"https:\/\/ab-marineservice.com\/en\/wp-json\/wp\/v2\/product\/137733","targetHints":{"allow":["GET"]}}],"collection":[{"href":"https:\/\/ab-marineservice.com\/en\/wp-json\/wp\/v2\/product"}],"about":[{"href":"https:\/\/ab-marineservice.com\/en\/wp-json\/wp\/v2\/types\/product"}],"replies":[{"embeddable":true,"href":"https:\/\/ab-marineservice.com\/en\/wp-json\/wp\/v2\/comments?post=137733"}],"wp:featuredmedia":[{"embeddable":true,"href":"https:\/\/ab-marineservice.com\/en\/wp-json\/wp\/v2\/media\/375333"}],"wp:attachment":[{"href":"https:\/\/ab-marineservice.com\/en\/wp-json\/wp\/v2\/media?parent=137733"}],"wp:term":[{"taxonomy":"location","embeddable":true,"href":"https:\/\/ab-marineservice.com\/en\/wp-json\/wp\/v2\/location?post=137733"},{"taxonomy":"product_brand","embeddable":true,"href":"https:\/\/ab-marineservice.com\/en\/wp-json\/wp\/v2\/product_brand?post=137733"},{"taxonomy":"product_cat","embeddable":true,"href":"https:\/\/ab-marineservice.com\/en\/wp-json\/wp\/v2\/product_cat?post=137733"},{"taxonomy":"product_tag","embeddable":true,"href":"https:\/\/ab-marineservice.com\/en\/wp-json\/wp\/v2\/product_tag?post=137733"}],"curies":[{"name":"wp","href":"https:\/\/api.w.org\/{rel}","templated":true}]}}