{"id":146896,"date":"2023-05-04T09:37:49","date_gmt":"2023-05-04T08:43:31","guid":{"rendered":"https:\/\/ab-marineservice.com\/product\/digital-multi-control-200-200a\/"},"modified":"2024-08-06T16:37:54","modified_gmt":"2024-08-06T14:37:54","slug":"digital-multi-control-200-200a","status":"publish","type":"product","link":"https:\/\/ab-marineservice.com\/en\/product\/digital-multi-control-200-200a\/","title":{"rendered":"Digital Multi Control 200\/200A"},"content":{"rendered":"","protected":false},"excerpt":{"rendered":"<p>REC020005010 Victron<\/p>\n<p>Dieses Paneel eignet sich sowohl f\u00fcr Multis als auch f\u00fcr Quattros. Es erm\u00f6glicht die Einstellung von PowerControl- und PowerAssist-Strombegrenzungen f\u00fcr zwei Wechselstromquellen: zum Beispiel f\u00fcr Generator- und f\u00fcr Landstrom. Einstellungsbereich: bis zu 200 A. Die Helligkeit der LEDs wird w\u00e4hrend der Nacht automatisch verringert.<\/p>\n<p>Dimensions: <a href=\"https:\/\/www.victronenergy.com\/upload\/documents\/Dimensions-of-metal-panel-for-REC020005000-Digital-Multi-Control-200-200....pdf\" rel=\"noopener\" target=\"_blank\">Digital Multi Control 200\/200A<\/a><br \/>\nManual: <a href=\"https:\/\/www.victronenergy.com\/upload\/documents\/Digital_Multi_Control\/153833-Digital_Multi_Control-pdf-en.pdf\" rel=\"noopener\" target=\"_blank\">Digital Multi Control (PDF)<\/a><\/p>\n","protected":false},"featured_media":147360,"comment_status":"open","ping_status":"closed","template":"","meta":[],"location":[4275,4276],"product_brand":[],"product_cat":[4283,7725],"product_tag":[],"class_list":{"0":"post-146896","1":"product","2":"type-product","3":"status-publish","4":"has-post-thumbnail","6":"location-aes-emmeloord","7":"location-aes-lemmer","8":"product_cat-victron-en","9":"product_cat-display-panels","10":"product_shipping_class-parcel-0-10-kg","12":"first","13":"instock","14":"sale","15":"taxable","16":"shipping-taxable","17":"purchasable","18":"product-type-simple"},"group_of_quantity":0,"min_quantity":0,"max_quantity":"","exclude_order_quantity_value_rules":"no","exclude_category_quantity_rules":"no","combine_variations":"no","locations":[{"id":4275,"name":"AES Emmeloord","slug":"aes-emmeloord","quantity":""},{"id":4276,"name":"AES Lemmer","slug":"aes-lemmer","quantity":""}],"_links":{"self":[{"href":"https:\/\/ab-marineservice.com\/en\/wp-json\/wp\/v2\/product\/146896","targetHints":{"allow":["GET"]}}],"collection":[{"href":"https:\/\/ab-marineservice.com\/en\/wp-json\/wp\/v2\/product"}],"about":[{"href":"https:\/\/ab-marineservice.com\/en\/wp-json\/wp\/v2\/types\/product"}],"replies":[{"embeddable":true,"href":"https:\/\/ab-marineservice.com\/en\/wp-json\/wp\/v2\/comments?post=146896"}],"wp:featuredmedia":[{"embeddable":true,"href":"https:\/\/ab-marineservice.com\/en\/wp-json\/wp\/v2\/media\/147360"}],"wp:attachment":[{"href":"https:\/\/ab-marineservice.com\/en\/wp-json\/wp\/v2\/media?parent=146896"}],"wp:term":[{"taxonomy":"location","embeddable":true,"href":"https:\/\/ab-marineservice.com\/en\/wp-json\/wp\/v2\/location?post=146896"},{"taxonomy":"product_brand","embeddable":true,"href":"https:\/\/ab-marineservice.com\/en\/wp-json\/wp\/v2\/product_brand?post=146896"},{"taxonomy":"product_cat","embeddable":true,"href":"https:\/\/ab-marineservice.com\/en\/wp-json\/wp\/v2\/product_cat?post=146896"},{"taxonomy":"product_tag","embeddable":true,"href":"https:\/\/ab-marineservice.com\/en\/wp-json\/wp\/v2\/product_tag?post=146896"}],"curies":[{"name":"wp","href":"https:\/\/api.w.org\/{rel}","templated":true}]}}