{"id":405370,"date":"2025-11-08T14:22:43","date_gmt":"2025-11-08T13:22:43","guid":{"rendered":"https:\/\/ab-marineservice.com\/product\/propeller-shaft-system-set-k5-with-o35mm\/"},"modified":"2026-02-26T16:56:12","modified_gmt":"2026-02-26T15:56:12","slug":"brass-propeller-shaft-system-with-35mm-x-2000mm","status":"publish","type":"product","link":"https:\/\/ab-marineservice.com\/en\/product\/brass-propeller-shaft-system-with-35mm-x-2000mm\/","title":{"rendered":"Brass propeller shaft system with 35mm x 2000mm"},"content":{"rendered":"","protected":false},"excerpt":{"rendered":"<p>Brass propeller shaft system with 35mm x 2000mm<\/p>\n<p><strong>This package includes:<\/strong><\/p>\n<ul>\n<li>Bronze outer bearing with counter flange, for propeller shaft \u00d835mm &amp; housing<\/li>\n<li>\u00d850mm Bronze flexible inner bearing, for propeller shaft \u00d835mm &amp; housing \u00d850mm<\/li>\n<li>Brass propeller shaft tube \u00d850x43mm, for propeller shaft \u00d835mm (without threads)<\/li>\n<li>Propeller shaft stainless steel Duplex, \u00d835x2000mm with cap nut\/zinc anode\/key, cone 1:10<\/li>\n<\/ul>\n","protected":false},"featured_media":405368,"comment_status":"open","ping_status":"closed","template":"","meta":[],"location":[15420],"product_brand":[],"product_cat":[5387,24475],"product_tag":[],"class_list":{"0":"post-405370","1":"product","2":"type-product","3":"status-publish","4":"has-post-thumbnail","6":"location-allpa","7":"product_cat-propeller-shaft-system","8":"product_cat-complete-propeller-shaft-set","9":"product_shipping_class-parcel-0-10-kg","11":"first","12":"onbackorder","13":"sale","14":"taxable","15":"shipping-taxable","16":"purchasable","17":"product-type-simple"},"group_of_quantity":0,"min_quantity":0,"max_quantity":"","exclude_order_quantity_value_rules":"no","exclude_category_quantity_rules":"no","combine_variations":"no","locations":[{"id":15420,"name":"Allpa","slug":"allpa","quantity":""}],"_links":{"self":[{"href":"https:\/\/ab-marineservice.com\/en\/wp-json\/wp\/v2\/product\/405370","targetHints":{"allow":["GET"]}}],"collection":[{"href":"https:\/\/ab-marineservice.com\/en\/wp-json\/wp\/v2\/product"}],"about":[{"href":"https:\/\/ab-marineservice.com\/en\/wp-json\/wp\/v2\/types\/product"}],"replies":[{"embeddable":true,"href":"https:\/\/ab-marineservice.com\/en\/wp-json\/wp\/v2\/comments?post=405370"}],"wp:featuredmedia":[{"embeddable":true,"href":"https:\/\/ab-marineservice.com\/en\/wp-json\/wp\/v2\/media\/405368"}],"wp:attachment":[{"href":"https:\/\/ab-marineservice.com\/en\/wp-json\/wp\/v2\/media?parent=405370"}],"wp:term":[{"taxonomy":"location","embeddable":true,"href":"https:\/\/ab-marineservice.com\/en\/wp-json\/wp\/v2\/location?post=405370"},{"taxonomy":"product_brand","embeddable":true,"href":"https:\/\/ab-marineservice.com\/en\/wp-json\/wp\/v2\/product_brand?post=405370"},{"taxonomy":"product_cat","embeddable":true,"href":"https:\/\/ab-marineservice.com\/en\/wp-json\/wp\/v2\/product_cat?post=405370"},{"taxonomy":"product_tag","embeddable":true,"href":"https:\/\/ab-marineservice.com\/en\/wp-json\/wp\/v2\/product_tag?post=405370"}],"curies":[{"name":"wp","href":"https:\/\/api.w.org\/{rel}","templated":true}]}}