{"id":427297,"date":"2026-02-20T14:51:53","date_gmt":"2026-02-20T13:51:53","guid":{"rendered":"https:\/\/ab-marineservice.com\/product\/whisperpower-piccolo-8-kva-6-4-kw\/"},"modified":"2026-02-20T14:51:53","modified_gmt":"2026-02-20T13:51:53","slug":"whisperpower-piccolo-8-kva-6-4-kw","status":"publish","type":"product","link":"https:\/\/ab-marineservice.com\/en\/product\/whisperpower-piccolo-8-kva-6-4-kw\/","title":{"rendered":"WhisperPower Piccolo 8 KVA (6.4 KW)"},"content":{"rendered":"","protected":false},"excerpt":{"rendered":"<h2 class=\"h2-main-product-content\">Lernen Sie den Piccolo 8 kennen<\/h2>\n<p>Der WhisperPower Genverter Piccolo 8 ist der kleinste, leiseste und leistungsst\u00e4rkste 8 kVA Dieselgenerator seiner Art. Dank seiner elektronischen PMG-Inverter-Leistung liefert er die ideale Stromqualit\u00e4t f\u00fcr all Ihre Komfortger\u00e4te, wie eine Waschmaschine, eine kleine Klimaanlage, ein elektrisches Kochger\u00e4t und Ladeger\u00e4te.<\/p>\n<h2 class=\"h4 text-primary\">Wichtige Spezifikationen: 1 Phase | 230 VAC | 50 Hz<\/h2>\n<ul class=\"list-specs\">\n<li>\n<div class=\"grid-x\">\n<div class=\"cell large-14\">Tempor\u00e4re Leistung kW bei 25\u00b0C (77\u00b0F)<\/div>\n<div class=\"cell large-10\"><strong>6.4 kW<\/strong><\/div>\n<\/div>\n<\/li>\n<li>\n<div class=\"grid-x\">\n<div class=\"cell large-14\">Dauerleistung kVA bei 25\u00b0C (77\u00b0F)<\/div>\n<div class=\"cell large-10\"><strong>8 kVA<\/strong><\/div>\n<\/div>\n<\/li>\n<li>\n<div class=\"grid-x\">\n<div class=\"cell large-14\">Nominale Spannung \/ Frequenz<\/div>\n<div class=\"cell large-10\"><strong>1 Phase | 230 VAC | 50 Hz<\/strong><\/div>\n<\/div>\n<\/li>\n<li>\n<div class=\"grid-x\">\n<div class=\"cell large-14\">Drehzahlbereich<\/div>\n<div class=\"cell large-10\"><strong>2400 .. 2800 rpm, einstellbar<\/strong><\/div>\n<\/div>\n<\/li>\n<li>\n<div class=\"grid-x\">\n<div class=\"cell large-14\">Motor<\/div>\n<div class=\"cell large-10\"><strong>WhisperPower Kubota Z482<\/strong><\/div>\n<\/div>\n<\/li>\n<li>\n<div class=\"grid-x\">\n<div class=\"cell large-14\">Emissionsklasse<\/div>\n<div class=\"cell large-10\"><strong>Stage V zertifiziert \/ EPA \/ Tier 4<\/strong><\/div>\n<\/div>\n<\/li>\n<li>\n<div class=\"grid-x\">\n<div class=\"cell large-14\">L\u00e4rmniveau<\/div>\n<div class=\"cell large-10\"><strong>51 dB(A) bei 7 m, 60 dB(A) bei 1 m<\/strong><\/div>\n<\/div>\n<\/li>\n<li>\n<div class=\"grid-x\">\n<div class=\"cell large-14\">L\u00e4nge x Breite x H\u00f6he, mm (in.)<\/div>\n<div class=\"cell large-10\"><strong>660 x 550 x 622 (26 x 21.7 x 24.5)<\/strong><\/div>\n<\/div>\n<\/li>\n<li>\n<div class=\"grid-x\">\n<div class=\"cell large-14\">Trockengewicht (Geh\u00e4use + PMG), kg (lb.)<\/div>\n<div class=\"cell large-10\"><strong>154 + 9.9 (339.5 + 21.8)<\/strong><\/div>\n<\/div>\n<\/li>\n<\/ul>\n","protected":false},"featured_media":426225,"comment_status":"open","ping_status":"closed","template":"","meta":[],"location":[],"product_brand":[27574],"product_cat":[3141,2353,27575,27576],"product_tag":[],"class_list":{"0":"post-427297","1":"product","2":"type-product","3":"status-publish","4":"has-post-thumbnail","6":"product_brand-whisperpower","7":"product_cat-generators","8":"product_cat-electric-parts","9":"product_cat-whisperpower","10":"product_cat-piccolo","12":"first","13":"onbackorder","14":"sale","15":"taxable","16":"shipping-taxable","17":"purchasable","18":"product-type-simple"},"group_of_quantity":0,"min_quantity":0,"max_quantity":"","exclude_order_quantity_value_rules":"no","exclude_category_quantity_rules":"no","combine_variations":"no","locations":[],"_links":{"self":[{"href":"https:\/\/ab-marineservice.com\/en\/wp-json\/wp\/v2\/product\/427297","targetHints":{"allow":["GET"]}}],"collection":[{"href":"https:\/\/ab-marineservice.com\/en\/wp-json\/wp\/v2\/product"}],"about":[{"href":"https:\/\/ab-marineservice.com\/en\/wp-json\/wp\/v2\/types\/product"}],"replies":[{"embeddable":true,"href":"https:\/\/ab-marineservice.com\/en\/wp-json\/wp\/v2\/comments?post=427297"}],"wp:featuredmedia":[{"embeddable":true,"href":"https:\/\/ab-marineservice.com\/en\/wp-json\/wp\/v2\/media\/426225"}],"wp:attachment":[{"href":"https:\/\/ab-marineservice.com\/en\/wp-json\/wp\/v2\/media?parent=427297"}],"wp:term":[{"taxonomy":"location","embeddable":true,"href":"https:\/\/ab-marineservice.com\/en\/wp-json\/wp\/v2\/location?post=427297"},{"taxonomy":"product_brand","embeddable":true,"href":"https:\/\/ab-marineservice.com\/en\/wp-json\/wp\/v2\/product_brand?post=427297"},{"taxonomy":"product_cat","embeddable":true,"href":"https:\/\/ab-marineservice.com\/en\/wp-json\/wp\/v2\/product_cat?post=427297"},{"taxonomy":"product_tag","embeddable":true,"href":"https:\/\/ab-marineservice.com\/en\/wp-json\/wp\/v2\/product_tag?post=427297"}],"curies":[{"name":"wp","href":"https:\/\/api.w.org\/{rel}","templated":true}]}}