{"id":45234,"date":"2021-03-12T15:44:28","date_gmt":"2021-03-12T15:21:14","guid":{"rendered":"https:\/\/ab-marineservice.com\/product\/oilcooler-175mm-o55-mm-o32-mm-hose-connection\/"},"modified":"2024-11-05T10:20:18","modified_gmt":"2024-11-05T09:20:18","slug":"oil-cooler-7-o55mm-o32-mm-water-connection","status":"publish","type":"product","link":"https:\/\/ab-marineservice.com\/en\/product\/oil-cooler-7-o55mm-o32-mm-water-connection\/","title":{"rendered":"Oil Cooler 7&#8221; \u00d855mm. \u00d832 mm. Water connection"},"content":{"rendered":"","protected":false},"excerpt":{"rendered":"<p>\u00d832 mm. Water connection<\/p>\n<p>A 178 mm<br \/>\nB 55 mm<br \/>\nC 32 mm<br \/>\nD 3\/8 BSP<\/p>\n","protected":false},"featured_media":44996,"comment_status":"open","ping_status":"closed","template":"","meta":[],"location":[3906],"product_brand":[],"product_cat":[3340,3344],"product_tag":[],"class_list":{"0":"post-45234","1":"product","2":"type-product","3":"status-publish","4":"has-post-thumbnail","6":"location-dintra","7":"product_cat-oilcooler-en","8":"product_cat-single-oilcooler","9":"product_shipping_class-parcel-0-10-kg","11":"first","12":"instock","13":"taxable","14":"shipping-taxable","15":"purchasable","16":"product-type-simple"},"group_of_quantity":0,"min_quantity":0,"max_quantity":"","exclude_order_quantity_value_rules":"no","exclude_category_quantity_rules":"no","combine_variations":"no","locations":[{"id":3906,"name":"Dintra","slug":"dintra","quantity":""}],"_links":{"self":[{"href":"https:\/\/ab-marineservice.com\/en\/wp-json\/wp\/v2\/product\/45234","targetHints":{"allow":["GET"]}}],"collection":[{"href":"https:\/\/ab-marineservice.com\/en\/wp-json\/wp\/v2\/product"}],"about":[{"href":"https:\/\/ab-marineservice.com\/en\/wp-json\/wp\/v2\/types\/product"}],"replies":[{"embeddable":true,"href":"https:\/\/ab-marineservice.com\/en\/wp-json\/wp\/v2\/comments?post=45234"}],"wp:featuredmedia":[{"embeddable":true,"href":"https:\/\/ab-marineservice.com\/en\/wp-json\/wp\/v2\/media\/44996"}],"wp:attachment":[{"href":"https:\/\/ab-marineservice.com\/en\/wp-json\/wp\/v2\/media?parent=45234"}],"wp:term":[{"taxonomy":"location","embeddable":true,"href":"https:\/\/ab-marineservice.com\/en\/wp-json\/wp\/v2\/location?post=45234"},{"taxonomy":"product_brand","embeddable":true,"href":"https:\/\/ab-marineservice.com\/en\/wp-json\/wp\/v2\/product_brand?post=45234"},{"taxonomy":"product_cat","embeddable":true,"href":"https:\/\/ab-marineservice.com\/en\/wp-json\/wp\/v2\/product_cat?post=45234"},{"taxonomy":"product_tag","embeddable":true,"href":"https:\/\/ab-marineservice.com\/en\/wp-json\/wp\/v2\/product_tag?post=45234"}],"curies":[{"name":"wp","href":"https:\/\/api.w.org\/{rel}","templated":true}]}}